{"id":10204,"date":"2024-02-14T17:12:09","date_gmt":"2024-02-14T17:12:09","guid":{"rendered":"https:\/\/mo-mo.gr\/product\/kuro-ryu-kinpaku-bag-%e9%bb%92%e9%be%8d%e9%87%91%e7%ae%94%e3%83%90%e3%83%83%e3%82%b0\/"},"modified":"2024-12-12T14:42:46","modified_gmt":"2024-12-12T14:42:46","slug":"kuro-ryu-kinpaku-bag-%e9%bb%92%e9%be%8d%e9%87%91%e7%ae%94%e3%83%90%e3%83%83%e3%82%b0","status":"publish","type":"product","link":"https:\/\/mo-mo.gr\/fr\/\u03c0\u03c1\u03bf\u03ca\u03cc\u03bd\u03c4\u03b1\/kuro-ryu-kinpaku-bag-%e9%bb%92%e9%be%8d%e9%87%91%e7%ae%94%e3%83%90%e3%83%83%e3%82%b0\/","title":{"rendered":"Sac Kuro Ryu Kinpaku \u9ed2\u9f8d\u91d1\u7b94\u30d0\u30c3\u30b0"},"content":{"rendered":"<p>Embrassez l'harmonie de l'esth\u00e9tique japonaise avec le sac Kuro Ryu Kinpaku. Ce sac japonais sophistiqu\u00e9 combine des tissus et des motifs traditionnels, donnant vie \u00e0 un magnifique sac \u00e0 bandouli\u00e8re japonais qui respire l'originalit\u00e9 et l'\u00e9l\u00e9gance. Fabriqu\u00e9 avec le souci du d\u00e9tail, la grue repr\u00e9sent\u00e9e dans le motif repr\u00e9sente l'ancienne tradition japonaise du bonheur et de la long\u00e9vit\u00e9.<\/p>\n<p>Le sac Kuro Ryu Kinpaku dispose d'un int\u00e9rieur spacieux pour ranger tous vos objets essentiels, tandis que son look \u00e9l\u00e9gant et son design unique en font un choix id\u00e9al pour toutes les occasions. Que vous l'utilisiez tous les jours ou lors d'occasions sp\u00e9ciales, ce sac japonais ajoutera une touche de charme sophistiqu\u00e9 et d'originalit\u00e9 \u00e0 votre style.<\/p>","protected":false},"excerpt":{"rendered":"<p>Donnez vie \u00e0 votre style avec le sac Kuro Ryu Kinpaku, un authentique sac japonais qui combine des tissus japonais uniques et un design esth\u00e9tique. Ce sac sophistiqu\u00e9 pr\u00e9sente un motif japonais classique : la grue, qui symbolise l'\u00e9l\u00e9gance et l'harmonie \u00e9ternelles de la culture japonaise. Fabriqu\u00e9 \u00e0 partir de mat\u00e9riaux de qualit\u00e9, ce sac enveloppe est parfait pour toutes les occasions, ajoutant une touche d'originalit\u00e9 et d'\u00e9l\u00e9gance \u00e0 n'importe quel look.<\/p>\n<p>100% sac fait main !<\/p>\n<p>Dimensions : 32*20 et profondeur 8 cm<\/p>","protected":false},"featured_media":11914,"comment_status":"open","ping_status":"open","template":"","meta":{"_gspb_post_css":""},"product_brand":[],"product_cat":[65],"product_tag":[],"class_list":{"0":"post-10204","1":"product","2":"type-product","3":"status-publish","4":"has-post-thumbnail","6":"product_cat-65","8":"first","9":"onbackorder","10":"taxable","11":"shipping-taxable","12":"purchasable","13":"product-type-simple"},"_links":{"self":[{"href":"https:\/\/mo-mo.gr\/fr\/wp-json\/wp\/v2\/product\/10204","targetHints":{"allow":["GET"]}}],"collection":[{"href":"https:\/\/mo-mo.gr\/fr\/wp-json\/wp\/v2\/product"}],"about":[{"href":"https:\/\/mo-mo.gr\/fr\/wp-json\/wp\/v2\/types\/product"}],"replies":[{"embeddable":true,"href":"https:\/\/mo-mo.gr\/fr\/wp-json\/wp\/v2\/comments?post=10204"}],"wp:featuredmedia":[{"embeddable":true,"href":"https:\/\/mo-mo.gr\/fr\/wp-json\/wp\/v2\/media\/11914"}],"wp:attachment":[{"href":"https:\/\/mo-mo.gr\/fr\/wp-json\/wp\/v2\/media?parent=10204"}],"wp:term":[{"taxonomy":"product_brand","embeddable":true,"href":"https:\/\/mo-mo.gr\/fr\/wp-json\/wp\/v2\/product_brand?post=10204"},{"taxonomy":"product_cat","embeddable":true,"href":"https:\/\/mo-mo.gr\/fr\/wp-json\/wp\/v2\/product_cat?post=10204"},{"taxonomy":"product_tag","embeddable":true,"href":"https:\/\/mo-mo.gr\/fr\/wp-json\/wp\/v2\/product_tag?post=10204"}],"curies":[{"name":"wp","href":"https:\/\/api.w.org\/{rel}","templated":true}]}}