{"id":10178,"date":"2024-02-09T19:13:38","date_gmt":"2024-02-09T19:13:38","guid":{"rendered":"https:\/\/mo-mo.gr\/product\/flap-bag-brocade-floral\/"},"modified":"2024-12-12T14:42:27","modified_gmt":"2024-12-12T14:42:27","slug":"sac-a-rabat-brocart-floral","status":"publish","type":"product","link":"https:\/\/mo-mo.gr\/fr\/\u03c0\u03c1\u03bf\u03ca\u03cc\u03bd\u03c4\u03b1\/flap-bag-brocade-floral\/","title":{"rendered":"SAC \u00c0 RABAT BROCART FLORAL"},"content":{"rendered":"","protected":false},"excerpt":{"rendered":"<p>Sac \u00e0 rabat fait main.<\/p>\n<p>Tissu brocard \u00e0 th\u00e8me floral, doublure en toile matelass\u00e9e et pochette \u00e0 clip. Cha\u00eene et fermoir en bronze.<\/p>\n<p>Dimensions : Hauteur 24 Largeur 24 et Profondeur 10<\/p>","protected":false},"featured_media":11893,"comment_status":"open","ping_status":"open","template":"","meta":{"_gspb_post_css":""},"product_brand":[],"product_cat":[65],"product_tag":[],"class_list":{"0":"post-10178","1":"product","2":"type-product","3":"status-publish","4":"has-post-thumbnail","6":"product_cat-65","8":"first","9":"instock","10":"sale","11":"taxable","12":"shipping-taxable","13":"purchasable","14":"product-type-simple"},"_links":{"self":[{"href":"https:\/\/mo-mo.gr\/fr\/wp-json\/wp\/v2\/product\/10178","targetHints":{"allow":["GET"]}}],"collection":[{"href":"https:\/\/mo-mo.gr\/fr\/wp-json\/wp\/v2\/product"}],"about":[{"href":"https:\/\/mo-mo.gr\/fr\/wp-json\/wp\/v2\/types\/product"}],"replies":[{"embeddable":true,"href":"https:\/\/mo-mo.gr\/fr\/wp-json\/wp\/v2\/comments?post=10178"}],"wp:featuredmedia":[{"embeddable":true,"href":"https:\/\/mo-mo.gr\/fr\/wp-json\/wp\/v2\/media\/11893"}],"wp:attachment":[{"href":"https:\/\/mo-mo.gr\/fr\/wp-json\/wp\/v2\/media?parent=10178"}],"wp:term":[{"taxonomy":"product_brand","embeddable":true,"href":"https:\/\/mo-mo.gr\/fr\/wp-json\/wp\/v2\/product_brand?post=10178"},{"taxonomy":"product_cat","embeddable":true,"href":"https:\/\/mo-mo.gr\/fr\/wp-json\/wp\/v2\/product_cat?post=10178"},{"taxonomy":"product_tag","embeddable":true,"href":"https:\/\/mo-mo.gr\/fr\/wp-json\/wp\/v2\/product_tag?post=10178"}],"curies":[{"name":"wp","href":"https:\/\/api.w.org\/{rel}","templated":true}]}}