{"id":10163,"date":"2024-02-05T14:22:20","date_gmt":"2024-02-05T14:22:20","guid":{"rendered":"https:\/\/mo-mo.gr\/product\/%cf%83%ce%b5%cf%84-%ce%b3%ce%b9%ce%b1-%cf%83%ce%ac%ce%ba%ce%b5-%ce%bc%ce%b5-%ce%b9%ce%b1%cf%80%cf%89%ce%bd%ce%b9%ce%ba%ce%ac-%ce%bd%ce%bf%cf%8d%cf%86%ce%b1%cf%81%ce%b1\/"},"modified":"2026-04-02T21:05:12","modified_gmt":"2026-04-02T18:05:12","slug":"%cf%83%ce%b5%cf%84-%ce%b3%ce%b9%ce%b1-%cf%83%ce%ac%ce%ba%ce%b5-%ce%bc%ce%b5-%ce%b9%ce%b1%cf%80%cf%89%ce%bd%ce%b9%ce%ba%ce%ac-%ce%bd%ce%bf%cf%8d%cf%86%ce%b1%cf%81%ce%b1","status":"publish","type":"product","link":"https:\/\/mo-mo.gr\/fr\/\u03c0\u03c1\u03bf\u03ca\u03cc\u03bd\u03c4\u03b1\/%cf%83%ce%b5%cf%84-%ce%b3%ce%b9%ce%b1-%cf%83%ce%ac%ce%ba%ce%b5-%ce%bc%ce%b5-%ce%b9%ce%b1%cf%80%cf%89%ce%bd%ce%b9%ce%ba%ce%ac-%ce%bd%ce%bf%cf%8d%cf%86%ce%b1%cf%81%ce%b1\/","title":{"rendered":"Sake avec Nuphras japonais"},"content":{"rendered":"","protected":false},"excerpt":{"rendered":"<p>Set pour sak\u00e9 en argile fait \u00e0 la main, comprenant un pichet de 200 ml et deux verres. Chaque pi\u00e8ce est con\u00e7ue de mani\u00e8re unique, avec une surface repr\u00e9sentant deux n\u00e9nuphars, peints avec des lignes rouges, offrant une sensation de vivacit\u00e9 et de fra\u00eecheur. Le reste de la surface a \u00e9t\u00e9 d\u00e9cor\u00e9 selon une technique extr\u00eamement difficile qui permet de capturer la sensation de l'eau et de la rendre presque vivante. Ce set n'est pas seulement pratique pour d\u00e9guster du sak\u00e9, c'est aussi une \u0153uvre d'art qui peut d\u00e9corer n'importe quel espace. Il est parfait pour partager des moments agr\u00e9ables avec des amis et la famille ou comme cadeau pour les amoureux de la culture japonaise. Un ensemble vraiment unique qui allie tradition et esth\u00e9tique moderne.<\/p>","protected":false},"featured_media":11881,"comment_status":"open","ping_status":"open","template":"","meta":{"_gspb_post_css":""},"product_brand":[],"product_cat":[69],"product_tag":[],"class_list":{"0":"post-10163","1":"product","2":"type-product","3":"status-publish","4":"has-post-thumbnail","6":"product_cat-69","7":"pa_-79","9":"first","10":"outofstock","11":"taxable","12":"shipping-taxable","13":"purchasable","14":"product-type-simple"},"_links":{"self":[{"href":"https:\/\/mo-mo.gr\/fr\/wp-json\/wp\/v2\/product\/10163","targetHints":{"allow":["GET"]}}],"collection":[{"href":"https:\/\/mo-mo.gr\/fr\/wp-json\/wp\/v2\/product"}],"about":[{"href":"https:\/\/mo-mo.gr\/fr\/wp-json\/wp\/v2\/types\/product"}],"replies":[{"embeddable":true,"href":"https:\/\/mo-mo.gr\/fr\/wp-json\/wp\/v2\/comments?post=10163"}],"wp:featuredmedia":[{"embeddable":true,"href":"https:\/\/mo-mo.gr\/fr\/wp-json\/wp\/v2\/media\/11881"}],"wp:attachment":[{"href":"https:\/\/mo-mo.gr\/fr\/wp-json\/wp\/v2\/media?parent=10163"}],"wp:term":[{"taxonomy":"product_brand","embeddable":true,"href":"https:\/\/mo-mo.gr\/fr\/wp-json\/wp\/v2\/product_brand?post=10163"},{"taxonomy":"product_cat","embeddable":true,"href":"https:\/\/mo-mo.gr\/fr\/wp-json\/wp\/v2\/product_cat?post=10163"},{"taxonomy":"product_tag","embeddable":true,"href":"https:\/\/mo-mo.gr\/fr\/wp-json\/wp\/v2\/product_tag?post=10163"}],"curies":[{"name":"wp","href":"https:\/\/api.w.org\/{rel}","templated":true}]}}