{"id":10061,"date":"2024-01-09T11:04:46","date_gmt":"2024-01-09T11:04:46","guid":{"rendered":"https:\/\/mo-mo.gr\/product\/kiku-tote-bag-in-black\/"},"modified":"2026-04-02T20:04:57","modified_gmt":"2026-04-02T17:04:57","slug":"sac-fourre-tout-kiku-en-noir","status":"publish","type":"product","link":"https:\/\/mo-mo.gr\/fr\/\u03c0\u03c1\u03bf\u03ca\u03cc\u03bd\u03c4\u03b1\/kiku-tote-bag-in-black\/","title":{"rendered":"Sac fourre-tout Kiku"},"content":{"rendered":"<div class=\"woocommerce-product-details__short-description\">\n<p>Le chrysanth\u00e8me japonais, connu sous le nom de \"kiku\", rev\u00eat une signification profonde et pr\u00e9cieuse dans la culture japonaise. Symbole de long\u00e9vit\u00e9, de chance et d'honneur, il relie le peuple japonais aux valeurs de r\u00e9silience et de bonheur. Les Japonais c\u00e9l\u00e8brent le festival du chrysanth\u00e8me en avril, d\u00e9diant cette fleur \u00e0 la reconnaissance et au respect des personnes \u00e2g\u00e9es. Chaque vari\u00e9t\u00e9 ayant une signification diff\u00e9rente, le chrysanth\u00e8me repr\u00e9sente un riche h\u00e9ritage, expression fascinante de la philosophie et de l'esprit japonais profonds.<\/p>\n<\/div>\n<p>Une ancienne l\u00e9gende sur le chrysanth\u00e8me japonais raconte l'histoire d'une jeune princesse, Kiku, qui vivait dans un royaume lointain. Kiku, dont la beaut\u00e9 refl\u00e9tait l'\u00e9clat du soleil, \u00e9tait \u00e9galement connue pour sa bont\u00e9 d'\u00e2me et sa sagesse.<\/p>\n<p>Un voyageur inconnu arriva au royaume de Kiku, apportant avec lui un petit chrysanth\u00e8me effray\u00e9. Cette fleur, belle mais inconnue des fleurs environnantes, avait \u00e9t\u00e9 \u00e9lev\u00e9e avec soin et amour par le voyageur.<\/p>\n<p>Kiku, impressionn\u00e9 par cette fleur brillante mais curieuse, commen\u00e7a \u00e0 s'en occuper avec d\u00e9votion. Chaque jour, la fleur poussait de nouvelles feuilles et de nouvelles fleurs qui irradiaient une lumi\u00e8re particuli\u00e8re. Kiku surprit tout le monde par la fa\u00e7on dont elle fit rayonner cette fleur unique dans le jardin de son palais.<\/p>\n<p>Un jour, le voyageur a r\u00e9v\u00e9l\u00e9 la v\u00e9rit\u00e9 : le chrysanth\u00e8me \u00e9tait un miracle, un cadeau des dieux qui apportait chance et bonheur. Depuis lors, le chrysanth\u00e8me est devenu un symbole d'espoir et d'optimisme pour le royaume de Kiku, illuminant la vie des gens par sa beaut\u00e9 et son myst\u00e8re. Et depuis ce jour, le chrysanth\u00e8me japonais repr\u00e9sente la bonne fortune, la b\u00e9n\u00e9diction et la beaut\u00e9 illimit\u00e9e dans tous les coins du royaume.<\/p>","protected":false},"excerpt":{"rendered":"<p>KIKU TOTE BAG un sac fourre-tout confortable et utile. Inspir\u00e9 de l'esth\u00e9tique japonaise, ce sac fourre-tout allie praticit\u00e9 et \u00e9l\u00e9gance. Ses lignes \u00e9pur\u00e9es et son motif unique mettent en valeur la beaut\u00e9 de l'art et de la tradition japonaise. Qu'il s'agisse d'une promenade d\u00e9contract\u00e9e en ville ou du transport d'objets quotidiens, le sac fourre-tout de style japonais fait ressortir votre personnalit\u00e9 sophistiqu\u00e9e et ajoute un sens de l'\u00e9l\u00e9gance et de l'authenticit\u00e9 \u00e0 chaque look.<\/p>\n<p>Design inspir\u00e9 du chrysanth\u00e8me japonais <strong><b><span title=\"Texte en japonais\"><span lang=\"ja\">\u83ca\u7d0b<\/span><\/span><\/b><\/strong>Il s'agit d'un symbole de long\u00e9vit\u00e9, de chance et d'honneur.<\/p>\n<p>- 100% coton \/ OEKO TEX STANDARD 100<\/p>\n<p>- Non sp\u00e9cifique au sexe<\/p>\n<p>- Conception originale par @raynedarren<\/p>","protected":false},"featured_media":11864,"comment_status":"open","ping_status":"closed","template":"","meta":{"_gspb_post_css":""},"product_brand":[],"product_cat":[76],"product_tag":[],"class_list":{"0":"post-10061","1":"product","2":"type-product","3":"status-publish","4":"has-post-thumbnail","6":"product_cat-totes","7":"pa_-85","9":"first","10":"instock","11":"taxable","12":"shipping-taxable","13":"purchasable","14":"product-type-simple"},"_links":{"self":[{"href":"https:\/\/mo-mo.gr\/fr\/wp-json\/wp\/v2\/product\/10061","targetHints":{"allow":["GET"]}}],"collection":[{"href":"https:\/\/mo-mo.gr\/fr\/wp-json\/wp\/v2\/product"}],"about":[{"href":"https:\/\/mo-mo.gr\/fr\/wp-json\/wp\/v2\/types\/product"}],"replies":[{"embeddable":true,"href":"https:\/\/mo-mo.gr\/fr\/wp-json\/wp\/v2\/comments?post=10061"}],"wp:featuredmedia":[{"embeddable":true,"href":"https:\/\/mo-mo.gr\/fr\/wp-json\/wp\/v2\/media\/11864"}],"wp:attachment":[{"href":"https:\/\/mo-mo.gr\/fr\/wp-json\/wp\/v2\/media?parent=10061"}],"wp:term":[{"taxonomy":"product_brand","embeddable":true,"href":"https:\/\/mo-mo.gr\/fr\/wp-json\/wp\/v2\/product_brand?post=10061"},{"taxonomy":"product_cat","embeddable":true,"href":"https:\/\/mo-mo.gr\/fr\/wp-json\/wp\/v2\/product_cat?post=10061"},{"taxonomy":"product_tag","embeddable":true,"href":"https:\/\/mo-mo.gr\/fr\/wp-json\/wp\/v2\/product_tag?post=10061"}],"curies":[{"name":"wp","href":"https:\/\/api.w.org\/{rel}","templated":true}]}}