{"id":10056,"date":"2024-01-09T11:02:46","date_gmt":"2024-01-09T11:02:46","guid":{"rendered":"https:\/\/mo-mo.gr\/product\/fuji-tote-bag\/"},"modified":"2026-04-02T20:05:58","modified_gmt":"2026-04-02T17:05:58","slug":"sac-fourre-tout-fuji-2","status":"publish","type":"product","link":"https:\/\/mo-mo.gr\/fr\/\u03c0\u03c1\u03bf\u03ca\u03cc\u03bd\u03c4\u03b1\/fuji-tote-bag\/","title":{"rendered":"Fourre-tout Fuji"},"content":{"rendered":"<p>La fleur de Fuji, \u00e9galement connue sous le nom de glycine, a une signification profonde et importante dans la culture japonaise. Cette fleur repr\u00e9sente l'esth\u00e9tique, la beaut\u00e9 int\u00e9rieure et l'harmonie entre la vie humaine et la nature.<\/p>\n<p>La glycine exprime le sens de la beaut\u00e9 quotidienne, du bonheur int\u00e9rieur et de la jouissance de l'harmonie naturelle. La beaut\u00e9 de la fleur repr\u00e9sente \u00e9galement la simplicit\u00e9, l'humilit\u00e9 et la compr\u00e9hension de la beaut\u00e9 que l'on peut trouver dans les moments simples et naturels.<\/p>\n<p>En outre, dans la culture japonaise, la fleur de Fuji est souvent associ\u00e9e \u00e0 l'harmonie de la famille, \u00e0 l'unit\u00e9 et \u00e0 la coexistence humaine. Les Japonais consid\u00e8rent la fleur comme un symbole de prosp\u00e9rit\u00e9, de paix int\u00e9rieure et d'optimisme, affirmant que la beaut\u00e9 peut inspirer l'espoir et la joie dans notre vie quotidienne.<\/p>\n<p>La glycine pourpre symbolise la beaut\u00e9 noble, la paix int\u00e9rieure et l'harmonie, soulignant la valeur de la patience et l'esth\u00e9tique de la simplicit\u00e9. Avec sa couleur violette caract\u00e9ristique, cette fleur apporte un sentiment de myst\u00e8re et de beaut\u00e9 onirique.<\/p>","protected":false},"excerpt":{"rendered":"<p>FUJI TOTE BAG un sac fourre-tout confortable et utile. Inspir\u00e9 de l'esth\u00e9tique japonaise, ce sac fourre-tout allie praticit\u00e9 et \u00e9l\u00e9gance. Ses lignes \u00e9pur\u00e9es et son motif unique mettent en valeur la beaut\u00e9 de l'art et de la tradition japonaise. Qu'il s'agisse d'une promenade d\u00e9contract\u00e9e en ville ou du transport d'objets quotidiens, le sac fourre-tout de style japonais fait ressortir votre personnalit\u00e9 sophistiqu\u00e9e et ajoute un sentiment d'\u00e9l\u00e9gance et d'authenticit\u00e9 \u00e0 tous vos looks.<\/p>\n<p>Le design inspir\u00e9 de la glycine japonaise \u85e4, au charme myst\u00e9rieux, repr\u00e9sente l'esth\u00e9tique de la nature japonaise et la paix int\u00e9rieure, parvenant \u00e0 exprimer la beaut\u00e9 et l'harmonie du monde qui l'entoure.<\/p>\n<p>- 100% coton \/ OEKO TEX STANDARD 100<\/p>\n<p>- Non sp\u00e9cifique au sexe<\/p>\n<p>- Conception originale par @raynedarren<\/p>","protected":false},"featured_media":11860,"comment_status":"open","ping_status":"closed","template":"","meta":{"_gspb_post_css":""},"product_brand":[],"product_cat":[76],"product_tag":[],"class_list":{"0":"post-10056","1":"product","2":"type-product","3":"status-publish","4":"has-post-thumbnail","6":"product_cat-totes","7":"pa_-85","9":"first","10":"instock","11":"taxable","12":"shipping-taxable","13":"purchasable","14":"product-type-simple"},"_links":{"self":[{"href":"https:\/\/mo-mo.gr\/fr\/wp-json\/wp\/v2\/product\/10056","targetHints":{"allow":["GET"]}}],"collection":[{"href":"https:\/\/mo-mo.gr\/fr\/wp-json\/wp\/v2\/product"}],"about":[{"href":"https:\/\/mo-mo.gr\/fr\/wp-json\/wp\/v2\/types\/product"}],"replies":[{"embeddable":true,"href":"https:\/\/mo-mo.gr\/fr\/wp-json\/wp\/v2\/comments?post=10056"}],"wp:featuredmedia":[{"embeddable":true,"href":"https:\/\/mo-mo.gr\/fr\/wp-json\/wp\/v2\/media\/11860"}],"wp:attachment":[{"href":"https:\/\/mo-mo.gr\/fr\/wp-json\/wp\/v2\/media?parent=10056"}],"wp:term":[{"taxonomy":"product_brand","embeddable":true,"href":"https:\/\/mo-mo.gr\/fr\/wp-json\/wp\/v2\/product_brand?post=10056"},{"taxonomy":"product_cat","embeddable":true,"href":"https:\/\/mo-mo.gr\/fr\/wp-json\/wp\/v2\/product_cat?post=10056"},{"taxonomy":"product_tag","embeddable":true,"href":"https:\/\/mo-mo.gr\/fr\/wp-json\/wp\/v2\/product_tag?post=10056"}],"curies":[{"name":"wp","href":"https:\/\/api.w.org\/{rel}","templated":true}]}}