{"id":10050,"date":"2024-01-09T11:00:50","date_gmt":"2024-01-09T11:00:50","guid":{"rendered":"https:\/\/mo-mo.gr\/product\/sakura-tote-bag\/"},"modified":"2026-04-02T20:10:12","modified_gmt":"2026-04-02T17:10:12","slug":"sac-fourre-tout-sakura","status":"publish","type":"product","link":"https:\/\/mo-mo.gr\/fr\/\u03c0\u03c1\u03bf\u03ca\u03cc\u03bd\u03c4\u03b1\/sakura-tote-bag\/","title":{"rendered":"Sac fourre-tout Sakura"},"content":{"rendered":"<p>Sakura, ou le cerisier en fleurs, est un symbole important dans la culture japonaise. La fleur de cerisier symbolise la beaut\u00e9, la jeunesse et le caract\u00e8re \u00e9ph\u00e9m\u00e8re de la vie. Sa floraison \u00e9ph\u00e9m\u00e8re symbolise l'impermanence et le changement, car les fleurs de cerisier fleurissent g\u00e9n\u00e9ralement pendant quelques semaines et tombent ensuite.<\/p>\n<p>\u0393\u03b9\u03b1 \u03c4\u03bf\u03c5\u03c2 \u0399\u03ac\u03c0\u03c9\u03bd\u03b5\u03c2, \u03b7 Sakura \u03b5\u03af\u03bd\u03b1\u03b9 \u03b5\u03c0\u03af\u03c3\u03b7\u03c2 \u03c3\u03c5\u03bd\u03b4\u03b5\u03b4\u03b5\u03bc\u03ad\u03bd\u03b7 \u03bc\u03b5 \u03c4\u03b7\u03bd \u03ad\u03bd\u03bd\u03bf\u03b9\u03b1 \u03c4\u03b7\u03c2 \u03b5\u03c6\u03b7\u03b2\u03b5\u03af\u03b1\u03c2, \u03c4\u03b7\u03c2 \u03bd\u03b9\u03cc\u03c4\u03b7\u03c2 \u03ba\u03b1\u03b9 \u03c4\u03b7\u03c2 \u03bf\u03bc\u03bf\u03c1\u03c6\u03b9\u03ac\u03c2 \u03c0\u03bf\u03c5 \u03b4\u03b9\u03b1\u03c1\u03ba\u03b5\u03af \u03b3\u03b9\u03b1 \u03bc\u03b9\u03b1 \u03c3\u03cd\u03bd\u03c4\u03bf\u03bc\u03b7 \u03c0\u03b5\u03c1\u03af\u03bf\u03b4\u03bf. \u0397 \u03c0\u03b1\u03c1\u03b1\u03ba\u03bf\u03bb\u03bf\u03cd\u03b8\u03b7\u03c3\u03b7 \u03c4\u03b7\u03c2 \u03ac\u03bd\u03b8\u03b9\u03c3\u03b7\u03c2 \u03ba\u03b1\u03b9 \u03c4\u03b7\u03c2 \u03c0\u03c4\u03ce\u03c3\u03b7\u03c2 \u03c4\u03c9\u03bd \u03b1\u03bd\u03b8\u03ce\u03bd \u03c4\u03b7\u03c2 \u03ba\u03b5\u03c1\u03b1\u03c3\u03b9\u03ac\u03c2, \u03c3\u03b5 \u03bc\u03b9\u03b1 \u03c4\u03b5\u03bb\u03b5\u03c4\u03bf\u03c5\u03c1\u03b3\u03b9\u03ba\u03ae \u03c0\u03c1\u03ac\u03be\u03b7 \u03c0\u03bf\u03c5 \u03bf\u03bd\u03bf\u03bc\u03ac\u03b6\u03b5\u03c4\u03b1\u03b9 &#8220;Hanami&#8221;, \u03b5\u03af\u03bd\u03b1\u03b9 \u03bc\u03b9\u03b1 \u03c0\u03b1\u03c1\u03ac\u03b4\u03bf\u03c3\u03b7 \u03c0\u03bf\u03c5 \u03c7\u03b1\u03c1\u03b1\u03ba\u03c4\u03b7\u03c1\u03af\u03b6\u03b5\u03b9 \u03c4\u03b7\u03bd \u03b1\u03c0\u03cc\u03bb\u03b1\u03c5\u03c3\u03b7 \u03c4\u03b7\u03c2 \u03c6\u03b5\u03c5\u03b3\u03b1\u03bb\u03ad\u03b1\u03c2 \u03bf\u03bc\u03bf\u03c1\u03c6\u03b9\u03ac\u03c2 \u03ba\u03b1\u03b9 \u03c4\u03b7\u03c2 \u03c3\u03b7\u03bc\u03b1\u03c3\u03af\u03b1\u03c2 \u03c4\u03b7\u03c2 \u03c3\u03c4\u03b7\u03bd \u03b9\u03b1\u03c0\u03c9\u03bd\u03b9\u03ba\u03ae \u03ba\u03bf\u03c5\u03bb\u03c4\u03bf\u03cd\u03c1\u03b1. \u03a4\u03b1\u03c5\u03c4\u03cc\u03c7\u03c1\u03bf\u03bd\u03b1, \u03b7 Sakura \u03b1\u03bd\u03c4\u03b9\u03c0\u03c1\u03bf\u03c3\u03c9\u03c0\u03b5\u03cd\u03b5\u03b9 \u03c4\u03b7\u03bd \u03b1\u03bd\u03b1\u03bd\u03ad\u03c9\u03c3\u03b7, \u03c4\u03b7\u03bd \u03b5\u03bb\u03c0\u03af\u03b4\u03b1 \u03ba\u03b1\u03b9 \u03c4\u03b7\u03bd \u03b1\u03c1\u03c7\u03ae \u03b5\u03bd\u03cc\u03c2 \u03bd\u03ad\u03bf\u03c5 \u03ba\u03cd\u03ba\u03bb\u03bf\u03c5 \u03b6\u03c9\u03ae\u03c2.<\/p>","protected":false},"excerpt":{"rendered":"<p>SAKURA TOTE BAG un sac fourre-tout confortable et utile. Le sac fourre-tout, inspir\u00e9 de l'esth\u00e9tique japonaise, allie praticit\u00e9 et \u00e9l\u00e9gance. Ses lignes \u00e9pur\u00e9es et son motif unique soulignent la beaut\u00e9 de l'art et de la tradition japonaise. Qu'il s'agisse d'une promenade d\u00e9contract\u00e9e en ville ou du transport d'objets quotidiens, le sac fourre-tout de style japonais fait ressortir votre personnalit\u00e9 sophistiqu\u00e9e et ajoute un sentiment d'\u00e9l\u00e9gance et d'authenticit\u00e9 \u00e0 tous vos looks.<\/p>\n<p>Design inspir\u00e9 du cerisier japonais en fleurs <b>\u685c<\/b>embl\u00e8me de l'art et de la culture japonaise, symbole de la beaut\u00e9, de la jeunesse, mais aussi du caract\u00e8re \u00e9ph\u00e9m\u00e8re de la vie.<\/p>\n<p>- 100% coton \/ OEKO TEX STANDARD 100<\/p>\n<p>- Non sp\u00e9cifique au sexe<\/p>\n<p>- Conception originale par @raynedarren<\/p>","protected":false},"featured_media":11855,"comment_status":"open","ping_status":"closed","template":"","meta":{"_gspb_post_css":""},"product_brand":[],"product_cat":[76],"product_tag":[],"class_list":{"0":"post-10050","1":"product","2":"type-product","3":"status-publish","4":"has-post-thumbnail","6":"product_cat-totes","7":"pa_-85","9":"first","10":"instock","11":"taxable","12":"shipping-taxable","13":"purchasable","14":"product-type-simple"},"_links":{"self":[{"href":"https:\/\/mo-mo.gr\/fr\/wp-json\/wp\/v2\/product\/10050","targetHints":{"allow":["GET"]}}],"collection":[{"href":"https:\/\/mo-mo.gr\/fr\/wp-json\/wp\/v2\/product"}],"about":[{"href":"https:\/\/mo-mo.gr\/fr\/wp-json\/wp\/v2\/types\/product"}],"replies":[{"embeddable":true,"href":"https:\/\/mo-mo.gr\/fr\/wp-json\/wp\/v2\/comments?post=10050"}],"wp:featuredmedia":[{"embeddable":true,"href":"https:\/\/mo-mo.gr\/fr\/wp-json\/wp\/v2\/media\/11855"}],"wp:attachment":[{"href":"https:\/\/mo-mo.gr\/fr\/wp-json\/wp\/v2\/media?parent=10050"}],"wp:term":[{"taxonomy":"product_brand","embeddable":true,"href":"https:\/\/mo-mo.gr\/fr\/wp-json\/wp\/v2\/product_brand?post=10050"},{"taxonomy":"product_cat","embeddable":true,"href":"https:\/\/mo-mo.gr\/fr\/wp-json\/wp\/v2\/product_cat?post=10050"},{"taxonomy":"product_tag","embeddable":true,"href":"https:\/\/mo-mo.gr\/fr\/wp-json\/wp\/v2\/product_tag?post=10050"}],"curies":[{"name":"wp","href":"https:\/\/api.w.org\/{rel}","templated":true}]}}