{"id":10033,"date":"2024-01-08T22:00:38","date_gmt":"2024-01-08T22:00:38","guid":{"rendered":"https:\/\/mo-mo.gr\/product\/japanese-t-shirt-himawari\/"},"modified":"2024-12-12T14:48:43","modified_gmt":"2024-12-12T14:48:43","slug":"t-shirt-japonais-himawari","status":"publish","type":"product","link":"https:\/\/mo-mo.gr\/fr\/\u03c0\u03c1\u03bf\u03ca\u03cc\u03bd\u03c4\u03b1\/japanese-t-shirt-himawari\/","title":{"rendered":"T-SHIRT JAPONAIS HIMAWARI"},"content":{"rendered":"<p>\u039f \u03b9\u03b1\u03c0\u03c9\u03bd\u03b9\u03ba\u03cc\u03c2 \u03b7\u03bb\u03af\u03b1\u03bd\u03b8\u03bf\u03c2, \u03b3\u03bd\u03c9\u03c3\u03c4\u03cc\u03c2 \u03c9\u03c2 &#8220;himawari \u5411\u65e5\u8475&#8221;, \u03b1\u03c0\u03bf\u03c4\u03b5\u03bb\u03b5\u03af \u03bc\u03b9\u03b1 \u03b1\u03b3\u03b1\u03c0\u03b7\u03bc\u03ad\u03bd\u03b7 \u03b5\u03c0\u03b9\u03bb\u03bf\u03b3\u03ae \u03c0\u03bf\u03c5 \u03b1\u03ba\u03c4\u03b9\u03bd\u03bf\u03b2\u03bf\u03bb\u03b5\u03af \u03bc\u03b5 \u03c4\u03b7 \u03bb\u03ac\u03bc\u03c8\u03b7 \u03c4\u03bf\u03c5 \u03ae\u03bb\u03b9\u03bf\u03c5. \u039c\u03b5 \u03c4\u03b1 \u03c6\u03c9\u03c4\u03b5\u03b9\u03bd\u03ac \u03c4\u03bf\u03c5 \u03c0\u03ad\u03c4\u03b1\u03bb\u03b1 \u03c0\u03bf\u03c5 \u03b1\u03ba\u03bf\u03bb\u03bf\u03c5\u03b8\u03bf\u03cd\u03bd \u03c4\u03b7\u03bd \u03c0\u03bf\u03c1\u03b5\u03af\u03b1 \u03c4\u03bf\u03c5 \u03ae\u03bb\u03b9\u03bf\u03c5 \u03ba\u03b1\u03b9 \u03c4\u03b7\u03bd \u03b1\u03b9\u03c3\u03b9\u03cc\u03b4\u03bf\u03be\u03b7 \u03b5\u03bc\u03c6\u03ac\u03bd\u03b9\u03c3\u03b7, \u03b1\u03c5\u03c4\u03cc \u03c4\u03bf \u03bb\u03bf\u03c5\u03bb\u03bf\u03cd\u03b4\u03b9 \u03c3\u03c5\u03bc\u03b2\u03bf\u03bb\u03af\u03b6\u03b5\u03b9 \u03c4\u03b7 \u03c7\u03b1\u03c1\u03ac, \u03c4\u03b7 \u03c6\u03c9\u03c4\u03b5\u03b9\u03bd\u03cc\u03c4\u03b7\u03c4\u03b1 \u03ba\u03b1\u03b9 \u03c4\u03b7 \u03b8\u03b5\u03c4\u03b9\u03ba\u03ae \u03b5\u03bd\u03ad\u03c1\u03b3\u03b5\u03b9\u03b1. \u0397 \u03ba\u03b1\u03bb\u03bb\u03b9\u03ad\u03c1\u03b3\u03b5\u03b9\u03ac \u03c4\u03bf\u03c5 \u03c3\u03c4\u03bf\u03c5\u03c2 \u03b9\u03b1\u03c0\u03c9\u03bd\u03b9\u03ba\u03bf\u03cd\u03c2 \u03ba\u03ae\u03c0\u03bf\u03c5\u03c2 \u03b1\u03bd\u03c4\u03b9\u03c0\u03c1\u03bf\u03c3\u03c9\u03c0\u03b5\u03cd\u03b5\u03b9 \u03c4\u03b7\u03bd \u03bf\u03bc\u03bf\u03c1\u03c6\u03b9\u03ac \u03c4\u03b7\u03c2 \u03b1\u03c0\u03bb\u03cc\u03c4\u03b7\u03c4\u03b1\u03c2 \u03ba\u03b1\u03b9 \u03c4\u03b7\u03c2 \u03b5\u03bd\u03cc\u03c4\u03b7\u03c4\u03b1\u03c2 \u03bc\u03b5 \u03c4\u03b7 \u03c6\u03cd\u03c3\u03b7, \u03c0\u03c1\u03bf\u03c3\u03c6\u03ad\u03c1\u03bf\u03bd\u03c4\u03b1\u03c2 \u03ad\u03bd\u03b1\u03bd \u03b5\u03bd\u03b8\u03bf\u03c5\u03c3\u03b9\u03ce\u03b4\u03b7 \u03c7\u03b1\u03b9\u03c1\u03b5\u03c4\u03b9\u03c3\u03bc\u03cc \u03c3\u03c4\u03bf\u03bd \u03ae\u03bb\u03b9\u03bf \u03ba\u03b1\u03b9 \u03c3\u03c4\u03b7 \u03b6\u03c9\u03ae. \u039c\u03b5 \u03c4\u03bf \u03c7\u03c1\u03ce\u03bc\u03b1 \u03c4\u03bf\u03c5 \u03bd\u03b1 \u03c6\u03ad\u03c1\u03bd\u03b5\u03b9 \u03b1\u03b9\u03c3\u03b9\u03bf\u03b4\u03bf\u03be\u03af\u03b1 \u03ba\u03b1\u03b9 \u03b5\u03bb\u03c0\u03af\u03b4\u03b1, \u03bf \u03b9\u03b1\u03c0\u03c9\u03bd\u03b9\u03ba\u03cc\u03c2 \u03b7\u03bb\u03af\u03b1\u03bd\u03b8\u03bf\u03c2 \u03b5\u03af\u03bd\u03b1\u03b9 \u03ad\u03bd\u03b1 \u03b1\u03c0\u03cc \u03c4\u03b1 \u03c0\u03b9\u03bf \u03b5\u03ba\u03bb\u03b5\u03c0\u03c4\u03c5\u03c3\u03bc\u03ad\u03bd\u03b1 \u03ba\u03b1\u03b9 \u03c3\u03c5\u03bd\u03ac\u03bc\u03b1 \u03c6\u03c9\u03c4\u03b5\u03b9\u03bd\u03ac \u03c3\u03cd\u03bc\u03b2\u03bf\u03bb\u03b1 \u03c4\u03b7\u03c2 \u03c6\u03c5\u03c3\u03b9\u03ba\u03ae\u03c2 \u03bf\u03bc\u03bf\u03c1\u03c6\u03b9\u03ac\u03c2 \u03ba\u03b1\u03b9 \u03c4\u03b7\u03c2 \u03b1\u03b9\u03ce\u03bd\u03b9\u03b1\u03c2 \u03b1\u03b9\u03c3\u03b9\u03bf\u03b4\u03bf\u03be\u03af\u03b1\u03c2.<\/p>\n<div class=\"flex-1 overflow-hidden\">\n<div class=\"react-scroll-to-bottom--css-kcoal-79elbk h-full\">\n<div class=\"react-scroll-to-bottom--css-kcoal-1n7m0yu\">\n<div class=\"flex flex-col pb-9 text-sm\">\n<div class=\"w-full text-token-text-primary\" data-testid=\"conversation-turn-15\">\n<div class=\"px-4 py-2 justify-center text-base md:gap-6 m-auto\">\n<div class=\"flex flex-1 text-base mx-auto gap-3 md:px-5 lg:px-1 xl:px-5 md:max-w-3xl lg:max-w-[40rem] xl:max-w-[48rem] group final-completion\">\n<div class=\"relative flex w-full flex-col lg:w-[calc(100%-115px)] agent-turn\">\n<div class=\"flex-col gap-1 md:gap-3\">\n<div class=\"flex flex-grow flex-col max-w-full\">\n<div class=\"min-h-[20px] text-message flex flex-col items-start gap-3 whitespace-pre-wrap break-words [.text-message+&amp;]:mt-5 overflow-x-auto\" data-message-author-role=\"assistant\" data-message-id=\"b59d4970-5264-4891-928a-d9f05f4c6acc\">\n<div class=\"markdown prose w-full break-words dark:prose-invert light\">\n<p>\u039c\u03b9\u03b1 \u03c6\u03bf\u03c1\u03ac, \u03c3\u03b5 \u03ad\u03bd\u03b1 \u03bc\u03b1\u03ba\u03c1\u03b9\u03bd\u03cc \u03c7\u03c9\u03c1\u03b9\u03cc \u03c4\u03b7\u03c2 \u0399\u03b1\u03c0\u03c9\u03bd\u03af\u03b1\u03c2, \u03c5\u03c0\u03ae\u03c1\u03c7\u03b5 \u03ad\u03bd\u03b1\u03c2 \u03bd\u03b5\u03b1\u03c1\u03cc\u03c2 \u03bf\u03bd\u03cc\u03bc\u03b1\u03c4\u03b9 \u039a\u03b1\u03b6\u03bf\u03cd\u03ba\u03b9. \u039f \u039a\u03b1\u03b6\u03bf\u03cd\u03ba\u03b9 \u03ae\u03c4\u03b1\u03bd \u03ad\u03bd\u03b1\u03c2 \u03c0\u03b1\u03b9\u03b4\u03af\u03c1\u03b5\u03b9\u03bf\u03c2 \u03bf\u03bd\u03b5\u03b9\u03c1\u03bf\u03c0\u03cc\u03bb\u03bf\u03c2 \u03c0\u03bf\u03c5 \u03b1\u03b3\u03b1\u03c0\u03bf\u03cd\u03c3\u03b5 \u03bd\u03b1 \u03c0\u03b5\u03c1\u03b9\u03c0\u03bb\u03b1\u03bd\u03b9\u03ad\u03c4\u03b1\u03b9 \u03c3\u03c4\u03b1 \u03bb\u03b9\u03b2\u03ac\u03b4\u03b9\u03b1 \u03ba\u03b1\u03b9 \u03bd\u03b1 \u03c0\u03b1\u03c1\u03b1\u03c4\u03b7\u03c1\u03b5\u03af \u03c4\u03b7 \u03c6\u03cd\u03c3\u03b7.<\/p>\n<p>\u039c\u03b9\u03b1 \u03bc\u03ad\u03c1\u03b1, \u03ba\u03b1\u03b8\u03ce\u03c2 \u03c0\u03b5\u03c1\u03c0\u03b1\u03c4\u03bf\u03cd\u03c3\u03b5 \u03c3\u03c4\u03b7\u03bd \u03b5\u03be\u03bf\u03c7\u03ae, \u03b1\u03bd\u03b1\u03ba\u03ac\u03bb\u03c5\u03c8\u03b5 \u03ad\u03bd\u03b1 \u03c0\u03b1\u03bd\u03ad\u03bc\u03bf\u03c1\u03c6\u03bf \u03b7\u03bb\u03b9\u03ac\u03bd\u03b8\u03bf \u03c3\u03b5 \u03ad\u03bd\u03b1 \u03c0\u03b5\u03b4\u03af\u03bf. \u03a4\u03bf \u03bb\u03bf\u03c5\u03bb\u03bf\u03cd\u03b4\u03b9 \u03b1\u03c5\u03c4\u03cc \u03b4\u03b9\u03ad\u03c0\u03c1\u03b5\u03c0\u03b5 \u03bc\u03b5 \u03c4\u03bf \u03bb\u03b1\u03bc\u03c0\u03b5\u03c1\u03cc \u03c4\u03bf\u03c5 \u03ba\u03af\u03c4\u03c1\u03b9\u03bd\u03bf \u03c7\u03c1\u03ce\u03bc\u03b1 \u03ba\u03b1\u03b9 \u03c4\u03b7 \u03bc\u03bf\u03bd\u03b1\u03b4\u03b9\u03ba\u03ae \u03c4\u03bf\u03c5 \u03b5\u03bc\u03c6\u03ac\u03bd\u03b9\u03c3\u03b7 \u03c0\u03bf\u03c5 \u03b8\u03cd\u03bc\u03b9\u03b6\u03b5 \u03c4\u03bf\u03bd \u03ae\u03bb\u03b9\u03bf.<\/p>\n<p>\u039f \u039a\u03b1\u03b6\u03bf\u03cd\u03ba\u03b9, \u03b5\u03bd\u03b8\u03bf\u03c5\u03c3\u03b9\u03b1\u03c3\u03bc\u03ad\u03bd\u03bf\u03c2 \u03b1\u03c0\u03cc \u03c4\u03b7\u03bd \u03bf\u03bc\u03bf\u03c1\u03c6\u03b9\u03ac \u03c4\u03bf\u03c5, \u03b1\u03c0\u03bf\u03c6\u03ac\u03c3\u03b9\u03c3\u03b5 \u03bd\u03b1 \u03c6\u03c1\u03bf\u03bd\u03c4\u03af\u03b6\u03b5\u03b9 \u03b1\u03c5\u03c4\u03cc \u03c4\u03bf \u03bb\u03bf\u03c5\u03bb\u03bf\u03cd\u03b4\u03b9 \u03ba\u03b1\u03b8\u03b7\u03bc\u03b5\u03c1\u03b9\u03bd\u03ac. \u03a0\u03cc\u03c4\u03b9\u03b6\u03b5 \u03c4\u03bf \u03b7\u03bb\u03b9\u03ac\u03bd\u03b8\u03bf, \u03c4\u03bf \u03c0\u03b5\u03c1\u03b9\u03c0\u03bf\u03b9\u03bf\u03cd\u03bd\u03c4\u03b1\u03bd \u03bc\u03b5 \u03b1\u03b3\u03ac\u03c0\u03b7 \u03ba\u03b1\u03b9 \u03c4\u03bf\u03c5 \u03bc\u03af\u03bb\u03b1\u03b3\u03b5 \u03ba\u03b1\u03b8\u03ce\u03c2 \u03ad\u03b2\u03bb\u03b5\u03c0\u03b5 \u03c4\u03bf\u03bd \u03ba\u03cc\u03c3\u03bc\u03bf \u03b3\u03cd\u03c1\u03c9 \u03c4\u03bf\u03c5 \u03bd\u03b1 \u03b1\u03bb\u03bb\u03ac\u03b6\u03b5\u03b9.<\/p>\n<p>\u039a\u03b1\u03b8\u03ce\u03c2 \u03bf \u03c7\u03c1\u03cc\u03bd\u03bf\u03c2 \u03c0\u03b5\u03c1\u03bd\u03bf\u03cd\u03c3\u03b5, \u03c4\u03bf \u03b7\u03bb\u03b9\u03ac\u03bd\u03b8\u03bf \u03ad\u03b4\u03b5\u03b9\u03c7\u03bd\u03b5 \u03bd\u03b1 \u03b1\u03bd\u03b1\u03c0\u03c4\u03cd\u03c3\u03c3\u03b5\u03c4\u03b1\u03b9 \u03bc\u03b5 \u03bc\u03b9\u03b1 \u03bc\u03bf\u03bd\u03b1\u03b4\u03b9\u03ba\u03ae \u03bb\u03ac\u03bc\u03c8\u03b7. \u039f\u03b9 \u03c0\u03ad\u03c4\u03b1\u03bb\u03bf\u03af \u03c4\u03bf\u03c5 \u03c6\u03b1\u03b9\u03bd\u03cc\u03c4\u03b1\u03bd \u03bd\u03b1 \u03b1\u03ba\u03bf\u03bb\u03bf\u03c5\u03b8\u03bf\u03cd\u03bd \u03c4\u03b7\u03bd \u03ba\u03af\u03bd\u03b7\u03c3\u03b7 \u03c4\u03bf\u03c5 \u03ae\u03bb\u03b9\u03bf\u03c5 \u03ba\u03b1\u03b9 \u03bd\u03b1 \u03b1\u03bd\u03c4\u03b1\u03bd\u03b1\u03ba\u03bb\u03bf\u03cd\u03bd \u03c4\u03bf \u03c6\u03c9\u03c2 \u03bc\u03b5 \u03bc\u03b9\u03b1 \u03b9\u03b4\u03b9\u03b1\u03af\u03c4\u03b5\u03c1\u03b7 \u03b6\u03b5\u03c3\u03c4\u03b1\u03c3\u03b9\u03ac.<\/p>\n<p>\u0397 \u03c6\u03ae\u03bc\u03b7 \u03c4\u03bf\u03c5 \u03b7\u03bb\u03b9\u03ac\u03bd\u03b8\u03bf\u03c5 \u03c4\u03bf\u03c5 \u039a\u03b1\u03b6\u03bf\u03cd\u03ba\u03b9 \u03ac\u03c1\u03c7\u03b9\u03c3\u03b5 \u03bd\u03b1 \u03b5\u03be\u03b1\u03c0\u03bb\u03ce\u03bd\u03b5\u03c4\u03b1\u03b9 \u03c3\u03b5 \u03bf\u03bb\u03cc\u03ba\u03bb\u03b7\u03c1\u03bf \u03c4\u03bf \u03c7\u03c9\u03c1\u03b9\u03cc. \u039f\u03b9 \u03ac\u03bd\u03b8\u03c1\u03c9\u03c0\u03bf\u03b9 \u03ad\u03c1\u03c7\u03bf\u03bd\u03c4\u03b1\u03bd \u03bd\u03b1 \u03b8\u03b1\u03c5\u03bc\u03ac\u03c3\u03bf\u03c5\u03bd \u03c4\u03bf \u03bc\u03b1\u03b3\u03b5\u03c5\u03c4\u03b9\u03ba\u03cc \u03bb\u03bf\u03c5\u03bb\u03bf\u03cd\u03b4\u03b9 \u03c0\u03bf\u03c5 \u03c6\u03b1\u03af\u03bd\u03bf\u03bd\u03c4\u03b1\u03bd \u03bd\u03b1 \u03c6\u03c9\u03c4\u03af\u03b6\u03b5\u03b9 \u03c4\u03bf \u03c0\u03b5\u03b4\u03af\u03bf \u03bc\u03b5 \u03c4\u03b7 \u03bb\u03ac\u03bc\u03c8\u03b7 \u03c4\u03bf\u03c5.<\/p>\n<p>\u039f \u039a\u03b1\u03b6\u03bf\u03cd\u03ba\u03b9, \u03bc\u03ad\u03c3\u03b1 \u03b1\u03c0\u03cc \u03c4\u03bf\u03bd \u03b7\u03bb\u03b9\u03ac\u03bd\u03b8\u03bf \u03c0\u03bf\u03c5 \u03c6\u03c1\u03cc\u03bd\u03c4\u03b9\u03b6\u03b5 \u03bc\u03b5 \u03b1\u03b3\u03ac\u03c0\u03b7, \u03ad\u03bc\u03b1\u03b8\u03b5 \u03bd\u03b1 \u03b5\u03ba\u03c4\u03b9\u03bc\u03ac \u03c4\u03b7\u03bd \u03bf\u03bc\u03bf\u03c1\u03c6\u03b9\u03ac \u03c4\u03b7\u03c2 \u03c6\u03cd\u03c3\u03b7\u03c2 \u03ba\u03b1\u03b9 \u03c4\u03b7\u03c2 \u03b1\u03c6\u03bf\u03c3\u03af\u03c9\u03c3\u03b7\u03c2. \u039a\u03b1\u03b9 \u03c4\u03bf \u03bb\u03bf\u03c5\u03bb\u03bf\u03cd\u03b4\u03b9 \u03b1\u03c5\u03c4\u03cc, \u03bc\u03b5 \u03c4\u03b7\u03bd \u03b5\u03c5\u03bb\u03bf\u03b3\u03af\u03b1 \u03c4\u03bf\u03c5 \u03ae\u03bb\u03b9\u03bf\u03c5, \u03ad\u03b3\u03b9\u03bd\u03b5 \u03c3\u03cd\u03bc\u03b2\u03bf\u03bb\u03bf \u03b1\u03b3\u03ac\u03c0\u03b7\u03c2, \u03b5\u03bb\u03c0\u03af\u03b4\u03b1\u03c2 \u03ba\u03b1\u03b9 \u03c6\u03c1\u03bf\u03bd\u03c4\u03af\u03b4\u03b1\u03c2 \u03c3\u03b5 \u03cc\u03bb\u03bf \u03c4\u03bf \u03c7\u03c9\u03c1\u03b9\u03cc, \u03b4\u03af\u03bd\u03bf\u03bd\u03c4\u03b1\u03c2 \u03c3\u03b5 \u03cc\u03bb\u03bf\u03c5\u03c2 \u03b5\u03ba\u03b5\u03af\u03bd\u03bf\u03c5\u03c2 \u03c0\u03bf\u03c5 \u03c4\u03bf \u03b8\u03b1\u03cd\u03bc\u03b1\u03b6\u03b1\u03bd \u03bc\u03b9\u03b1 \u03b4\u03cc\u03c3\u03b7 \u03b1\u03b9\u03c3\u03b9\u03bf\u03b4\u03bf\u03be\u03af\u03b1\u03c2 \u03ba\u03b1\u03b9 \u03b5\u03c5\u03c4\u03c5\u03c7\u03af\u03b1\u03c2.<\/p>\n<\/div>\n<\/div>\n<\/div>\n<div class=\"mt-1 flex justify-start gap-3 empty:hidden\">\n<div class=\"text-gray-400 flex self-end lg:self-center justify-center lg:justify-start mt-0 -ml-1 visible\">\n<p>&nbsp;<\/p>\n<div class=\"flex\"><\/div>\n<div class=\"flex items-center gap-1.5 text-xs\"><\/div>\n<\/div>\n<\/div>\n<\/div>\n<\/div>\n<\/div>\n<\/div>\n<\/div>\n<\/div>\n<\/div>\n<\/div>\n<\/div>\n<div class=\"w-full pt-2 md:pt-0 dark:border-white\/20 md:border-transparent md:dark:border-transparent md:w-[calc(100%-.5rem)]\">\n<div class=\"relative flex h-full flex-1 items-stretch md:flex-col\">\n<div class=\"flex w-full items-center\"><\/div>\n<\/div>\n<\/div>\n","protected":false},"excerpt":{"rendered":"<p>T-SHIRT HIMAWARI un design unique de MOMO KIDOHO, inspir\u00e9 par le tournesol japonais, symbole de joie, de luminosit\u00e9 et d'\u00e9nergie positive.<\/p>\n<p>- 100% coton<\/p>\n<p>- Non sp\u00e9cifique au sexe<\/p>\n<p>- Conception originale par @raynedarren<\/p>","protected":false},"featured_media":11840,"comment_status":"open","ping_status":"open","template":"","meta":{"_gspb_post_css":""},"product_brand":[],"product_cat":[96],"product_tag":[],"class_list":{"0":"post-10033","1":"product","2":"type-product","3":"status-publish","4":"has-post-thumbnail","6":"product_cat-t-shirts","7":"pa_-large","8":"pa_-medium","9":"pa_-small","10":"pa_-xtra-large","11":"pa_-xtra-small","12":"pa_-xxl","13":"pa_-85","15":"first","16":"instock","17":"taxable","18":"shipping-taxable","19":"purchasable","20":"product-type-variable"},"_links":{"self":[{"href":"https:\/\/mo-mo.gr\/fr\/wp-json\/wp\/v2\/product\/10033","targetHints":{"allow":["GET"]}}],"collection":[{"href":"https:\/\/mo-mo.gr\/fr\/wp-json\/wp\/v2\/product"}],"about":[{"href":"https:\/\/mo-mo.gr\/fr\/wp-json\/wp\/v2\/types\/product"}],"replies":[{"embeddable":true,"href":"https:\/\/mo-mo.gr\/fr\/wp-json\/wp\/v2\/comments?post=10033"}],"wp:featuredmedia":[{"embeddable":true,"href":"https:\/\/mo-mo.gr\/fr\/wp-json\/wp\/v2\/media\/11840"}],"wp:attachment":[{"href":"https:\/\/mo-mo.gr\/fr\/wp-json\/wp\/v2\/media?parent=10033"}],"wp:term":[{"taxonomy":"product_brand","embeddable":true,"href":"https:\/\/mo-mo.gr\/fr\/wp-json\/wp\/v2\/product_brand?post=10033"},{"taxonomy":"product_cat","embeddable":true,"href":"https:\/\/mo-mo.gr\/fr\/wp-json\/wp\/v2\/product_cat?post=10033"},{"taxonomy":"product_tag","embeddable":true,"href":"https:\/\/mo-mo.gr\/fr\/wp-json\/wp\/v2\/product_tag?post=10033"}],"curies":[{"name":"wp","href":"https:\/\/api.w.org\/{rel}","templated":true}]}}