{"id":9491,"date":"2024-12-12T12:43:29","date_gmt":"2024-12-12T12:43:29","guid":{"rendered":"https:\/\/mo-mo.gr\/?page_id=9491"},"modified":"2024-12-17T21:08:19","modified_gmt":"2024-12-17T19:08:19","slug":"%cf%81%ce%b1%cf%86%ce%ae-%ce%b1%cf%83%ce%b9%ce%b1%cf%84%ce%b9%ce%ba%cf%8e%ce%bd-%ce%b5%ce%bd%ce%b4%cf%85%ce%bc%ce%ac%cf%84%cf%89%ce%bd","status":"publish","type":"page","link":"https:\/\/mo-mo.gr\/fr\/%cf%81%ce%b1%cf%86%ce%ae-%ce%b1%cf%83%ce%b9%ce%b1%cf%84%ce%b9%ce%ba%cf%8e%ce%bd-%ce%b5%ce%bd%ce%b4%cf%85%ce%bc%ce%ac%cf%84%cf%89%ce%bd\/","title":{"rendered":"Couture de v\u00eatements asiatiques"},"content":{"rendered":"<h2 id=\"gspb_heading-id-gsbp-52b3e19\" class=\"gspb_heading gspb_heading-id-gsbp-52b3e19\">Couture sur mesure \u00e0 l'esth\u00e9tique asiatique<\/h2>\n\n\n\n<div id=\"gspb_text-id-gsbp-7369c62\" class=\"gspb_text gspb_text-id-gsbp-7369c62\">Le service de couture sur mesure de MOMO KIDOHO associe l'esth\u00e9tique asiatique traditionnelle aux tendances de la mode moderne. Nous cr\u00e9ons des v\u00eatements et des accessoires uniques qui refl\u00e8tent l'authenticit\u00e9 et les d\u00e9tails propres aux cultures japonaise, cor\u00e9enne et chinoise. Chaque pi\u00e8ce est con\u00e7ue en fonction des besoins et des d\u00e9sirs du client, ce qui garantit une coupe parfaite et un style unique. Que vous souhaitiez un kimono traditionnel ou une robe moderne aux influences asiatiques, nous sommes l\u00e0 pour en faire une r\u00e9alit\u00e9.<\/div>\n\n\n\n<h2 id=\"gspb_heading-id-gsbp-300e650\" class=\"gspb_heading gspb_heading-id-gsbp-300e650\">Traitement et transformation des v\u00eatements asiatiques<\/h2>\n\n\n\n<div id=\"gspb_text-id-gsbp-6c31b1d\" class=\"gspb_text gspb_text-id-gsbp-6c31b1d\">Chez MOMO KIDOHO, nous proposons des services sp\u00e9cialis\u00e9s dans le traitement et la modification de v\u00eatements asiatiques tels que le kimono et le chipao. Nous renouvelons et adaptons vos v\u00eatements traditionnels pour qu'ils correspondent aux tendances modernes ou pour leur donner une nouvelle identit\u00e9 unique. Qu'il s'agisse de redimensionner un vieux kimono ou de transformer un chipao en une pi\u00e8ce moderne, nos experts sont l\u00e0 pour vous aider.<\/div>\n\n\n\n<h2 id=\"gspb_heading-id-gsbp-61de3a7\" class=\"gspb_heading gspb_heading-id-gsbp-61de3a7\">Entretien des v\u00eatements et accessoires asiatiques<\/h2>\n\n\n\n<div id=\"gspb_text-id-gsbp-62c0fa9\" class=\"gspb_text gspb_text-id-gsbp-62c0fa9\">L'entretien des v\u00eatements et accessoires asiatiques est un processus d\u00e9taill\u00e9 qui requiert des connaissances et des techniques sp\u00e9cialis\u00e9es. Chez MOMO KIDOHO, nous prenons grand soin de nettoyer, r\u00e9parer et restaurer vos pr\u00e9cieux v\u00eatements, afin de pr\u00e9server leur authenticit\u00e9 et d'assurer leur conservation \u00e0 long terme. De la r\u00e9paration des tissus d\u00e9licats \u00e0 la r\u00e9novation des broderies, nous sommes les experts en qui vous pouvez avoir confiance.<\/div>\n\n\n\n<h2 id=\"gspb_heading-id-gsbp-34c0e71\" class=\"gspb_heading gspb_heading-id-gsbp-34c0e71\">Approvisionnement et fourniture de tissus et de mat\u00e9riaux en provenance du march\u00e9 japonais<\/h2>\n\n\n\n<div id=\"gspb_text-id-gsbp-7d0ab29\" class=\"gspb_text gspb_text-id-gsbp-7d0ab29\">MOMO KIDOHO propose une large gamme de tissus et de mat\u00e9riaux authentiques provenant directement du march\u00e9 japonais. Qu'il s'agisse de soie de haute qualit\u00e9 ou de tissus de coton uniques aux motifs traditionnels, nous pouvons vous fournir tout ce dont vous avez besoin pour cr\u00e9er vos propres pi\u00e8ces uniques. Nous proposons \u00e9galement des accessoires et des embellissements qui compl\u00e8tent l'esth\u00e9tique asiatique, en mettant l'accent sur la qualit\u00e9 et l'authenticit\u00e9.<\/div>\n\n\n\n<h2 id=\"gspb_heading-id-gsbp-d8adee6\" class=\"gspb_heading gspb_heading-id-gsbp-d8adee6\">Couture et fabrication de v\u00eatements d'arts martiaux et de sports asiatiques<\/h2>\n\n\n\n<div id=\"gspb_text-id-gsbp-a3309c6\" class=\"gspb_text gspb_text-id-gsbp-a3309c6\">Ce service s'adresse \u00e0 ceux qui pratiquent des sports asiatiques traditionnels, en leur proposant des v\u00eatements sp\u00e9cialis\u00e9s qui allient confort et esth\u00e9tique authentique. Chez MOMO KIDOHO, nous comprenons que chaque sport asiatique n\u00e9cessite des v\u00eatements sp\u00e9cifiques qui non seulement facilitent le mouvement, mais qui int\u00e8grent \u00e9galement des \u00e9l\u00e9ments traditionnels et symboliques.<\/div>\n\n\n\n<h2 id=\"gspb_heading-id-gsbp-24bfb87\" class=\"gspb_heading gspb_heading-id-gsbp-24bfb87\">Tissus de haute qualit\u00e9<\/h2>\n\n\n\n<div id=\"gspb_text-id-gsbp-850d78e\" class=\"gspb_text gspb_text-id-gsbp-850d78e\">Le choix des tissus est essentiel pour la performance et l'apparence des v\u00eatements. Nous utilisons des tissus japonais et chinois r\u00e9put\u00e9s pour leur durabilit\u00e9 et leur qualit\u00e9. Nous choisissons des tissus qui respirent et qui respectent la peau, afin que les athl\u00e8tes puissent s'entra\u00eener dans le confort.<\/div>\n\n\n\n<h2 id=\"gspb_heading-id-gsbp-84d9168\" class=\"gspb_heading gspb_heading-id-gsbp-84d9168\">Adaptation aux besoins de l'athl\u00e8te<\/h2>\n\n\n\n<div id=\"gspb_text-id-gsbp-55ec25f\" class=\"gspb_text gspb_text-id-gsbp-55ec25f\">Chaque athl\u00e8te a des exigences et des pr\u00e9f\u00e9rences uniques. Chez MOMO KIDOHO, nous proposons des mesures et une personnalisation afin que chaque uniforme s'adapte parfaitement \u00e0 son porteur. De la s\u00e9lection des couleurs et des tissus aux broderies et aux ornements, nous cr\u00e9ons des v\u00eatements qui refl\u00e8tent la personnalit\u00e9 et les besoins de chaque athl\u00e8te.<\/div>\n\n\n\n<h2 id=\"gspb_heading-id-gsbp-09299ff\" class=\"gspb_heading gspb_heading-id-gsbp-09299ff\">Dessins et symboles traditionnels<\/h2>\n\n\n\n<div id=\"gspb_text-id-gsbp-88f7b91\" class=\"gspb_text gspb_text-id-gsbp-88f7b91\">Nos uniformes ne sont pas seulement fonctionnels. Ils portent des motifs et des symboles traditionnels qui honorent le riche patrimoine culturel des sports asiatiques. Chaque broderie et chaque d\u00e9tail sont soigneusement choisis dans un souci de respect et d'authenticit\u00e9.<\/div>\n\n\n\n<h2 id=\"gspb_heading-id-gsbp-875bc93\" class=\"gspb_heading gspb_heading-id-gsbp-875bc93\">Pratiques responsables<\/h2>\n\n\n\n<div id=\"gspb_text-id-gsbp-e04fafb\" class=\"gspb_text gspb_text-id-gsbp-e04fafb\">Chez MOMO KIDOHO, nous mettons l'accent sur la durabilit\u00e9 et la production \u00e9thique. Nous utilisons des mat\u00e9riaux respectueux de l'environnement et adoptons des pratiques de production qui respectent les travailleurs et l'environnement. Notre objectif est de cr\u00e9er des produits de haute qualit\u00e9 qui ne nuisent pas \u00e0 l'environnement.<\/div>\n\n\n\n<h2 id=\"gspb_heading-id-gsbp-d6e7090\" class=\"gspb_heading gspb_heading-id-gsbp-d6e7090\">Durabilit\u00e9 \u00e0 long terme<\/h2>\n\n\n\n<div id=\"gspb_text-id-gsbp-66ffe66\" class=\"gspb_text gspb_text-id-gsbp-66ffe66\">Les v\u00eatements que nous fabriquons sont con\u00e7us pour durer. La durabilit\u00e9 et la qualit\u00e9 des mat\u00e9riaux que nous utilisons garantissent que nos uniformes peuvent r\u00e9sister \u00e0 un usage intensif et \u00e0 un entra\u00eenement quotidien, offrant ainsi une valeur \u00e0 long terme aux athl\u00e8tes.<\/div>","protected":false},"excerpt":{"rendered":"","protected":false},"author":187,"featured_media":0,"parent":0,"menu_order":0,"comment_status":"closed","ping_status":"closed","template":"","meta":{"_gspb_post_css":"","footnotes":""},"class_list":["post-9491","page","type-page","status-publish","hentry"],"blocksy_meta":[],"_links":{"self":[{"href":"https:\/\/mo-mo.gr\/fr\/wp-json\/wp\/v2\/pages\/9491","targetHints":{"allow":["GET"]}}],"collection":[{"href":"https:\/\/mo-mo.gr\/fr\/wp-json\/wp\/v2\/pages"}],"about":[{"href":"https:\/\/mo-mo.gr\/fr\/wp-json\/wp\/v2\/types\/page"}],"author":[{"embeddable":true,"href":"https:\/\/mo-mo.gr\/fr\/wp-json\/wp\/v2\/users\/187"}],"replies":[{"embeddable":true,"href":"https:\/\/mo-mo.gr\/fr\/wp-json\/wp\/v2\/comments?post=9491"}],"version-history":[{"count":0,"href":"https:\/\/mo-mo.gr\/fr\/wp-json\/wp\/v2\/pages\/9491\/revisions"}],"wp:attachment":[{"href":"https:\/\/mo-mo.gr\/fr\/wp-json\/wp\/v2\/media?parent=9491"}],"curies":[{"name":"wp","href":"https:\/\/api.w.org\/{rel}","templated":true}]}}