{"id":9476,"date":"2024-12-12T12:19:47","date_gmt":"2024-12-12T12:19:47","guid":{"rendered":"https:\/\/mo-mo.gr\/?page_id=9476"},"modified":"2024-12-12T12:20:28","modified_gmt":"2024-12-12T12:20:28","slug":"%cf%80%ce%b1%cf%81%ce%b1%ce%b3%ce%b3%ce%b5%ce%bb%ce%af%ce%b5%cf%82-%ce%b1%cf%80%ce%bf%cf%83%cf%84%ce%bf%ce%bb%ce%ad%cf%82","status":"publish","type":"page","link":"https:\/\/mo-mo.gr\/fr\/%cf%80%ce%b1%cf%81%ce%b1%ce%b3%ce%b3%ce%b5%ce%bb%ce%af%ce%b5%cf%82-%ce%b1%cf%80%ce%bf%cf%83%cf%84%ce%bf%ce%bb%ce%ad%cf%82\/","title":{"rendered":"Commandes et exp\u00e9ditions"},"content":{"rendered":"<h2 id=\"gspb_heading-id-gsbp-0eef268\" class=\"gspb_heading gspb_heading-id-gsbp-0eef268\">Commandes<\/h2>\n\n\n\n<div id=\"gspb_text-id-gsbp-8efa61e\" class=\"gspb_text gspb_text-id-gsbp-8efa61e\">Chez mo mo, nous offrons une exp\u00e9rience de commande passionnante, cherchant \u00e0 r\u00e9pondre \u00e0 tous vos besoins dans un souci de satisfaction totale. Nous avons mis en place une politique claire et transparente afin de vous garantir un processus de commande pratique et fiable.<br>Notre politique comprend les \u00e9l\u00e9ments suivants :<br><\/div>\n\n\n\n<div id=\"gspb_text-id-gsbp-0f65c6f\" class=\"gspb_text gspb_text-id-gsbp-0f65c6f\"><strong>Produits de haute qualit\u00e9 :<\/strong> Tous nos v\u00eatements sont fabriqu\u00e9s \u00e0 partir de mat\u00e9riaux soigneusement s\u00e9lectionn\u00e9s, dans un souci d'excellente qualit\u00e9 et d'authenticit\u00e9. Notre engagement en faveur de la qualit\u00e9 vous garantit des produits qui dureront de nombreuses ann\u00e9es.<br><strong>Vari\u00e9t\u00e9 de styles :<\/strong> Nous savons que chaque client a des go\u00fbts et des pr\u00e9f\u00e9rences qui lui sont propres. C'est pourquoi nous proposons une large gamme de styles, de designs et de couleurs afin que vous puissiez trouver exactement ce qui vous convient et refl\u00e8te votre style personnel.<br><strong>Processus de commande facile :<\/strong> Notre site web offre un processus de commande simple et convivial. Il vous suffit de s\u00e9lectionner les v\u00eatements souhait\u00e9s, de les ajouter \u00e0 votre panier et de terminer votre commande en toute s\u00e9curit\u00e9 et en toute simplicit\u00e9. Nous sommes toujours disponibles pour vous aider par courriel ou par t\u00e9l\u00e9phone pour toute question ou demande.<br><strong>Exp\u00e9dition et livraison rapides :<\/strong> Nous comprenons votre enthousiasme \u00e0 recevoir vos produits le plus rapidement possible. C'est pourquoi nous veillons \u00e0 ce que vos commandes soient trait\u00e9es et exp\u00e9di\u00e9es dans des d\u00e9lais rapides, afin qu'elles arrivent \u00e0 votre porte le plus t\u00f4t possible.<br><strong>Service \u00e0 la client\u00e8le :<\/strong> La satisfaction du client est notre priorit\u00e9 absolue. Nous sommes toujours l\u00e0 pour vous aider, r\u00e9pondre \u00e0 toutes vos questions et r\u00e9soudre les probl\u00e8mes qui se posent pendant la commande ou apr\u00e8s la livraison.<\/div>\n\n\n\n<h2 id=\"gspb_heading-id-gsbp-d4b106a\" class=\"gspb_heading gspb_heading-id-gsbp-d4b106a\">D\u00e9p\u00eaches<\/h2>\n\n\n\n<div id=\"gspb_text-id-gsbp-04e78a9\" class=\"gspb_text gspb_text-id-gsbp-04e78a9\">Merci d'avoir choisi mo mo pour vos achats ! Nous tenons \u00e0 vous informer de notre politique et de notre proc\u00e9dure d'exp\u00e9dition afin de vous garantir une exp\u00e9rience d'achat fluide et confortable.<br>Politique de mission :<br><\/div>\n\n\n\n<h3 id=\"gspb_heading-id-gsbp-3e80893\" class=\"gspb_heading gspb_heading-id-gsbp-3e80893\">Politique de la mission<\/h3>\n\n\n\n<div id=\"gspb_text-id-gsbp-7f8c074\" class=\"gspb_text gspb_text-id-gsbp-7f8c074\"><strong>Exp\u00e9dition dans toute la Gr\u00e8ce :<\/strong> Nous sommes fiers d'offrir des services de livraison dans toutes les r\u00e9gions de la Gr\u00e8ce. O\u00f9 que vous soyez, vous pouvez profiter de vos v\u00eatements japonais pr\u00e9f\u00e9r\u00e9s gr\u00e2ce \u00e0 la livraison \u00e0 votre porte.<br><strong>Mission \u00e0 travers l'Europe :<\/strong> Nous sommes fiers de proposer la livraison dans tous les pays d'Europe. O\u00f9 que vous soyez, vous pouvez profiter de vos v\u00eatements japonais pr\u00e9f\u00e9r\u00e9s gr\u00e2ce \u00e0 la livraison \u00e0 domicile.<br><strong>Prix d'exp\u00e9dition :<\/strong> Les frais d'exp\u00e9dition sont calcul\u00e9s en fonction de la destination et du poids de votre commande. Lors du processus de finalisation de la commande, le prix exact de l'exp\u00e9dition sera affich\u00e9 pour vous.<br><strong>D\u00e9lai de livraison :<\/strong> Nous nous effor\u00e7ons de traiter votre commande le plus rapidement possible. Le d\u00e9lai de livraison estim\u00e9 d\u00e9pend de la destination et des services de transport locaux. En g\u00e9n\u00e9ral, le d\u00e9lai de livraison est de 5 \u00e0 10 jours ouvrables.<\/div>\n\n\n\n<h3 id=\"gspb_heading-id-gsbp-4334d92\" class=\"gspb_heading gspb_heading-id-gsbp-4334d92\">Proc\u00e9dure d'envoi<\/h3>\n\n\n\n<div id=\"gspb_text-id-gsbp-08a04d8\" class=\"gspb_text gspb_text-id-gsbp-08a04d8\"><strong>Traitement des commandes :<\/strong> Une fois que vous avez termin\u00e9 votre commande, notre \u00e9quipe la traite avec soin et amour. Nous v\u00e9rifions la qualit\u00e9 de vos produits et les emballons avec soin pour qu'ils soient transport\u00e9s en toute s\u00e9curit\u00e9.<br><strong>Envoi et suivi :<\/strong> Une fois votre commande exp\u00e9di\u00e9e, vous recevrez un num\u00e9ro de suivi qui vous permettra de suivre l'\u00e9volution de votre commande jusqu'\u00e0 ce qu'elle arrive \u00e0 destination. Vous pouvez utiliser ce num\u00e9ro pour v\u00e9rifier l'estimation de l'arriv\u00e9e.<br><strong>Livraison :<\/strong> A l'arriv\u00e9e de votre commande, vous recevrez votre colis \u00e0 votre porte. Nous vous recommandons de v\u00e9rifier vos produits pour vous assurer qu'ils sont en excellent \u00e9tat et qu'ils r\u00e9pondent \u00e0 vos attentes.<br><\/div>\n\n\n\n<div id=\"gspb_text-id-gsbp-e818523\" class=\"gspb_text gspb_text-id-gsbp-e818523\">Si vous avez des questions ou si vous avez besoin d'aide, n'h\u00e9sitez pas \u00e0 contacter notre service client\u00e8le. Nous sommes l\u00e0 pour vous aider et veiller \u00e0 ce que votre envoi soit r\u00e9ussi et que vous receviez vos produits avec confort et plaisir.<br>Merci de votre confiance en mo mo !<\/div>","protected":false},"excerpt":{"rendered":"","protected":false},"author":187,"featured_media":0,"parent":0,"menu_order":0,"comment_status":"closed","ping_status":"closed","template":"","meta":{"_gspb_post_css":"","footnotes":""},"class_list":["post-9476","page","type-page","status-publish","hentry"],"blocksy_meta":[],"_links":{"self":[{"href":"https:\/\/mo-mo.gr\/fr\/wp-json\/wp\/v2\/pages\/9476","targetHints":{"allow":["GET"]}}],"collection":[{"href":"https:\/\/mo-mo.gr\/fr\/wp-json\/wp\/v2\/pages"}],"about":[{"href":"https:\/\/mo-mo.gr\/fr\/wp-json\/wp\/v2\/types\/page"}],"author":[{"embeddable":true,"href":"https:\/\/mo-mo.gr\/fr\/wp-json\/wp\/v2\/users\/187"}],"replies":[{"embeddable":true,"href":"https:\/\/mo-mo.gr\/fr\/wp-json\/wp\/v2\/comments?post=9476"}],"version-history":[{"count":0,"href":"https:\/\/mo-mo.gr\/fr\/wp-json\/wp\/v2\/pages\/9476\/revisions"}],"wp:attachment":[{"href":"https:\/\/mo-mo.gr\/fr\/wp-json\/wp\/v2\/media?parent=9476"}],"curies":[{"name":"wp","href":"https:\/\/api.w.org\/{rel}","templated":true}]}}