{"id":9469,"date":"2024-12-12T12:05:27","date_gmt":"2024-12-12T12:05:27","guid":{"rendered":"https:\/\/mo-mo.gr\/?page_id=9469"},"modified":"2025-03-05T10:36:03","modified_gmt":"2025-03-05T08:36:03","slug":"%cf%84%cf%81%cf%8c%cf%80%ce%bf%ce%b9-%cf%80%ce%bb%ce%b7%cf%81%cf%89%ce%bc%ce%ae%cf%82","status":"publish","type":"page","link":"https:\/\/mo-mo.gr\/fr\/%cf%84%cf%81%cf%8c%cf%80%ce%bf%ce%b9-%cf%80%ce%bb%ce%b7%cf%81%cf%89%ce%bc%ce%ae%cf%82\/","title":{"rendered":"Modes de paiement"},"content":{"rendered":"<div id=\"gspb_text-id-gsbp-61d7f10\" class=\"gspb_text gspb_text-id-gsbp-61d7f10\">Chez MOMO KIDOHO, nous couvrons tous les besoins des clients, en offrant de nombreuses options de paiement, avec s\u00e9curit\u00e9 et fiabilit\u00e9.<br>Assurez-vous de choisir le mode de paiement le plus pratique pour votre achat. Nous proposons plusieurs modes de paiement pour vous faciliter la t\u00e2che :<br><br>1. **<strong>Carte de cr\u00e9dit\/d\u00e9bit<\/strong>** : Nous acceptons les paiements par Visa, Mastercard et American Express. Il vous suffit d'indiquer les d\u00e9tails de votre carte au moment du paiement.<br><br>2. **<strong>Virement bancaire<\/strong>** : Vous pouvez payer par virement bancaire. Vous recevrez les informations n\u00e9cessaires sur votre compte bancaire lors de la finalisation de la commande.<br><br>3. **<strong>Remplacement<\/strong>** : Vous pouvez payer le distributeur \u00e0 la livraison de votre commande. (Remarque : les produits fabriqu\u00e9s sur commande ne sont pas concern\u00e9s par cette possibilit\u00e9). Le contre-remboursement est possible moyennant un suppl\u00e9ment de 1,60 euros plus TVA.<br><br>4. **<strong>Syst\u00e8me IRIS<\/strong>** : Utilisez le syst\u00e8me IRIS pour des paiements s\u00fbrs et rapides par compte bancaire.<br>Si vous avez des questions sur les m\u00e9thodes de paiement, n'h\u00e9sitez pas \u00e0 nous contacter. Nous sommes l\u00e0 pour vous aider !<br><\/div>\n\n\n\n<p>5. <strong>**PayPal**<\/strong>Vous pouvez payer facilement et en toute s\u00e9curit\u00e9 via <strong>PayPal<\/strong>sans avoir \u00e0 saisir les d\u00e9tails de votre carte. S\u00e9lectionnez PayPal au moment du paiement et vous serez redirig\u00e9 vers la plateforme de paiement s\u00e9curis\u00e9e de PayPal.<\/p>","protected":false},"excerpt":{"rendered":"<p>5. **PayPal**: \u039c\u03c0\u03bf\u03c1\u03b5\u03af\u03c4\u03b5 \u03bd\u03b1 \u03c0\u03bb\u03b7\u03c1\u03ce\u03c3\u03b5\u03c4\u03b5 \u03b5\u03cd\u03ba\u03bf\u03bb\u03b1 \u03ba\u03b1\u03b9 \u03bc\u03b5 \u03b1\u03c3\u03c6\u03ac\u03bb\u03b5\u03b9\u03b1 \u03bc\u03ad\u03c3\u03c9 PayPal, \u03c7\u03c9\u03c1\u03af\u03c2 \u03bd\u03b1 \u03c7\u03c1\u03b5\u03b9\u03ac\u03b6\u03b5\u03c4\u03b1\u03b9 \u03bd\u03b1 \u03b5\u03b9\u03c3\u03ac\u03b3\u03b5\u03c4\u03b5 \u03c4\u03b1 \u03c3\u03c4\u03bf\u03b9\u03c7\u03b5\u03af\u03b1 \u03c4\u03b7\u03c2 \u03ba\u03ac\u03c1\u03c4\u03b1\u03c2 \u03c3\u03b1\u03c2. \u0395\u03c0\u03b9\u03bb\u03ad\u03be\u03c4\u03b5 \u03c4\u03bf PayPal \u03ba\u03b1\u03c4\u03ac \u03c4\u03b7\u03bd \u03bf\u03bb\u03bf\u03ba\u03bb\u03ae\u03c1\u03c9\u03c3\u03b7 \u03c4\u03b7\u03c2 \u03b1\u03b3\u03bf\u03c1\u03ac\u03c2 \u03ba\u03b1\u03b9 \u03b8\u03b1 \u03bc\u03b5\u03c4\u03b1\u03c6\u03b5\u03c1\u03b8\u03b5\u03af\u03c4\u03b5 \u03c3\u03c4\u03b7\u03bd \u03b1\u03c3\u03c6\u03b1\u03bb\u03ae \u03c0\u03bb\u03b1\u03c4\u03c6\u03cc\u03c1\u03bc\u03b1 \u03c0\u03bb\u03b7\u03c1\u03c9\u03bc\u03ce\u03bd \u03c4\u03bf\u03c5 PayPal.<\/p>","protected":false},"author":187,"featured_media":0,"parent":0,"menu_order":0,"comment_status":"closed","ping_status":"closed","template":"","meta":{"_gspb_post_css":"","footnotes":""},"class_list":["post-9469","page","type-page","status-publish","hentry"],"blocksy_meta":[],"_links":{"self":[{"href":"https:\/\/mo-mo.gr\/fr\/wp-json\/wp\/v2\/pages\/9469","targetHints":{"allow":["GET"]}}],"collection":[{"href":"https:\/\/mo-mo.gr\/fr\/wp-json\/wp\/v2\/pages"}],"about":[{"href":"https:\/\/mo-mo.gr\/fr\/wp-json\/wp\/v2\/types\/page"}],"author":[{"embeddable":true,"href":"https:\/\/mo-mo.gr\/fr\/wp-json\/wp\/v2\/users\/187"}],"replies":[{"embeddable":true,"href":"https:\/\/mo-mo.gr\/fr\/wp-json\/wp\/v2\/comments?post=9469"}],"version-history":[{"count":0,"href":"https:\/\/mo-mo.gr\/fr\/wp-json\/wp\/v2\/pages\/9469\/revisions"}],"wp:attachment":[{"href":"https:\/\/mo-mo.gr\/fr\/wp-json\/wp\/v2\/media?parent=9469"}],"curies":[{"name":"wp","href":"https:\/\/api.w.org\/{rel}","templated":true}]}}