{"id":9457,"date":"2024-12-12T11:52:48","date_gmt":"2024-12-12T11:52:48","guid":{"rendered":"https:\/\/mo-mo.gr\/?page_id=9457"},"modified":"2024-12-12T11:56:13","modified_gmt":"2024-12-12T11:56:13","slug":"%cf%80%ce%bf%ce%bb%ce%b9%cf%84%ce%b9%ce%ba%ce%ae-%ce%b1%cf%80%ce%bf%cf%81%cf%81%ce%ae%cf%84%ce%bf%cf%85","status":"publish","type":"page","link":"https:\/\/mo-mo.gr\/fr\/%cf%80%ce%bf%ce%bb%ce%b9%cf%84%ce%b9%ce%ba%ce%ae-%ce%b1%cf%80%ce%bf%cf%81%cf%81%ce%ae%cf%84%ce%bf%cf%85\/","title":{"rendered":"Politique de confidentialit\u00e9"},"content":{"rendered":"<div id=\"gspb_text-id-gsbp-df510c7\" class=\"gspb_text gspb_text-id-gsbp-df510c7\">Chez mo-mo.gr, nous nous engageons \u00e0 respecter et \u00e0 pr\u00e9server votre vie priv\u00e9e, et nous appr\u00e9cions la confiance que vous nous t\u00e9moignez. La \" Politique de confidentialit\u00e9 \" et la \" Politique en mati\u00e8re de cookies \" visent \u00e0 garantir que toutes les donn\u00e9es personnelles collect\u00e9es par mo-mo.gr (ci-apr\u00e8s d\u00e9nomm\u00e9 le \" site web \") seront prot\u00e9g\u00e9es, utilis\u00e9es, stock\u00e9es et trait\u00e9es par nous aux fins de la communication entre nous et de la prestation de services, toujours dans le respect de la l\u00e9gislation applicable en mati\u00e8re de protection des donn\u00e9es personnelles (R\u00e8glement (UE) 2016\/679).<\/div>\n\n\n\n<div id=\"gspb_text-id-gsbp-cdab9dc\" class=\"gspb_text gspb_text-id-gsbp-cdab9dc\">Vous devez savoir que nous collectons vos donn\u00e9es directement aupr\u00e8s de vous :<br>- lorsque vous vous inscrivez \u00e0 notre bulletin d'information.<br>- lorsque vous participez \u00e0 des concours et \u00e0 des tirages au sort.<br>- lorsque vous remplissez la demande d'offre ou le formulaire de contact.<br>- si vous souhaitez recevoir des mises \u00e0 jour personnalis\u00e9es telles que des publicit\u00e9s cibl\u00e9es.<br>- si vous nous contactez (par exemple, par t\u00e9l\u00e9phone, par courrier \u00e9lectronique ou par tout autre moyen) pour vous renseigner sur l'un de nos produits ou services ou sur le service client\u00e8le, ou pour signaler un probl\u00e8me avec le site web ou autre.<\/div>\n\n\n\n<h2 id=\"gspb_heading-id-gsbp-2945a9b\" class=\"gspb_heading gspb_heading-id-gsbp-2945a9b\">G\u00e9n\u00e9ral<\/h2>\n\n\n\n<div id=\"gspb_text-id-gsbp-fc883c9\" class=\"gspb_text gspb_text-id-gsbp-fc883c9\">Le site web mo-mo.gr (le \"site web\") vous informe des politiques concernant la collecte, l'utilisation et la divulgation des donn\u00e9es personnelles lorsque vous utilisez notre site web et des choix que vous avez associ\u00e9s \u00e0 ces donn\u00e9es.<br>Nous utilisons vos donn\u00e9es pour traiter vos demandes et am\u00e9liorer notre site web. En utilisant le site web, vous acceptez la collecte et l'utilisation d'informations conform\u00e9ment \u00e0 la pr\u00e9sente politique.<br>Le site web de notre soci\u00e9t\u00e9 est con\u00e7u pour respecter la l\u00e9gislation nationale et internationale suivante en mati\u00e8re de protection des donn\u00e9es et de la vie priv\u00e9e des utilisateurs :<br>Directive europ\u00e9enne de 1995 sur la protection des donn\u00e9es (DPD)<br>R\u00e8glement g\u00e9n\u00e9ral sur la protection des donn\u00e9es de l'UE 2018 (RGPD)<br>La conformit\u00e9 de ce site web avec la l\u00e9gislation susmentionn\u00e9e signifie que ce site web est conforme \u00e0 la l\u00e9gislation relative \u00e0 la protection des donn\u00e9es et \u00e0 la vie priv\u00e9e des utilisateurs, qui a \u00e9t\u00e9 adopt\u00e9e dans d'autres pays et territoires.<\/div>\n\n\n\n<h2 id=\"gspb_heading-id-gsbp-7b4b75b\" class=\"gspb_heading gspb_heading-id-gsbp-7b4b75b\">Collecte et utilisation des informations<\/h2>\n\n\n\n<div id=\"gspb_text-id-gsbp-031d952\" class=\"gspb_text gspb_text-id-gsbp-031d952\">Nous recueillons diff\u00e9rents types d'informations \u00e0 diverses fins afin de vous fournir notre site web et de l'am\u00e9liorer.<br>Nous collectons \u00e9galement les donn\u00e9es relatives aux commandes uniquement pour l'utilisation et le traitement de la livraison de la commande.<\/div>\n\n\n\n<h2 id=\"gspb_heading-id-gsbp-e3b8807\" class=\"gspb_heading gspb_heading-id-gsbp-e3b8807\">Types de donn\u00e9es collect\u00e9es - Donn\u00e9es personnelles<\/h2>\n\n\n\n<div id=\"gspb_text-id-gsbp-16d275a\" class=\"gspb_text gspb_text-id-gsbp-16d275a\">Lorsque vous utilisez notre site web, nous pouvons vous demander de nous fournir certaines informations personnelles (\"donn\u00e9es personnelles\") qui peuvent \u00eatre utilis\u00e9es pour vous contacter ou vous identifier afin de traiter votre demande ou de vous contacter. Les informations enregistr\u00e9es et stock\u00e9es sont les suivantes :<br>Nom, pr\u00e9nom, courriel, t\u00e9l\u00e9phone, demandes\/messages, cookies et donn\u00e9es d'utilisation.<\/div>\n\n\n\n<h2 id=\"gspb_heading-id-gsbp-119b723\" class=\"gspb_heading gspb_heading-id-gsbp-119b723\">Donn\u00e9es d'utilisation<\/h2>\n\n\n\n<div id=\"gspb_text-id-gsbp-31c0562\" class=\"gspb_text gspb_text-id-gsbp-31c0562\">Nous pouvons \u00e9galement recueillir des informations sur la mani\u00e8re dont vous acc\u00e9dez au site web et l'utilisez (\"donn\u00e9es d'utilisation\").<br>Ces donn\u00e9es d'utilisation peuvent inclure des informations telles que l'adresse de protocole Internet de votre ordinateur (par exemple, l'adresse IP), le type de navigateur, la version du navigateur, les pages du site web que vous visitez, l'heure et la date de votre visite, le temps pass\u00e9 sur ces pages, les identifiants de l'appareil et d'autres donn\u00e9es de diagnostic.<\/div>\n\n\n\n<h2 id=\"gspb_heading-id-gsbp-729c552\" class=\"gspb_heading gspb_heading-id-gsbp-729c552\">GDPR<\/h2>\n\n\n\n<div id=\"gspb_text-id-gsbp-85a8f7c\" class=\"gspb_text gspb_text-id-gsbp-85a8f7c\">Compte tenu de la nature internationalis\u00e9e de l'internet et de son volume, tout dommage direct, cons\u00e9cutif, accidentel, indirect ou cons\u00e9cutif d\u00e9coulant de l'acc\u00e8s de tout utilisateur \u00e0 mo-mo.gr ou de son utilisation, y compris en cas de n\u00e9gligence, ne saurait engager la responsabilit\u00e9 de l'entreprise ou de ses dirigeants. Il est conseill\u00e9 aux utilisateurs d'utiliser des logiciels pour se prot\u00e9ger des virus informatiques et autres types de logiciels malveillants.<br><br>L'entreprise n'est pas responsable des dommages et des d\u00e9penses li\u00e9s \u00e0 l'utilisation de mo-mo.gr ou \u00e0 l'impossibilit\u00e9 de l'utiliser, par toute personne, ou li\u00e9s \u00e0 l'incapacit\u00e9 d'ex\u00e9cution, \u00e0 une erreur, \u00e0 une omission, \u00e0 une interruption, \u00e0 un d\u00e9faut, \u00e0 un retard dans le fonctionnement ou la transmission ou \u00e0 une d\u00e9faillance de la ligne de syst\u00e8me. En cas de dommage, d'endommagement ou d'infection par des virus \u00e9lectroniques de l'ordinateur ou de tout autre support \u00e9lectronique utilis\u00e9 par un utilisateur pour acc\u00e9der, visiter, utiliser ou t\u00e9l\u00e9charger du mat\u00e9riel, des donn\u00e9es, des textes, des images, des vid\u00e9os ou des sons de son contenu, l'entreprise ne peut \u00eatre tenue pour responsable de quelque mani\u00e8re que ce soit.<br><br>Les services disponibles sur le site web sont fournis aux utilisateurs de la boutique en ligne \"en l'\u00e9tat\". L'entreprise ne garantit pas que le contenu de mo-mo.gr et la qualit\u00e9 des services fournis r\u00e9pondront aux exigences et aux attentes des utilisateurs. L'entreprise d\u00e9cline toute responsabilit\u00e9 en cas de poursuites judiciaires, civiles ou p\u00e9nales li\u00e9es au fonctionnement ou \u00e0 l'utilisation de mo-mo.gr, ainsi qu'en cas de dommages, de quelque nature que ce soit, caus\u00e9s par les visiteurs du site ou par des tiers.<br><br>La soci\u00e9t\u00e9 n'est pas responsable et n'assume aucune obligation d'indemnisation pour toute r\u00e9clamation li\u00e9e au contenu de mo-mo.gr, ni pour toute erreur, diffamation simple ou calomnieuse, injure, insulte, omission, mensonge, blasph\u00e8me, pornographie, danger ou inexactitude trouv\u00e9e dans son contenu.<\/div>\n\n\n\n<h2 id=\"gspb_heading-id-gsbp-d55ecbe\" class=\"gspb_heading gspb_heading-id-gsbp-d55ecbe\">Droit applicable et autres conditions<\/h2>\n\n\n\n<div id=\"gspb_text-id-gsbp-3465e0e\" class=\"gspb_text gspb_text-id-gsbp-3465e0e\"><strong>Conditions du consentement :<\/strong> Nous traitons vos donn\u00e9es apr\u00e8s que vous avez donn\u00e9 votre consentement. Vous avez le droit de retirer votre consentement \u00e0 tout moment.<br><br><strong>Droit d'acc\u00e8s :<\/strong> Vous avez le droit d'obtenir de notre part la confirmation que vos donn\u00e9es sont trait\u00e9es.<br><br><strong>Droit de rectification :<\/strong> Vous avez le droit d'obtenir de notre part, dans les meilleurs d\u00e9lais, la rectification des donn\u00e9es \u00e0 caract\u00e8re personnel vous concernant qui sont inexactes.<br><br><strong>Droit \u00e0 l'effacement :<\/strong> Vous avez le droit de nous demander de supprimer les donn\u00e9es \u00e0 caract\u00e8re personnel vous concernant et nous avons l'obligation de les supprimer dans les meilleurs d\u00e9lais.<br><br><strong>Droit de restreindre le traitement :<\/strong> Vous avez le droit de nous demander de limiter le traitement de vos donn\u00e9es.<br><br><strong>Droit \u00e0 la portabilit\u00e9 des donn\u00e9es :<\/strong> Vous avez le droit de recevoir de notre part les donn\u00e9es \u00e0 caract\u00e8re personnel que vous nous avez fournies dans un format structur\u00e9, couramment utilis\u00e9 et lisible par machine, et vous avez le droit de transmettre ces donn\u00e9es \u00e0 un autre responsable du traitement.<\/div>\n\n\n\n<h2 id=\"gspb_heading-id-gsbp-47571d4\" class=\"gspb_heading gspb_heading-id-gsbp-47571d4\">Utilisation des donn\u00e9es<\/h2>\n\n\n\n<div id=\"gspb_text-id-gsbp-29e3627\" class=\"gspb_text gspb_text-id-gsbp-29e3627\">Le site mo-mo.gr utilise les donn\u00e9es collect\u00e9es \u00e0 diverses fins, notamment : pour fournir et entretenir le site, pour vous informer des mises \u00e0 jour du site, pour vous permettre de participer aux fonctions interactives de notre site lorsque vous le souhaitez (formulaires de contact, etc.), pour fournir une assistance \u00e0 la client\u00e8le, pour analyser les informations afin que nous puissions am\u00e9liorer le site.<br>- Contr\u00f4ler l'utilisation du site web.<br>- Identifier, pr\u00e9venir et r\u00e9soudre les probl\u00e8mes techniques.<\/div>\n\n\n\n<h2 id=\"gspb_heading-id-gsbp-0b31d18\" class=\"gspb_heading gspb_heading-id-gsbp-0b31d18\">Transfert de donn\u00e9es<\/h2>\n\n\n\n<div id=\"gspb_text-id-gsbp-cafe457\" class=\"gspb_text gspb_text-id-gsbp-cafe457\">Nous ne transf\u00e9rons pas vos donn\u00e9es personnelles \u00e0 des tiers. Vos informations, y compris les donn\u00e9es personnelles, peuvent \u00eatre transf\u00e9r\u00e9es et conserv\u00e9es sur des ordinateurs situ\u00e9s en dehors de votre \u00c9tat, province, pays ou autre juridiction gouvernementale, o\u00f9 les lois sur la protection des donn\u00e9es peuvent diff\u00e9rer de celles de votre juridiction.<br>Le site mo-mo.gr prendra toutes les mesures n\u00e9cessaires pour s'assurer que vos donn\u00e9es sont trait\u00e9es en toute s\u00e9curit\u00e9 et conform\u00e9ment \u00e0 la pr\u00e9sente politique de confidentialit\u00e9 et ne transf\u00e9rera pas vos donn\u00e9es personnelles \u00e0 une organisation ou un pays \u00e0 moins que des contr\u00f4les ad\u00e9quats ne soient en place, y compris la s\u00e9curit\u00e9 des donn\u00e9es et d'autres informations personnelles.<br>- Contr\u00f4ler l'utilisation du site web.<br>- Identifier, pr\u00e9venir et r\u00e9soudre les probl\u00e8mes techniques.<\/div>\n\n\n\n<h2 id=\"gspb_heading-id-gsbp-2a59555\" class=\"gspb_heading gspb_heading-id-gsbp-2a59555\">Suivi des visites sur le site web<\/h2>\n\n\n\n<div id=\"gspb_text-id-gsbp-1a411b9\" class=\"gspb_text gspb_text-id-gsbp-1a411b9\">Comme la plupart des sites web, notre site utilise Google Analytics (GA) pour suivre l'interaction des utilisateurs.<br>Nous utilisons ces donn\u00e9es pour d\u00e9terminer le nombre de personnes qui utilisent notre site web, pour mieux comprendre comment elles trouvent et utilisent nos sites web et pour visualiser leur parcours sur le site web.<br>Bien que GA enregistre des donn\u00e9es telles que votre emplacement g\u00e9ographique, votre appareil, votre navigateur Internet et votre syst\u00e8me d'exploitation, aucune de ces informations ne vous identifie personnellement.<br>GA enregistre \u00e9galement l'adresse IP de votre ordinateur, qui peut \u00eatre utilis\u00e9e pour vous identifier personnellement, mais Google ne nous donne pas acc\u00e8s \u00e0 cette information.<br>Nous consid\u00e9rons Google comme un tiers charg\u00e9 du traitement des donn\u00e9es.<br>GA utilise des cookies, dont vous trouverez les d\u00e9tails dans les guides du d\u00e9veloppeur de Google. Notre site web utilise l'application analytics.js de GA.<br>La d\u00e9sactivation des cookies dans votre navigateur Internet emp\u00eachera GA de suivre toute partie de votre visite sur les pages de ce site Web.<br>Le site mo-mo.gr prendra toutes les mesures n\u00e9cessaires pour s'assurer que vos donn\u00e9es sont trait\u00e9es en toute s\u00e9curit\u00e9 et conform\u00e9ment \u00e0 la pr\u00e9sente politique de confidentialit\u00e9 et ne transf\u00e9rera pas vos donn\u00e9es personnelles \u00e0 une organisation ou un pays \u00e0 moins que des contr\u00f4les ad\u00e9quats ne soient en place, y compris la s\u00e9curit\u00e9 des donn\u00e9es et d'autres informations personnelles.<br>- Contr\u00f4ler l'utilisation du site web.<br>- Identifier, pr\u00e9venir et r\u00e9soudre les probl\u00e8mes techniques.<\/div>\n\n\n\n<h2 id=\"gspb_heading-id-gsbp-c05367d\" class=\"gspb_heading gspb_heading-id-gsbp-c05367d\">Comment nous conservons vos informations personnelles<\/h2>\n\n\n\n<div id=\"gspb_text-id-gsbp-13a39f8\" class=\"gspb_text gspb_text-id-gsbp-13a39f8\">Pour votre navigation sur le site web de notre soci\u00e9t\u00e9, vos informations personnelles ne sont requises que si vous souhaitez nous contacter par le biais du formulaire de contact par lequel vous nous fournissez vos coordonn\u00e9es ou en tant que client de notre boutique en ligne.<\/div>\n\n\n\n<h2 id=\"gspb_heading-id-gsbp-c078134\" class=\"gspb_heading gspb_heading-id-gsbp-c078134\">Boutique \u00e9lectronique<\/h2>\n\n\n\n<div id=\"gspb_text-id-gsbp-32243e1\" class=\"gspb_text gspb_text-id-gsbp-32243e1\">Les informations personnelles relatives \u00e0 vos commandes sont stock\u00e9es comme suit :<br>- Conservation des comptes inactifs \/ 1 an.<br>- Conservation des commandes en cours \/ 2 semaines.<br>- Conservation des commandes incorrectes \/ 2 semaines.<br>- Conservation des commandes annul\u00e9es \/ 1 semaine.<br>- Maintenir afin d'avoir un historique de vos commandes sur la page Compte.<\/div>\n\n\n\n<h2 id=\"gspb_heading-id-gsbp-e216c01\" class=\"gspb_heading gspb_heading-id-gsbp-e216c01\">Violations de donn\u00e9es<\/h2>\n\n\n\n<div id=\"gspb_text-id-gsbp-7f1304c\" class=\"gspb_text gspb_text-id-gsbp-7f1304c\">Nous signalerons toute violation ill\u00e9gale de la base de donn\u00e9es de ce site web ou de la base de donn\u00e9es d'un tiers charg\u00e9 du traitement des donn\u00e9es \u00e0 toutes les personnes et autorit\u00e9s comp\u00e9tentes dans les 72 heures suivant la violation s'il appara\u00eet que des donn\u00e9es \u00e0 caract\u00e8re personnel stock\u00e9es sous une forme identifiable ont \u00e9t\u00e9 vol\u00e9es.<\/div>\n\n\n\n<h2 id=\"gspb_heading-id-gsbp-7047a8a\" class=\"gspb_heading gspb_heading-id-gsbp-7047a8a\">Modifications de notre politique de confidentialit\u00e9<\/h2>\n\n\n\n<div id=\"gspb_text-id-gsbp-1b93554\" class=\"gspb_text gspb_text-id-gsbp-1b93554\">La politique de confidentialit\u00e9 peut \u00eatre modifi\u00e9e de temps \u00e0 autre en fonction de la l\u00e9gislation ou de l'\u00e9volution du secteur.<br>Nous n'informerons pas explicitement nos clients ou les utilisateurs de notre site web de ces changements.<br>Nous vous recommandons plut\u00f4t de consulter r\u00e9guli\u00e8rement cette page pour prendre connaissance des \u00e9ventuels changements de politique.<\/div>","protected":false},"excerpt":{"rendered":"","protected":false},"author":187,"featured_media":0,"parent":0,"menu_order":0,"comment_status":"closed","ping_status":"closed","template":"","meta":{"_gspb_post_css":"","footnotes":""},"class_list":["post-9457","page","type-page","status-publish","hentry"],"blocksy_meta":[],"_links":{"self":[{"href":"https:\/\/mo-mo.gr\/fr\/wp-json\/wp\/v2\/pages\/9457","targetHints":{"allow":["GET"]}}],"collection":[{"href":"https:\/\/mo-mo.gr\/fr\/wp-json\/wp\/v2\/pages"}],"about":[{"href":"https:\/\/mo-mo.gr\/fr\/wp-json\/wp\/v2\/types\/page"}],"author":[{"embeddable":true,"href":"https:\/\/mo-mo.gr\/fr\/wp-json\/wp\/v2\/users\/187"}],"replies":[{"embeddable":true,"href":"https:\/\/mo-mo.gr\/fr\/wp-json\/wp\/v2\/comments?post=9457"}],"version-history":[{"count":0,"href":"https:\/\/mo-mo.gr\/fr\/wp-json\/wp\/v2\/pages\/9457\/revisions"}],"wp:attachment":[{"href":"https:\/\/mo-mo.gr\/fr\/wp-json\/wp\/v2\/media?parent=9457"}],"curies":[{"name":"wp","href":"https:\/\/api.w.org\/{rel}","templated":true}]}}