{"id":12787,"date":"2024-12-17T21:41:41","date_gmt":"2024-12-17T19:41:41","guid":{"rendered":"https:\/\/mo-mo.gr\/?page_id=12787"},"modified":"2025-05-24T03:11:43","modified_gmt":"2025-05-24T00:11:43","slug":"la-tradition","status":"publish","type":"page","link":"https:\/\/mo-mo.gr\/fr\/the-tradition\/","title":{"rendered":"La tradition"},"content":{"rendered":"<div class=\"wp-block-greenshift-blocks-row gspb_row gspb_row-id-gsbp-8c8383b\" id=\"gspb_row-id-gsbp-8c8383b\"><div class=\"gspb_row__content\"> \n<div class=\"wp-block-greenshift-blocks-row-column gspb_row__col--6 gspb_col-id-gsbp-51a039f\" id=\"gspb_col-id-gsbp-51a039f\">\n<div class=\"wp-block-greenshift-blocks-image gspb_image gspb_image-id-gsbp-07471b1\" id=\"gspb_image-id-gsbp-07471b1\"><img decoding=\"async\" src=\"https:\/\/mo-mo.gr\/wp-content\/uploads\/2024\/12\/8-7.jpg\" data-src=\"\" alt=\"\" loading=\"lazy\" width=\"798\" height=\"904\" title=\"\"><\/div>\n<\/div>\n\n\n\n<div class=\"wp-block-greenshift-blocks-row-column gspb_row__col--6 gspb_col-id-gsbp-0459375\" id=\"gspb_col-id-gsbp-0459375\">\n<div id=\"gspb_text-id-gsbp-4028492\" class=\"gspb_text gspb_text-id-gsbp-4028492\">Le kimono (<strong>\u304d\u3082\u306e\/\u7740\u7269<\/strong>ce v\u00eatement japonais extr\u00eamement \u00e9l\u00e9gant et traditionnel t\u00e9moigne d'une longue et riche histoire perdue dans les profondeurs du temps. C'est un type de v\u00eatement qui repr\u00e9sente la culture et la tradition japonaises depuis des si\u00e8cles.<br><br>Le kimono se compose d'une seule et longue pi\u00e8ce de tissu avec de larges manches et une ceinture qui se noue autour de la taille. Ce v\u00eatement \u00e9l\u00e9gant et particulier se distingue par son mode de construction unique et les merveilleux motifs qui le d\u00e9corent.<br><br>Les origines du kimono remontent \u00e0 l'ancien Japon, o\u00f9 il \u00e9tait \u00e0 l'origine utilis\u00e9 comme v\u00eatement pour les classes aristocratiques.<br><br>Plus tard, le kimono est devenu populaire au sein de la population et a \u00e9t\u00e9 utilis\u00e9 comme v\u00eatement de tous les jours. Son \u00e9volution refl\u00e8te les changements sociaux et les influences qui ont affect\u00e9 le Japon au cours des si\u00e8cles.<br><br>Au fil du temps, les cr\u00e9ateurs et les artisans ont fait \u00e9voluer la technique et les motifs du kimono. Davantage de couleurs, des motifs vari\u00e9s et des \u00e9l\u00e9ments d\u00e9coratifs tels que des broderies ont \u00e9t\u00e9 ajout\u00e9s pour rehausser la beaut\u00e9 du v\u00eatement. Diverses variantes du kimono sont \u00e9galement apparues, comme le furisode (kimono \u00e0 manches larges), le tomesode (kimono au motif monochrome et \u00e9l\u00e9gant) et le komon (kimono aux petits motifs r\u00e9p\u00e9t\u00e9s).<br><br>Le kimono reste aujourd'hui un \u00e9l\u00e9ment important de la culture japonaise et de l'habillement traditionnel. Il est utilis\u00e9 lors d'occasions sp\u00e9ciales telles que les mariages, les c\u00e9r\u00e9monies et les festivals, mais aussi comme symbole du Japon dans le monde entier. L'esth\u00e9tique du kimono a influenc\u00e9 l'industrie de la mode et du design dans le monde entier, de nombreux cr\u00e9ateurs reconnaissant la beaut\u00e9 unique et la complexit\u00e9 technique du kimono.<br><br><strong>Un peu d'histoire sur le kimono<\/strong><br>Le kimono est apparu au Japon durant la p\u00e9riode Nara (710-794 apr\u00e8s J.-C.) et s'est d\u00e9velopp\u00e9 durant la p\u00e9riode Heian (794-1185 apr\u00e8s J.-C.). Au d\u00e9but, il \u00e9tait utilis\u00e9 par les hommes pour couvrir leur manteau, puis il est devenu un v\u00eatement f\u00e9minin traditionnel au cours de la p\u00e9riode Heian. Les femmes riches de l'aristocratie portaient des kimonos faits de tissus pr\u00e9cieux et d\u00e9cor\u00e9s de motifs color\u00e9s.<\/div>\n<\/div>\n <\/div><\/div>\n\n\n\n<div class=\"wp-block-greenshift-blocks-row gspb_row gspb_row-id-gsbp-585b6c7\" id=\"gspb_row-id-gsbp-585b6c7\"><div class=\"gspb_row__content\"> \n<div class=\"wp-block-greenshift-blocks-row-column gspb_row__col--12 gspb_col-id-gsbp-29f68b6\" id=\"gspb_col-id-gsbp-29f68b6\">\n<div class=\"wp-block-greenshift-blocks-swiper gs-swiper gspb_slider-id-gsbp-3099fe0\" style=\"position:relative\"><div class=\"gs-swiper-init\" data-slidesperview=\"1\" data-spacebetween=\"10\" data-spacebetweenmd=\"10\" data-spacebetweensm=\"10\" data-spacebetweenxs=\"10\" data-speed=\"400\" data-loop=\"false\" data-vertical=\"false\" data-verticalheight=\"500px\" data-autoheight=\"false\" data-grabcursor=\"false\" data-freemode=\"false\" data-centered=\"false\" data-autoplay=\"false\" data-autodelay=\"4000\" data-effect=\"\" data-coverflowshadow=\"false\"><div class=\"swiper\"><div class=\"swiper-wrapper\">\n<div class=\"swiper-slide\"><div class=\"wp-block-greenshift-blocks-swipe swiper-slide-inner gspb_sliderinner-id-gsbp-0014c19\"><div class=\"slider-content-zone\">\n<div class=\"wp-block-greenshift-blocks-image gspb_image gspb_image-id-gsbp-2bfce81\" id=\"gspb_image-id-gsbp-2bfce81\"><img decoding=\"async\" src=\"https:\/\/mo-mo.gr\/wp-content\/uploads\/2024\/12\/geisha.jpg\" data-src=\"\" alt=\"\" loading=\"lazy\" width=\"798\" height=\"904\" title=\"\"><\/div>\n\n\n\n<p class=\"has-text-align-center has-medium-font-size\"><\/p>\n<\/div><\/div><\/div>\n\n\n\n<div class=\"swiper-slide\"><div class=\"wp-block-greenshift-blocks-swipe swiper-slide-inner gspb_sliderinner-id-gsbp-d6ef218\"><div class=\"slider-content-zone\">\n<div class=\"wp-block-greenshift-blocks-image gspb_image gspb_image-id-gsbp-7758ec3\" id=\"gspb_image-id-gsbp-7758ec3\"><img decoding=\"async\" src=\"https:\/\/mo-mo.gr\/wp-content\/uploads\/2024\/12\/geisha-3.jpg\" data-src=\"\" alt=\"\" loading=\"lazy\" width=\"798\" height=\"904\" title=\"\"><\/div>\n\n\n\n<p class=\"has-text-align-center has-medium-font-size\"><\/p>\n<\/div><\/div><\/div>\n\n\n\n<div class=\"swiper-slide\"><div class=\"wp-block-greenshift-blocks-swipe swiper-slide-inner gspb_sliderinner-id-gsbp-7323a7a\"><div class=\"slider-content-zone\">\n<div class=\"wp-block-greenshift-blocks-image gspb_image gspb_image-id-gsbp-e9557de\" id=\"gspb_image-id-gsbp-e9557de\"><img decoding=\"async\" src=\"https:\/\/mo-mo.gr\/wp-content\/uploads\/2024\/12\/Geisha-2-1.jpg\" data-src=\"\" alt=\"\" loading=\"lazy\" width=\"798\" height=\"904\" title=\"\"><\/div>\n\n\n\n<p class=\"has-text-align-center has-medium-font-size\"><\/p>\n<\/div><\/div><\/div>\n\n\n\n<div class=\"swiper-slide\"><div class=\"wp-block-greenshift-blocks-swipe swiper-slide-inner gspb_sliderinner-id-gsbp-a98502e\"><div class=\"slider-content-zone\">\n<div class=\"wp-block-greenshift-blocks-image gspb_image gspb_image-id-gsbp-b6a0d00\" id=\"gspb_image-id-gsbp-b6a0d00\"><img decoding=\"async\" src=\"https:\/\/mo-mo.gr\/wp-content\/uploads\/2024\/12\/10-6.jpg\" data-src=\"\" alt=\"\" loading=\"lazy\" width=\"798\" height=\"904\" title=\"\"><\/div>\n\n\n\n<p class=\"has-text-align-center has-medium-font-size\"><\/p>\n<\/div><\/div><\/div>\n\n\n\n<div class=\"swiper-slide\"><div class=\"wp-block-greenshift-blocks-swipe swiper-slide-inner gspb_sliderinner-id-gsbp-f7a2e10\"><div class=\"slider-content-zone\">\n<div class=\"wp-block-greenshift-blocks-image gspb_image gspb_image-id-gsbp-f4f4792\" id=\"gspb_image-id-gsbp-f4f4792\"><img decoding=\"async\" src=\"https:\/\/mo-mo.gr\/wp-content\/uploads\/2024\/12\/9-6.jpg\" data-src=\"\" alt=\"\" loading=\"lazy\" width=\"798\" height=\"904\" title=\"\"><\/div>\n\n\n\n<p class=\"has-text-align-center has-medium-font-size\"><\/p>\n<\/div><\/div><\/div>\n\n\n\n<div class=\"swiper-slide\"><div class=\"wp-block-greenshift-blocks-swipe swiper-slide-inner gspb_sliderinner-id-gsbp-2b64fd7\"><div class=\"slider-content-zone\">\n<div class=\"wp-block-greenshift-blocks-image gspb_image gspb_image-id-gsbp-080d348\" id=\"gspb_image-id-gsbp-080d348\"><img decoding=\"async\" src=\"https:\/\/mo-mo.gr\/wp-content\/uploads\/2024\/12\/7-8.jpg\" data-src=\"\" alt=\"\" loading=\"lazy\" width=\"798\" height=\"904\" title=\"\"><\/div>\n\n\n\n<p class=\"has-text-align-center has-medium-font-size\"><\/p>\n<\/div><\/div><\/div>\n\n\n\n<div class=\"swiper-slide\"><div class=\"wp-block-greenshift-blocks-swipe swiper-slide-inner gspb_sliderinner-id-gsbp-78320e0\"><div class=\"slider-content-zone\">\n<div class=\"wp-block-greenshift-blocks-image gspb_image gspb_image-id-gsbp-53471e4\" id=\"gspb_image-id-gsbp-53471e4\"><img decoding=\"async\" src=\"https:\/\/mo-mo.gr\/wp-content\/uploads\/2024\/12\/6-9.jpg\" data-src=\"\" alt=\"\" loading=\"lazy\" width=\"798\" height=\"904\" title=\"\"><\/div>\n\n\n\n<p class=\"has-text-align-center has-medium-font-size\"><\/p>\n<\/div><\/div><\/div>\n<\/div><\/div><div class=\"swiper-pagination\"><\/div><div class=\"swiper-button-prev\"><\/div><div class=\"swiper-button-next\"><\/div><div class=\"swiper-scrollbar\"><\/div><\/div><\/div>\n<\/div>\n <\/div><\/div>","protected":false},"excerpt":{"rendered":"<p>\"Le kimono est une danse de couleurs et de textures qui met en valeur la culture et l'esth\u00e9tique japonaises. C'est l'harmonie entre la tradition et l'\u00e9l\u00e9gance moderne qui enchante et inspire\".<br \/>\nIssey Miyake, cr\u00e9ateur japonais<\/p>","protected":false},"author":187,"featured_media":0,"parent":0,"menu_order":0,"comment_status":"closed","ping_status":"closed","template":"","meta":{"_gspb_post_css":":root{--swiper-theme-color:#007aff}.swiper,swiper-container{margin-left:auto;margin-right:auto;position:relative;overflow:hidden;list-style:none;padding:0;z-index:1;display:block}.swiper-vertical>.swiper-wrapper{flex-direction:column}.swiper-wrapper{position:relative;width:100%;height:100%;z-index:1;display:flex;transition-property:transform;box-sizing:content-box}.swiper-android .swiper-slide,.swiper-wrapper{transform:translate3d(0,0,0)}.swiper-horizontal{touch-action:pan-y}.swiper-vertical{touch-action:pan-x}.swiper .swiper-slide,swiper-slide{flex-shrink:0;width:100%;height:100%;position:relative;transition-property:transform,opacity;display:block}.swiper-slide-invisible-blank{visibility:hidden}.swiper-autoheight,.swiper-autoheight .swiper-slide{height:auto}.swiper-autoheight .swiper-wrapper{align-items:flex-start;transition-property:transform,height}.swiper-backface-hidden .swiper-slide{transform:translateZ(0);-webkit-backface-visibility:hidden;backface-visibility:hidden}.swiper-3d,.swiper-3d.swiper-css-mode .swiper-wrapper{perspective:1200px}.swiper-3d .swiper-cube-shadow,.swiper-3d .swiper-slide,.swiper-3d .swiper-slide-shadow,.swiper-3d .swiper-slide-shadow-bottom,.swiper-3d .swiper-slide-shadow-left,.swiper-3d .swiper-slide-shadow-right,.swiper-3d .swiper-slide-shadow-top,.swiper-3d .swiper-wrapper{transform-style:preserve-3d}.swiper-3d .swiper-slide-shadow,.swiper-3d .swiper-slide-shadow-bottom,.swiper-3d .swiper-slide-shadow-left,.swiper-3d .swiper-slide-shadow-right,.swiper-3d .swiper-slide-shadow-top{position:absolute;left:0;top:0;width:100%;height:100%;pointer-events:none;z-index:10}.swiper-3d .swiper-slide-shadow-left{background-image:linear-gradient(to left,rgba(0,0,0,.5),transparent)}.swiper-3d .swiper-slide-shadow-right{background-image:linear-gradient(to right,rgba(0,0,0,.5),transparent)}.swiper-3d .swiper-slide-shadow-top{background-image:linear-gradient(to top,rgba(0,0,0,.5),transparent)}.swiper-3d .swiper-slide-shadow-bottom{background-image:linear-gradient(to bottom,rgba(0,0,0,.5),transparent)}.swiper-css-mode>.swiper-wrapper{overflow:auto;scrollbar-width:none;-ms-overflow-style:none}.swiper-css-mode>.swiper-wrapper::-webkit-scrollbar{display:none}.swiper-css-mode>.swiper-wrapper>.swiper-slide{scroll-snap-align:start start}.swiper-horizontal.swiper-css-mode>.swiper-wrapper{scroll-snap-type:x mandatory}.swiper-vertical.swiper-css-mode>.swiper-wrapper{scroll-snap-type:y mandatory}.swiper-centered>.swiper-wrapper::before{content:'';flex-shrink:0;order:9999}.swiper-centered>.swiper-wrapper>.swiper-slide{scroll-snap-align:center center;scroll-snap-stop:always}.swiper-centered.swiper-horizontal>.swiper-wrapper>.swiper-slide:first-child{margin-inline-start:var(--swiper-centered-offset-before)}.swiper-centered.swiper-horizontal>.swiper-wrapper::before{height:100%;min-height:1px;width:var(--swiper-centered-offset-after)}.swiper-centered.swiper-vertical>.swiper-wrapper>.swiper-slide:first-child{margin-block-start:var(--swiper-centered-offset-before)}.swiper-centered.swiper-vertical>.swiper-wrapper::before{width:100%;min-width:1px;height:var(--swiper-centered-offset-after)}.swiper-virtual .swiper-slide{-webkit-backface-visibility:hidden;transform:translateZ(0)}.swiper-virtual.swiper-css-mode .swiper-wrapper::after{content:'';position:absolute;left:0;top:0;pointer-events:none}.swiper-virtual.swiper-css-mode.swiper-horizontal .swiper-wrapper::after{height:1px;width:var(--swiper-virtual-size)}.swiper-virtual.swiper-css-mode.swiper-vertical .swiper-wrapper::after{width:1px;height:var(--swiper-virtual-size)}:root{--swiper-navigation-size:44px}.swiper-button-next,.swiper-button-prev{position:absolute;top:50%;width:calc(var(--swiper-navigation-size)\/44*27);height:var(--swiper-navigation-size);margin-top:calc(0px - (var(--swiper-navigation-size)\/2));z-index:10;cursor:pointer;display:flex;align-items:center;justify-content:center;color:var(--swiper-navigation-color,var(--swiper-theme-color))}.swiper-button-next.swiper-button-disabled,.swiper-button-prev.swiper-button-disabled{opacity:.35;cursor:auto;pointer-events:none}.swiper-button-next.swiper-button-hidden,.swiper-button-prev.swiper-button-hidden{opacity:0;cursor:auto;pointer-events:none}.swiper-navigation-disabled .swiper-button-next,.swiper-navigation-disabled .swiper-button-prev{display:none!important}.swiper-button-next:after,.swiper-button-prev:after{font-size:var(--swiper-navigation-size);text-transform:none!important;letter-spacing:0;font-variant:initial;line-height:1}.swiper-button-prev,.swiper-rtl .swiper-button-next{left:var(--swiper-navigation-sides-offset,10px);right:auto}.swiper-button-prev:after,.swiper-rtl .swiper-button-next:after{content:'\u276e'}.swiper-button-next,.swiper-rtl .swiper-button-prev{right:var(--swiper-navigation-sides-offset,10px);left:auto}.swiper-button-next:after,.swiper-rtl .swiper-button-prev:after{content:'\u276f'}.swiper-button-lock{display:none}.swiper-pagination{position:absolute;text-align:center;transition:.3s opacity;transform:translate3d(0,0,0);z-index:10}.swiper-pagination.swiper-pagination-hidden{opacity:0}.swiper-pagination-disabled>.swiper-pagination,.swiper-pagination.swiper-pagination-disabled{display:none!important}.swiper-horizontal>.swiper-pagination-bullets,.swiper-pagination-bullets.swiper-pagination-horizontal,.swiper-pagination-custom,.swiper-pagination-fraction{bottom:var(--swiper-pagination-bottom,10px);left:0;width:100%;line-height:0}.swiper-pagination-bullet{width:var(--swiper-pagination-bullet-width,var(--swiper-pagination-bullet-size,8px));height:var(--swiper-pagination-bullet-height,var(--swiper-pagination-bullet-size,8px));display:inline-block;border-radius:var(--swiper-pagination-bullet-border-radius,50%);background:var(--swiper-pagination-bullet-inactive-color,#000);opacity:var(--swiper-pagination-bullet-inactive-opacity,.2)}button.swiper-pagination-bullet{border:0;margin:0;padding:0;box-shadow:none;-webkit-appearance:none;appearance:none}.swiper-pagination-clickable .swiper-pagination-bullet{cursor:pointer}.swiper-pagination-bullet:only-child{display:none!important}.swiper-pagination-bullet-active{opacity:var(--swiper-pagination-bullet-opacity,1);background:var(--swiper-pagination-color,var(--swiper-theme-color))}.swiper-pagination-vertical.swiper-pagination-bullets,.swiper-vertical>.swiper-pagination-bullets{right:var(--swiper-pagination-right,10px);left:var(--swiper-pagination-left,auto);top:50%;transform:translate3d(0,-50%,0)}.swiper-pagination-vertical.swiper-pagination-bullets .swiper-pagination-bullet,.swiper-vertical>.swiper-pagination-bullets .swiper-pagination-bullet{margin:var(--swiper-pagination-bullet-vertical-gap,6px) 0;display:block}.swiper-horizontal>.swiper-pagination-bullets .swiper-pagination-bullet,.swiper-pagination-horizontal.swiper-pagination-bullets .swiper-pagination-bullet{margin:0 var(--swiper-pagination-bullet-horizontal-gap,4px)}.swiper-pagination-fraction{color:var(--swiper-pagination-fraction-color,inherit)}.swiper-pagination-lock{display:none}.swiper-scrollbar,.swiper-scrollbar-drag{position:relative;border-radius:var(--swiper-scrollbar-border-radius,10px)}.swiper-scrollbar{-ms-touch-action:none;background:var(--swiper-scrollbar-bg-color,rgba(0,0,0,.1))}.swiper-scrollbar-disabled>.swiper-scrollbar,.swiper-scrollbar.swiper-scrollbar-disabled{display:none!important}.swiper-horizontal>.swiper-scrollbar,.swiper-scrollbar.swiper-scrollbar-horizontal{position:absolute;left:var(--swiper-scrollbar-sides-offset,1%);bottom:var(--swiper-scrollbar-bottom,4px);top:var(--swiper-scrollbar-top,auto);z-index:50;height:var(--swiper-scrollbar-size,4px);width:calc(100% - 2*var(--swiper-scrollbar-sides-offset,1%))}.swiper-scrollbar.swiper-scrollbar-vertical,.swiper-vertical>.swiper-scrollbar{position:absolute;left:var(--swiper-scrollbar-left,auto);right:var(--swiper-scrollbar-right,4px);top:var(--swiper-scrollbar-sides-offset,1%);z-index:50;width:var(--swiper-scrollbar-size,4px);height:calc(100% - 2*var(--swiper-scrollbar-sides-offset,1%))}.swiper-scrollbar-drag{height:100%;width:100%;background:var(--swiper-scrollbar-drag-bg-color,rgba(0,0,0,.5));left:0;top:0}.swiper-scrollbar-cursor-drag{cursor:move}.swiper-scrollbar-lock{display:none}.swiper-zoom-container{width:100%;height:100%;display:flex;justify-content:center;align-items:center;text-align:center}.swiper-zoom-container>canvas,.swiper-zoom-container>img,.swiper-zoom-container>svg{max-width:100%;max-height:100%;object-fit:contain}.swiper-slide-zoomed{cursor:move;touch-action:none}.swiper .swiper-notification,swiper-container .swiper-notification{position:absolute;left:0;top:0;pointer-events:none;opacity:0;z-index:-1000}.swiper-free-mode>.swiper-wrapper{transition-timing-function:ease-out;margin:0 auto}.swiper-cards .swiper-slide,.swiper-creative .swiper-slide{-webkit-backface-visibility:hidden;backface-visibility:hidden;overflow:hidden}.swiper-creative .swiper-slide{transition-property:transform,opacity,height}.swiper-cards{overflow:visible}.swiper-cards .swiper-slide{transform-origin:center bottom}#gspb_row-id-gsbp-585b6c7,#gspb_row-id-gsbp-8c8383b{justify-content:space-between;margin-top:0;margin-bottom:0;display:flex;flex-wrap:wrap}#gspb_row-id-gsbp-8c8383b>.gspb_row__content{display:flex;justify-content:space-between;margin:0 auto;width:100%;flex-wrap:wrap}.gspb_row{position:relative}div[id^=gspb_col-id]{box-sizing:border-box;position:relative;padding:var(--gs-row-column-padding, 15px min(3vw, 20px))}#gspb_col-id-gsbp-51a039f.gspb_row__col--6{width:50%}@media (max-width:575.98px){#gspb_col-id-gsbp-51a039f.gspb_row__col--6{width:100%}}#gspb_col-id-gsbp-0459375.gspb_row__col--6{width:50%}@media (max-width:575.98px){#gspb_col-id-gsbp-0459375.gspb_row__col--6{width:100%}}#gspb_row-id-gsbp-585b6c7>.gspb_row__content{display:flex;justify-content:space-between;margin:0 auto;width:100%;flex-wrap:wrap}body.gspb-bodyfront #gspb_row-id-gsbp-585b6c7>.gspb_row__content,body.gspb-bodyfront #gspb_row-id-gsbp-8c8383b>.gspb_row__content{width:var(--theme-container-width, 1200px);max-width:var(--theme-normal-container-max-width, 1200px)}#gspb_col-id-gsbp-29f68b6.gspb_row__col--12,.gspb_slider-id-gsbp-3099fe0{width:100%}@media (max-width:575.98px){#gspb_col-id-gsbp-29f68b6.gspb_row__col--12{width:100%}}.gspb_slider-id-gsbp-3099fe0 .swiper-slide-inner{min-height:160px;justify-content:center}.gspb_slider-id-gsbp-3099fe0 .swiper-button-next,.gspb_slider-id-gsbp-3099fe0 .swiper-button-prev{top:40%}.gspb_slider-id-gsbp-3099fe0 .swiper-button-prev{left:10px}.gspb_slider-id-gsbp-3099fe0 .swiper-button-next{right:10px}.gspb_slider-id-gsbp-3099fe0 .swiper-slide-inner{align-items:center}.gspb_slider-id-gsbp-3099fe0 .swiper-button-next,.gspb_slider-id-gsbp-3099fe0 .swiper-button-prev{width:66px;height:66px;line-height:66px}.gspb_slider-id-gsbp-3099fe0 .swiper-button-next:after,.gspb_slider-id-gsbp-3099fe0 .swiper-button-prev:after{font-size:26px}.gspb_slider-id-gsbp-3099fe0 .gspb-sliderlink{position:absolute;top:0;left:0;right:0;bottom:0;z-index:3}.gspb_slider-id-gsbp-3099fe0 .swiper-slide-inner>div{position:relative}.gspb_slider-id-gsbp-3099fe0 .swiper-pagination{bottom:10px!important;text-align:center!important}.gspb_slider-id-gsbp-3099fe0 .swiper-scrollbar{visibility:hidden;height:6px;display:none}.gspb_slider-id-gsbp-3099fe0 .swiper-pagination-bullet{width:8px;height:8px;border-radius:100px;transition:width .4s ease-out}.gspb_slider-id-gsbp-3099fe0 .swiper-pagination-bullet-active{width:24px}.gspb_slider-id-gsbp-3099fe0 .swiper-button-next,.gspb_slider-id-gsbp-3099fe0 .swiper-button-prev{box-shadow:20px 20px 60px #58667d5e}.gspb_slider-id-gsbp-3099fe0 [data-block]{margin-top:0;margin-bottom:0}.gspb_slider-id-gsbp-3099fe0 .swiper-slide-inner .wp-block,.gspb_slider-id-gsbp-3099fe0 .swiper-slide-inner.wp-block{max-width:100%}.gspb_slider-id-gsbp-3099fe0 .slider-image-wrapper{top:0;left:0;right:0;bottom:0;position:absolute!important;z-index:0;height:100%;width:100%;overflow:hidden}.gspb_slider-id-gsbp-3099fe0 .slider-image-wrapper img{width:100%;height:100%}.gspb_sliderinner-id-gsbp-0014c19,.gspb_sliderinner-id-gsbp-d6ef218{background-size:contain;display:flex;box-sizing:border-box;background-repeat:no-repeat}#gspb_image-id-gsbp-07471b1 img,#gspb_image-id-gsbp-2bfce81 img,#gspb_image-id-gsbp-7758ec3 img,#gspb_image-id-gsbp-e9557de img{vertical-align:top;display:inline-block;box-sizing:border-box;max-width:100%;height:auto}.gspb_sliderinner-id-gsbp-2b64fd7,.gspb_sliderinner-id-gsbp-7323a7a,.gspb_sliderinner-id-gsbp-78320e0,.gspb_sliderinner-id-gsbp-a98502e,.gspb_sliderinner-id-gsbp-f7a2e10{background-size:contain;display:flex;box-sizing:border-box;background-repeat:no-repeat}#gspb_image-id-gsbp-080d348 img,#gspb_image-id-gsbp-53471e4 img,#gspb_image-id-gsbp-b6a0d00 img,#gspb_image-id-gsbp-f4f4792 img{vertical-align:top;display:inline-block;box-sizing:border-box;max-width:100%;height:auto}","footnotes":""},"class_list":["post-12787","page","type-page","status-publish","hentry"],"blocksy_meta":[],"_links":{"self":[{"href":"https:\/\/mo-mo.gr\/fr\/wp-json\/wp\/v2\/pages\/12787","targetHints":{"allow":["GET"]}}],"collection":[{"href":"https:\/\/mo-mo.gr\/fr\/wp-json\/wp\/v2\/pages"}],"about":[{"href":"https:\/\/mo-mo.gr\/fr\/wp-json\/wp\/v2\/types\/page"}],"author":[{"embeddable":true,"href":"https:\/\/mo-mo.gr\/fr\/wp-json\/wp\/v2\/users\/187"}],"replies":[{"embeddable":true,"href":"https:\/\/mo-mo.gr\/fr\/wp-json\/wp\/v2\/comments?post=12787"}],"version-history":[{"count":1,"href":"https:\/\/mo-mo.gr\/fr\/wp-json\/wp\/v2\/pages\/12787\/revisions"}],"predecessor-version":[{"id":13335,"href":"https:\/\/mo-mo.gr\/fr\/wp-json\/wp\/v2\/pages\/12787\/revisions\/13335"}],"wp:attachment":[{"href":"https:\/\/mo-mo.gr\/fr\/wp-json\/wp\/v2\/media?parent=12787"}],"curies":[{"name":"wp","href":"https:\/\/api.w.org\/{rel}","templated":true}]}}