{"id":12959,"date":"2025-01-14T12:23:58","date_gmt":"2025-01-14T10:23:58","guid":{"rendered":"https:\/\/mo-mo.gr\/?post_type=product&#038;p=12959"},"modified":"2025-03-05T11:22:13","modified_gmt":"2025-03-05T09:22:13","slug":"akita-no-kizuma-laukku","status":"publish","type":"product","link":"https:\/\/mo-mo.gr\/fi\/\u03c0\u03c1\u03bf\u03ca\u03cc\u03bd\u03c4\u03b1\/akita-no-kizuma-tote-bag\/","title":{"rendered":"Akita No Kizuma Kangaskassi"},"content":{"rendered":"<p>Mitat <strong>44 cm korkea, 36 cm leve\u00e4 ja 8 cm syv\u00e4.<\/strong>, \u03b7 <strong>Akita no Kizuna<\/strong> tarjoaa runsaasti tilaa jokap\u00e4iv\u00e4isille tavaroillesi. K\u00e4ytitp\u00e4 sit\u00e4 sitten ostoksille, t\u00f6ihin tai k\u00e4velylle, se on riitt\u00e4v\u00e4n tilava t\u00e4ytt\u00e4m\u00e4\u00e4n kaikki tarpeesi.<\/p>\n<h3><strong>K\u00e4yt\u00e4nn\u00f6llisyys ja yksityiskohdat<\/strong><\/h3>\n<ul>\n<li><strong>Sis\u00e4tasku vetoketjulla:<\/strong> Ihanteellinen pienten esineiden, kuten avainten, lompakon tai matkapuhelimen s\u00e4ilytt\u00e4miseen, mik\u00e4 takaa v\u00e4litt\u00f6m\u00e4n p\u00e4\u00e4syn ja j\u00e4rjestelyn.<\/li>\n<li><strong>Vetoketju:<\/strong> Laukku sulkeutuu t\u00e4ysin tukevalla vetoketjulla, joka tarjoaa parhaan mahdollisen suojan tavaroillesi.<\/li>\n<li><strong>Kest\u00e4vyys:<\/strong> Laukun rakenne on suunniteltu jokap\u00e4iv\u00e4iseen k\u00e4ytt\u00f6\u00f6n s\u00e4ilytt\u00e4en sen toimivuuden ja tyylikkyyden.<\/li>\n<\/ul>\n<p>Nimi \"Akita no Kizuna\" tarkoittaa \"Akitan side\", ja se on omistettu sille ainutlaatuiselle yhteydelle, joka akita-koirilla on ihmisiin ja joka symboloi uskollisuutta, omistautumista ja harmoniaa. Geometriset kuviot heijastavat japanilaista nykykulttuuria, kun taas perinteisten kankaiden k\u00e4ytt\u00f6 yhdist\u00e4\u00e4 menneisyyden ja nykyisyyden.<\/p>","protected":false},"excerpt":{"rendered":"<p>Laukku on valmistettu laadukkaasta tikatusta kankaasta ja Kiotosta per\u00e4isin olevasta puuvillakankaasta, ja se huokuu ylellisyytt\u00e4 ja perinteit\u00e4. Mallissa on rohkeita punaisia geometrisia muotoja, jotka sulautuvat harmonisesti akita-koirien kanssa luoden ainutlaatuisen visuaalisen kokemuksen. Tikkaus tarjoaa tekstuuria ja syvyytt\u00e4, mik\u00e4 lis\u00e4\u00e4 laukun kest\u00e4vyytt\u00e4.<\/p>\n<p>Akita no Kizuna -kangaskassi on enemm\u00e4n kuin pelkk\u00e4 laukku - se on taideteos, jossa yhdistyv\u00e4t japanilainen perinne ja moderni estetiikka. T\u00e4m\u00e4 laukku on saanut inspiraationsa jaloista ja uskollisista akita-koirista, mutta geometristen kuvioiden intensiteetill\u00e4, ja se lis\u00e4\u00e4 tyylikkyytt\u00e4 ja ainutlaatuisuutta mihin tahansa lookkiin.\u03c9<\/p>","protected":false},"featured_media":12961,"comment_status":"open","ping_status":"closed","template":"","meta":{"_gspb_post_css":""},"product_brand":[],"product_cat":[76,123],"product_tag":[],"class_list":{"0":"post-12959","1":"product","2":"type-product","3":"status-publish","4":"has-post-thumbnail","6":"product_cat-totes","7":"product_cat-123","8":"pa_-128","9":"pa_-129","11":"first","12":"instock","13":"taxable","14":"shipping-taxable","15":"purchasable","16":"product-type-simple"},"_links":{"self":[{"href":"https:\/\/mo-mo.gr\/fi\/wp-json\/wp\/v2\/product\/12959","targetHints":{"allow":["GET"]}}],"collection":[{"href":"https:\/\/mo-mo.gr\/fi\/wp-json\/wp\/v2\/product"}],"about":[{"href":"https:\/\/mo-mo.gr\/fi\/wp-json\/wp\/v2\/types\/product"}],"replies":[{"embeddable":true,"href":"https:\/\/mo-mo.gr\/fi\/wp-json\/wp\/v2\/comments?post=12959"}],"wp:featuredmedia":[{"embeddable":true,"href":"https:\/\/mo-mo.gr\/fi\/wp-json\/wp\/v2\/media\/12961"}],"wp:attachment":[{"href":"https:\/\/mo-mo.gr\/fi\/wp-json\/wp\/v2\/media?parent=12959"}],"wp:term":[{"taxonomy":"product_brand","embeddable":true,"href":"https:\/\/mo-mo.gr\/fi\/wp-json\/wp\/v2\/product_brand?post=12959"},{"taxonomy":"product_cat","embeddable":true,"href":"https:\/\/mo-mo.gr\/fi\/wp-json\/wp\/v2\/product_cat?post=12959"},{"taxonomy":"product_tag","embeddable":true,"href":"https:\/\/mo-mo.gr\/fi\/wp-json\/wp\/v2\/product_tag?post=12959"}],"curies":[{"name":"wp","href":"https:\/\/api.w.org\/{rel}","templated":true}]}}