{"id":9501,"date":"2024-12-12T12:47:37","date_gmt":"2024-12-12T12:47:37","guid":{"rendered":"https:\/\/mo-mo.gr\/?page_id=9501"},"modified":"2024-12-17T21:33:57","modified_gmt":"2024-12-17T19:33:57","slug":"%cf%85%cf%86%ce%ac%cf%83%ce%bc%ce%b1%cf%84%ce%b1","status":"publish","type":"page","link":"https:\/\/mo-mo.gr\/fi\/%cf%85%cf%86%ce%ac%cf%83%ce%bc%ce%b1%cf%84%ce%b1\/","title":{"rendered":"Kankaat"},"content":{"rendered":"<div id=\"gspb_text-id-gsbp-a910a73\" class=\"gspb_text gspb_text-id-gsbp-a910a73\"><strong>Liinavaatteet:<\/strong>\u00a0Pellava on yksi vanhimmista ja kest\u00e4vimmist\u00e4 vaatetuskankaista. Vuosituhansien j\u00e4lkeen t\u00e4m\u00e4 luonnonkuitu on edelleen suosittu erinomaisten ominaisuuksiensa ja tyylikkyytens\u00e4 vuoksi.<br><br>Pellavalle on ominaista sen kest\u00e4vyys, mink\u00e4 vuoksi se sopii erinomaisesti jokap\u00e4iv\u00e4isiin ja ajattomiin vaatteisiin. T\u00e4m\u00e4 kangas hengitt\u00e4\u00e4 vapaasti, joten iho tuntuu raikkaalta ja viile\u00e4lt\u00e4 my\u00f6s kuumina kes\u00e4p\u00e4ivin\u00e4. Lis\u00e4ksi sen hyv\u00e4 imukyky tekee siit\u00e4 ihanteellisen ihmisille, jotka hikoilevat helposti.<br>Yksi pellavan suurista eduista on sen luonnollinen antimikrobinen ominaisuus. T\u00e4m\u00e4 tarkoittaa, ett\u00e4 se est\u00e4\u00e4 bakteerien ja ep\u00e4miellytt\u00e4vien hajujen kasvua ja pit\u00e4\u00e4 vaatteet raikkaina ja tervein\u00e4 pidemp\u00e4\u00e4n.<br><br>Lis\u00e4ksi pellavalle on ominaista sen tyylik\u00e4s ja luonnollinen ulkon\u00e4k\u00f6. Sen rakenne on ainutlaatuinen ja antaa hienostuneisuutta ja eleganssia jokaiselle vaatekappaleelle, jossa sit\u00e4 k\u00e4ytet\u00e4\u00e4n. Olipa kyseess\u00e4 paita, housut, mekko tai takki, pellava luo eleganssia ja aitoutta.<br><br>Se on helppohoitoinen, kest\u00e4\u00e4 useita pesukertoja ja muuttuu ajan my\u00f6t\u00e4 entist\u00e4 pehme\u00e4mm\u00e4ksi ja kauniimmaksi. Pellavavaatekangas on siis vaihtoehto, jossa yhdistyv\u00e4t kest\u00e4vyys, mukavuus ja tyylikkyys ja joka tarjoaa ainutlaatuisen vaatekokemuksen.<br><br><strong>Silkki\u00e4:<\/strong>\u00a0Silkki on ihana kangas, joka huokuu ylellisyytt\u00e4 ja hienostunutta kauneutta. Pehme\u00e4n rakenteensa ja kiilt\u00e4v\u00e4n ulkon\u00e4k\u00f6ns\u00e4 ansiosta silkki on valloittanut ihmisten syd\u00e4met vuosisatojen ajan.<br>Silkkikankaan t\u00e4rkein ominaisuus on sen iholle tarjoama viileyden ja keveyden tunne. Se imee kosteutta ja antaa ihon hengitt\u00e4\u00e4 luoden keholle mukavan ja viile\u00e4n tilan.<br><br>Silkkisen kankaan kiilto on vertaansa vailla. Kun se valaistaan, se heijastaa valoa ja luo h\u00e4ik\u00e4isev\u00e4n ulkon\u00e4\u00f6n. T\u00e4m\u00e4 silkin luonnollinen hehku tekee siit\u00e4 ihanteellisen muodollisiin ja juhlallisiin tilaisuuksiin, kuten h\u00e4ihin ja seremonioihin.<br>Toinen silkkikankaan etu on sen kyky s\u00e4ilytt\u00e4\u00e4 v\u00e4rins\u00e4 pitk\u00e4\u00e4n. Silkkikankaan elinvoimaiset s\u00e4vyt luovat ylellisyyden ja hienostuneisuuden tunteen.<br><br>Silkki on kangas, joka ilment\u00e4\u00e4 pehmeyden, hienostuneisuuden ja eleganssin v\u00e4list\u00e4 harmoniaa. Se sopii erinomaisesti erityisiin tilaisuuksiin sek\u00e4 jokap\u00e4iv\u00e4isiin pukeutumisiin, joissa halutaan tuoda esiin eleganssia ja hienostuneisuutta.<br><br><strong>Viskoosi:<\/strong>\u00a0Viskoosi on kangas, joka on valmistettu luonnossa esiintyv\u00e4st\u00e4 selluloosasta, joka on per\u00e4isin kasvikuitupolymeereist\u00e4. T\u00e4ss\u00e4 ihanassa materiaalissa yhdistyv\u00e4t silkin pehmeys ja rakenne sek\u00e4 helppok\u00e4ytt\u00f6isyys ja edullisuus.<br><br>Viskoosi on rakenteeltaan pehme\u00e4\u00e4, mik\u00e4 tekee siit\u00e4 eritt\u00e4in miellytt\u00e4v\u00e4n iholle. Se on kevytt\u00e4 ja viile\u00e4\u00e4, ja se tarjoaa k\u00e4ytt\u00e4j\u00e4lleen mukavuutta ja hengitt\u00e4vyytt\u00e4. Lis\u00e4ksi viskoosilla on hyv\u00e4 imukyky, joka pit\u00e4\u00e4 ihon kuivana ja viile\u00e4n\u00e4 my\u00f6s kuumissa ja kosteissa ilmasto-olosuhteissa.<br><br>Toinen viskoosin etu on sen helppo k\u00e4sitelt\u00e4vyys ja muotoiltavuus. Se voi saada erilaisia muotoja, tyylikk\u00e4ist\u00e4 ja romanttisista kukkakuvioista moderneihin geometrisiin kuvioihin. Lis\u00e4ksi viskoosi on herkk\u00e4 valolle, ja sill\u00e4 on ominainen kiilto, jonka ansiosta se sopii tyylikk\u00e4isiin ja muodollisiin vaatteisiin.<br><br>Kaikki n\u00e4m\u00e4 ominaisuudet tekev\u00e4t viskoosista suositun kimonokankaan. Tutustu viskoosin tarjoamiin erilaisiin malleihin ja v\u00e4reihin ja nauti t\u00e4m\u00e4n ihanan kankaan tarjoamasta joustavuuden ja tyylikkyyden tunteesta.<br><br><strong>Puuvillaa:<\/strong>\u00a0Puuvillakangas on yksi muodin ja vaatteiden suosituimmista materiaaleista. Se on per\u00e4isin puuvillan kasvikuidusta, ja sill\u00e4 on monia erinomaisia ominaisuuksia, jotka tekev\u00e4t siit\u00e4 ihanteellisen jokap\u00e4iv\u00e4iseen k\u00e4ytt\u00f6\u00f6n.<br><br>Puuvillakangas on pehme\u00e4\u00e4, hengitt\u00e4v\u00e4\u00e4 ja miellytt\u00e4v\u00e4\u00e4 iholla. Luonnonkuitujen ansiosta ilma p\u00e4\u00e4see kiert\u00e4m\u00e4\u00e4n vapaasti kankaan l\u00e4pi, mik\u00e4 pit\u00e4\u00e4 kehon viile\u00e4n\u00e4 ja kuivana my\u00f6s kuumissa ja kosteissa olosuhteissa. Lis\u00e4ksi puuvillakankaalla on hyv\u00e4 imukyky, joka imee hike\u00e4 ja antaa ihon hengitt\u00e4\u00e4.<br><br>Toinen puuvillakankaan t\u00e4rke\u00e4 etu on sen kest\u00e4vyys. Se kest\u00e4\u00e4 k\u00e4ytt\u00f6\u00e4 ja pesua ja s\u00e4ilytt\u00e4\u00e4 alkuper\u00e4isen muotonsa ja laatunsa pitk\u00e4\u00e4n. Lis\u00e4ksi sit\u00e4 on helppo hoitaa ja silitt\u00e4\u00e4.<br><br>Puuvillakangas on monik\u00e4ytt\u00f6inen ja monipuolinen. Siit\u00e4 voidaan valmistaa monenlaisia vaatteita, kuten paitoja, mekkoja, housuja, hameita ja pyjamia. Sit\u00e4 on saatavana monissa malleissa, v\u00e4reiss\u00e4 ja kuvioissa, mink\u00e4 ansiosta voit luoda ainutlaatuisia ja r\u00e4\u00e4t\u00e4l\u00f6ityj\u00e4 vaatekappaleita.<br><br>Kaikki n\u00e4m\u00e4 ominaisuudet tekev\u00e4t puuvillakankaasta erinomaisen valinnan mukaviin, tyylikk\u00e4isiin ja k\u00e4yt\u00e4nn\u00f6llisiin vaatteisiin. Tutustu tarjolla olevaan puuvillakankaiden valikoimaan ja valitse oikeat kappaleet, jotka tarjoavat mukavuutta ja tyyli\u00e4 joka tilanteeseen.<br><br><strong>Taftat:<\/strong>\u00a0Tafettikangas on ihana kangas, jolla on rikas historia ja tyylik\u00e4s ulkon\u00e4k\u00f6. T\u00e4lle kudotulle kankaalle on ominaista sen rakenne, joka syntyy tiheiden ja ohuiden lankojen vuorottelusta kudonnan aikana.<br><br>Taftissa on ainutlaatuinen kiilto ja rakenne, joten se sopii erinomaisesti muodolliseen ja tyylikk\u00e4\u00e4seen pukeutumiseen. Se on pehme\u00e4\u00e4 ja tuntuu pehme\u00e4lt\u00e4 iholla, ja se tarjoaa mukavuutta ja liikkumisen joustavuutta. Tafettikangasta voi olla monenlaisia v\u00e4rej\u00e4 ja kuvioita suunnittelijan mieltymysten ja luovuuden mukaan.<br><br>Sit\u00e4 k\u00e4ytet\u00e4\u00e4n usein iltapukujen, pukujen ja juhlavaatteiden valmistukseen. Taftin eleganssi ja hienostuneisuus tekev\u00e4t siit\u00e4 ihanteellisen erityisiin tilaisuuksiin, kuten h\u00e4ihin, seremonioihin ja cocktailtilaisuuksiin. Se on huomiota her\u00e4tt\u00e4v\u00e4 kangas, joka lis\u00e4\u00e4 ylellisyytt\u00e4 ja eleganssia mihin tahansa lookkiin.<br><br>Tutustu taftikangasv\u00e4rien ja -kuvioiden kirjoon ja valitse vaatekaappiisi ne kappaleet, jotka tuovat glamouria ja hienostuneisuutta. Nauti t\u00e4m\u00e4n ihanan kankaan tarjoamasta ylellisyyden ja eleganssin tunteesta.<br><br><strong>Satiini:<\/strong>\u00a0Satiinikangas on tunnettu pehme\u00e4st\u00e4, kiilt\u00e4v\u00e4st\u00e4 rakenteestaan ja hienostuneesta ulkon\u00e4\u00f6st\u00e4\u00e4n. T\u00e4m\u00e4 kudottu kangas syntyy erityisell\u00e4 absoluuttisella tai ep\u00e4suoralla kudontatekniikalla, jossa lankoja ohjaa erityinen ylim\u00e4\u00e4r\u00e4inen kudontatapa, joka luo sille ominaisen kiilt\u00e4v\u00e4n vaikutelman.<br><br>Satiini on kangas, joka erottuu korkeasta laadustaan ja ylellisyydest\u00e4\u00e4n. Sen sile\u00e4 ja pehme\u00e4 rakenne saa kankaan tuntumaan miellytt\u00e4v\u00e4lt\u00e4 ihoa vasten, ja sen kiilto lis\u00e4\u00e4 kiiltoa ja hienostuneisuutta jokaiseen siit\u00e4 valmistettuun kappaleeseen.<br><br>Satiinia k\u00e4ytet\u00e4\u00e4n laajalti juhla- ja iltapukujen, kuten mekkojen, hameiden ja yl\u00e4osien valmistuksessa. Se on my\u00f6s suosittua sis\u00e4tilojen, verhojen, p\u00e4iv\u00e4peitteiden ja tyynyjen koristeluun. Satiinin tyylikkyys ja kest\u00e4vyys tekev\u00e4t siit\u00e4 ihanteellisen erikoistilaisuuksiin ja luovat romanttisen ja tyylikk\u00e4\u00e4n tunnelman.<br><br>Jos etsit kangasta, joka lis\u00e4\u00e4 kiiltoa ja hienostuneisuutta vaatekaappisi valintoihin, satiini on erinomainen valinta. Tutustu sen v\u00e4ri- ja kuviovalikoimaan ja luo uniikkeja kappaleita, jotka erottuvat eduksesi tyylikkyydell\u00e4\u00e4n.<\/div>","protected":false},"excerpt":{"rendered":"<p>&#8220;\u039a\u03ac\u03b8\u03b5 \u03ac\u03bd\u03b8\u03c1\u03c9\u03c0\u03bf\u03c2 \u03b4\u03b5\u03bd \u03c0\u03c1\u03ad\u03c0\u03b5\u03b9 \u03bd\u03b1 \u03c6\u03b1\u03af\u03bd\u03b5\u03c4\u03b1\u03b9 \u03cc\u03bc\u03bf\u03c1\u03c6\u03bf\u03c2. \u0398\u03b1 \u03c0\u03c1\u03ad\u03c0\u03b5\u03b9 \u03bd\u03b1 \u03bc\u03bf\u03b9\u03ac\u03b6\u03b5\u03b9 \u03bc\u03b5 \u03c4\u03bf\u03bd \u03b5\u03b1\u03c5\u03c4\u03cc \u03c4\u03bf\u03c5. \u0391\u03c5\u03c4\u03cc \u03b5\u03af\u03bd\u03b1\u03b9 \u03cc\u03bc\u03bf\u03c1\u03c6\u03bf&#8221;<\/p>","protected":false},"author":187,"featured_media":0,"parent":0,"menu_order":0,"comment_status":"closed","ping_status":"closed","template":"","meta":{"_gspb_post_css":"","footnotes":""},"class_list":["post-9501","page","type-page","status-publish","hentry"],"blocksy_meta":[],"_links":{"self":[{"href":"https:\/\/mo-mo.gr\/fi\/wp-json\/wp\/v2\/pages\/9501","targetHints":{"allow":["GET"]}}],"collection":[{"href":"https:\/\/mo-mo.gr\/fi\/wp-json\/wp\/v2\/pages"}],"about":[{"href":"https:\/\/mo-mo.gr\/fi\/wp-json\/wp\/v2\/types\/page"}],"author":[{"embeddable":true,"href":"https:\/\/mo-mo.gr\/fi\/wp-json\/wp\/v2\/users\/187"}],"replies":[{"embeddable":true,"href":"https:\/\/mo-mo.gr\/fi\/wp-json\/wp\/v2\/comments?post=9501"}],"version-history":[{"count":0,"href":"https:\/\/mo-mo.gr\/fi\/wp-json\/wp\/v2\/pages\/9501\/revisions"}],"wp:attachment":[{"href":"https:\/\/mo-mo.gr\/fi\/wp-json\/wp\/v2\/media?parent=9501"}],"curies":[{"name":"wp","href":"https:\/\/api.w.org\/{rel}","templated":true}]}}