{"id":9491,"date":"2024-12-12T12:43:29","date_gmt":"2024-12-12T12:43:29","guid":{"rendered":"https:\/\/mo-mo.gr\/?page_id=9491"},"modified":"2024-12-17T21:08:19","modified_gmt":"2024-12-17T19:08:19","slug":"%cf%81%ce%b1%cf%86%ce%ae-%ce%b1%cf%83%ce%b9%ce%b1%cf%84%ce%b9%ce%ba%cf%8e%ce%bd-%ce%b5%ce%bd%ce%b4%cf%85%ce%bc%ce%ac%cf%84%cf%89%ce%bd","status":"publish","type":"page","link":"https:\/\/mo-mo.gr\/fi\/%cf%81%ce%b1%cf%86%ce%ae-%ce%b1%cf%83%ce%b9%ce%b1%cf%84%ce%b9%ce%ba%cf%8e%ce%bd-%ce%b5%ce%bd%ce%b4%cf%85%ce%bc%ce%ac%cf%84%cf%89%ce%bd\/","title":{"rendered":"Aasialaisten vaatteiden ompelu"},"content":{"rendered":"<h2 id=\"gspb_heading-id-gsbp-52b3e19\" class=\"gspb_heading gspb_heading-id-gsbp-52b3e19\">R\u00e4\u00e4t\u00e4l\u00f6ity sauma aasialaisella estetiikalla<\/h2>\n\n\n\n<div id=\"gspb_text-id-gsbp-7369c62\" class=\"gspb_text gspb_text-id-gsbp-7369c62\">MOMO KIDOHOn mittatilausompelupalvelussa yhdistyv\u00e4t perinteinen aasialainen estetiikka ja modernit muotivirtaukset. Luomme ainutlaatuisia vaatteita ja asusteita, jotka heijastavat japanilaisen, korealaisen ja kiinalaisen kulttuurin aitoutta ja yksityiskohtia. Jokainen kappale suunnitellaan asiakkaan tarpeiden ja toiveiden pohjalta, mik\u00e4 takaa t\u00e4ydellisen istuvuuden ja ainutlaatuisen tyylin. Halusitpa sitten perinteisen kimonon tai modernin mekon, jossa on aasialaisia vaikutteita, me teemme siit\u00e4 totta.<\/div>\n\n\n\n<h2 id=\"gspb_heading-id-gsbp-300e650\" class=\"gspb_heading gspb_heading-id-gsbp-300e650\">Aasialaisten vaatteiden jalostus ja muuntaminen<\/h2>\n\n\n\n<div id=\"gspb_text-id-gsbp-6c31b1d\" class=\"gspb_text gspb_text-id-gsbp-6c31b1d\">MOMO KIDOHO tarjoaa erikoistuneita palveluja aasialaisten vaatteiden, kuten kimonojen ja chipaojen, k\u00e4sittelyyn ja muokkaukseen. Uudistamme ja muokkaamme perinteisi\u00e4 vaatteitasi vastaamaan nykyaikaisia trendej\u00e4 tai antamaan niille uuden, ainutlaatuisen identiteetin. Olipa kyseess\u00e4 vanhan kimonon koon muuttaminen tai chipaon muuttaminen nykyaikaiseksi kappaleeksi, asiantuntijamme auttavat sinua.<\/div>\n\n\n\n<h2 id=\"gspb_heading-id-gsbp-61de3a7\" class=\"gspb_heading gspb_heading-id-gsbp-61de3a7\">Aasialaisten vaatteiden ja asusteiden huolto<\/h2>\n\n\n\n<div id=\"gspb_text-id-gsbp-62c0fa9\" class=\"gspb_text gspb_text-id-gsbp-62c0fa9\">Aasialaisten vaatteiden ja asusteiden yll\u00e4pito on yksityiskohtainen prosessi, joka vaatii erikoistietoa ja -tekniikoita. Me MOMO KIDOHOssa huolehdimme eritt\u00e4in huolellisesti arvokkaiden vaatteidesi puhdistamisesta, korjaamisesta ja entis\u00f6imisest\u00e4, s\u00e4ilytt\u00e4en niiden aitouden ja varmistaen niiden pitk\u00e4aikaisen s\u00e4ilymisen. Olemme asiantuntijoita, joihin voit luottaa, aina herkkien kankaiden korjaamisesta kirjontaan.<\/div>\n\n\n\n<h2 id=\"gspb_heading-id-gsbp-34c0e71\" class=\"gspb_heading gspb_heading-id-gsbp-34c0e71\">Kankaiden ja materiaalien toimitus ja hankinta Japanin markkinoilta.<\/h2>\n\n\n\n<div id=\"gspb_text-id-gsbp-7d0ab29\" class=\"gspb_text gspb_text-id-gsbp-7d0ab29\">MOMO KIDOHO tarjoaa laajan valikoiman aitoja kankaita ja materiaaleja suoraan Japanin markkinoilta. Tarvitsitpa sitten korkealaatuista silkki\u00e4 tai ainutlaatuisia puuvillakankaita, joissa on perinteisi\u00e4 malleja, meilt\u00e4 saat kaiken, mit\u00e4 tarvitset omien yksil\u00f6llisten kappaleidesi luomiseen. Tarjoamme my\u00f6s asusteita ja koristeita, jotka t\u00e4ydent\u00e4v\u00e4t aasialaista estetiikkaa ja korostavat laatua ja aitoutta.<\/div>\n\n\n\n<h2 id=\"gspb_heading-id-gsbp-d8adee6\" class=\"gspb_heading gspb_heading-id-gsbp-d8adee6\">Taistelulajien, aasialaisten urheiluvaatteiden ompelu ja valmistus<\/h2>\n\n\n\n<div id=\"gspb_text-id-gsbp-a3309c6\" class=\"gspb_text gspb_text-id-gsbp-a3309c6\">T\u00e4m\u00e4 palvelu on suunnattu perinteisi\u00e4 aasialaisia urheilulajeja harrastaville, ja se tarjoaa erikoisvaatteita, joissa yhdistyv\u00e4t mukavuus ja aito estetiikka. Me MOMO KIDOHOssa ymm\u00e4rr\u00e4mme, ett\u00e4 jokainen aasialainen urheilulaji vaatii erityisi\u00e4 vaatteita, jotka paitsi helpottavat liikkumista my\u00f6s sis\u00e4lt\u00e4v\u00e4t perinteisi\u00e4 elementtej\u00e4 ja symboliikkaa.<\/div>\n\n\n\n<h2 id=\"gspb_heading-id-gsbp-24bfb87\" class=\"gspb_heading gspb_heading-id-gsbp-24bfb87\">Korkealaatuiset kankaat<\/h2>\n\n\n\n<div id=\"gspb_text-id-gsbp-850d78e\" class=\"gspb_text gspb_text-id-gsbp-850d78e\">Kankaiden valinta on ratkaisevan t\u00e4rke\u00e4\u00e4 vaatteiden suorituskyvyn ja ulkon\u00e4\u00f6n kannalta. K\u00e4yt\u00e4mme Japanista ja Kiinasta per\u00e4isin olevia kankaita, jotka ovat tunnettuja kest\u00e4vyydest\u00e4\u00e4n ja laadustaan. Valitsemme kankaat, jotka ovat hengitt\u00e4vi\u00e4 ja ihoyst\u00e4v\u00e4llisi\u00e4, jotta urheilijat voivat harjoitella mukavasti.<\/div>\n\n\n\n<h2 id=\"gspb_heading-id-gsbp-84d9168\" class=\"gspb_heading gspb_heading-id-gsbp-84d9168\">Sopeutuminen urheilijan tarpeisiin<\/h2>\n\n\n\n<div id=\"gspb_text-id-gsbp-55ec25f\" class=\"gspb_text gspb_text-id-gsbp-55ec25f\">Jokaisella urheilijalla on yksil\u00f6lliset vaatimukset ja mieltymykset. MOMO KIDOHOssa tarjoamme henkil\u00f6kohtaisia mittoja ja r\u00e4\u00e4t\u00e4l\u00f6inti\u00e4, jotta jokainen peliasu sopii k\u00e4ytt\u00e4j\u00e4lleen t\u00e4ydellisesti. V\u00e4ri- ja kangasvalinnoista kirjontaan ja koristeisiin asti luomme vaatteita, jotka heijastavat jokaisen urheilijan persoonallisuutta ja tarpeita.<\/div>\n\n\n\n<h2 id=\"gspb_heading-id-gsbp-09299ff\" class=\"gspb_heading gspb_heading-id-gsbp-09299ff\">Perinteiset mallit ja symboliikka<\/h2>\n\n\n\n<div id=\"gspb_text-id-gsbp-88f7b91\" class=\"gspb_text gspb_text-id-gsbp-88f7b91\">Univormumme eiv\u00e4t ole vain toiminnallisia. Niiss\u00e4 on perinteisi\u00e4 malleja ja symboleja, jotka kunnioittavat aasialaisen urheilun rikasta kulttuuriperint\u00f6\u00e4. Jokainen kirjonta ja yksityiskohta on valittu huolellisesti kunnioituksen osoittamiseksi ja aitouden s\u00e4ilytt\u00e4miseksi.<\/div>\n\n\n\n<h2 id=\"gspb_heading-id-gsbp-875bc93\" class=\"gspb_heading gspb_heading-id-gsbp-875bc93\">Vastuulliset k\u00e4yt\u00e4nn\u00f6t<\/h2>\n\n\n\n<div id=\"gspb_text-id-gsbp-e04fafb\" class=\"gspb_text gspb_text-id-gsbp-e04fafb\">MOMO KIDOHOssa korostamme kest\u00e4vyytt\u00e4 ja eettist\u00e4 tuotantoa. K\u00e4yt\u00e4mme ymp\u00e4rist\u00f6yst\u00e4v\u00e4llisi\u00e4 materiaaleja ja noudatamme tuotantok\u00e4yt\u00e4nt\u00f6j\u00e4, jotka kunnioittavat ty\u00f6ntekij\u00f6it\u00e4 ja ymp\u00e4rist\u00f6\u00e4. Tavoitteenamme on luoda korkealaatuisia tuotteita, jotka eiv\u00e4t vahingoita ymp\u00e4rist\u00f6\u00e4.<\/div>\n\n\n\n<h2 id=\"gspb_heading-id-gsbp-d6e7090\" class=\"gspb_heading gspb_heading-id-gsbp-d6e7090\">Pitk\u00e4aikainen kest\u00e4vyys<\/h2>\n\n\n\n<div id=\"gspb_text-id-gsbp-66ffe66\" class=\"gspb_text gspb_text-id-gsbp-66ffe66\">Valmistamamme vaatteet on suunniteltu kest\u00e4m\u00e4\u00e4n. K\u00e4ytt\u00e4miemme materiaalien kest\u00e4vyys ja laatu takaavat, ett\u00e4 peliasumme kest\u00e4v\u00e4t kovaa k\u00e4ytt\u00f6\u00e4 ja p\u00e4ivitt\u00e4ist\u00e4 harjoittelua ja tarjoavat urheilijoille pitk\u00e4aikaista hy\u00f6ty\u00e4.<\/div>","protected":false},"excerpt":{"rendered":"","protected":false},"author":187,"featured_media":0,"parent":0,"menu_order":0,"comment_status":"closed","ping_status":"closed","template":"","meta":{"_gspb_post_css":"","footnotes":""},"class_list":["post-9491","page","type-page","status-publish","hentry"],"blocksy_meta":[],"_links":{"self":[{"href":"https:\/\/mo-mo.gr\/fi\/wp-json\/wp\/v2\/pages\/9491","targetHints":{"allow":["GET"]}}],"collection":[{"href":"https:\/\/mo-mo.gr\/fi\/wp-json\/wp\/v2\/pages"}],"about":[{"href":"https:\/\/mo-mo.gr\/fi\/wp-json\/wp\/v2\/types\/page"}],"author":[{"embeddable":true,"href":"https:\/\/mo-mo.gr\/fi\/wp-json\/wp\/v2\/users\/187"}],"replies":[{"embeddable":true,"href":"https:\/\/mo-mo.gr\/fi\/wp-json\/wp\/v2\/comments?post=9491"}],"version-history":[{"count":0,"href":"https:\/\/mo-mo.gr\/fi\/wp-json\/wp\/v2\/pages\/9491\/revisions"}],"wp:attachment":[{"href":"https:\/\/mo-mo.gr\/fi\/wp-json\/wp\/v2\/media?parent=9491"}],"curies":[{"name":"wp","href":"https:\/\/api.w.org\/{rel}","templated":true}]}}