{"id":9476,"date":"2024-12-12T12:19:47","date_gmt":"2024-12-12T12:19:47","guid":{"rendered":"https:\/\/mo-mo.gr\/?page_id=9476"},"modified":"2024-12-12T12:20:28","modified_gmt":"2024-12-12T12:20:28","slug":"%cf%80%ce%b1%cf%81%ce%b1%ce%b3%ce%b3%ce%b5%ce%bb%ce%af%ce%b5%cf%82-%ce%b1%cf%80%ce%bf%cf%83%cf%84%ce%bf%ce%bb%ce%ad%cf%82","status":"publish","type":"page","link":"https:\/\/mo-mo.gr\/fi\/%cf%80%ce%b1%cf%81%ce%b1%ce%b3%ce%b3%ce%b5%ce%bb%ce%af%ce%b5%cf%82-%ce%b1%cf%80%ce%bf%cf%83%cf%84%ce%bf%ce%bb%ce%ad%cf%82\/","title":{"rendered":"Tilaukset &amp; l\u00e4hetykset"},"content":{"rendered":"<h2 id=\"gspb_heading-id-gsbp-0eef268\" class=\"gspb_heading gspb_heading-id-gsbp-0eef268\">Tilaukset<\/h2>\n\n\n\n<div id=\"gspb_text-id-gsbp-8efa61e\" class=\"gspb_text gspb_text-id-gsbp-8efa61e\">Me mo mo:ssa tarjoamme j\u00e4nnitt\u00e4v\u00e4n tilauskokemuksen ja pyrimme vastaamaan kaikkiin tarpeisiisi t\u00e4ydellist\u00e4 tyytyv\u00e4isyytt\u00e4 silm\u00e4ll\u00e4 pit\u00e4en. Olemme luoneet selke\u00e4n ja l\u00e4pin\u00e4kyv\u00e4n toimintatavan varmistaaksemme sinulle k\u00e4tev\u00e4n ja luotettavan tilausprosessin.<br>Politiikkamme sis\u00e4lt\u00e4\u00e4 seuraavat osatekij\u00e4t:<br><\/div>\n\n\n\n<div id=\"gspb_text-id-gsbp-0f65c6f\" class=\"gspb_text gspb_text-id-gsbp-0f65c6f\"><strong>Korkealaatuiset tuotteet:<\/strong> Kaikki vaatteemme valmistetaan tarkoin valituista materiaaleista, ja panostamme erinomaiseen laatuun ja aitouteen. Omistautumisemme korkeaan laatuun takaa, ett\u00e4 voit nauttia tuotteista, jotka kest\u00e4v\u00e4t monta vuotta.<br><strong>Erilaisia tyylej\u00e4:<\/strong> Ymm\u00e4rr\u00e4mme, ett\u00e4 jokaisella asiakkaalla on ainutlaatuinen maku ja mieltymykset. Siksi tarjoamme laajan valikoiman tyylej\u00e4, malleja ja v\u00e4rej\u00e4, jotta voit l\u00f6yt\u00e4\u00e4 juuri sen, mik\u00e4 sopii sinulle ja heijastaa henkil\u00f6kohtaista tyyli\u00e4si.<br><strong>Helppo tilausprosessi:<\/strong> Verkkosivustomme tarjoaa yksinkertaisen ja yst\u00e4v\u00e4llisen tilausprosessin. Valitse vain haluamasi vaatteet, lis\u00e4\u00e4 ne ostoskoriin ja tee tilaus turvallisesti ja helposti. Olemme aina k\u00e4ytett\u00e4viss\u00e4si s\u00e4hk\u00f6postitse tai puhelimitse, jos sinulla on kysytt\u00e4v\u00e4\u00e4 tai kysytt\u00e4v\u00e4\u00e4.<br><strong>Nopea toimitus ja toimitus:<\/strong> Ymm\u00e4rr\u00e4mme innostuksesi saada tuotteesi mahdollisimman pian. Siksi varmistamme, ett\u00e4 tilauksesi k\u00e4sitell\u00e4\u00e4n ja l\u00e4hetet\u00e4\u00e4n nopeasti, jotta ne saapuvat kotiovellesi mahdollisimman pian.<br><strong>Asiakaspalvelu:<\/strong> Asiakastyytyv\u00e4isyys on ehdoton prioriteettimme. Olemme aina valmiita auttamaan sinua, vastaamaan kaikkiin kysymyksiisi ja ratkaisemaan kaikki tilauksen aikana tai toimituksen j\u00e4lkeen ilmenev\u00e4t ongelmat.<\/div>\n\n\n\n<h2 id=\"gspb_heading-id-gsbp-d4b106a\" class=\"gspb_heading gspb_heading-id-gsbp-d4b106a\">L\u00e4hetykset<\/h2>\n\n\n\n<div id=\"gspb_text-id-gsbp-04e78a9\" class=\"gspb_text gspb_text-id-gsbp-04e78a9\">Kiitos, ett\u00e4 valitsit mo mo:n ostoksillesi! Haluamme kertoa sinulle toimitusk\u00e4yt\u00e4nn\u00f6st\u00e4mme ja -menettelyst\u00e4mme varmistaaksemme, ett\u00e4 sinulla on sujuva ja mukava ostokokemus.<br>Teht\u00e4v\u00e4politiikka:<br><\/div>\n\n\n\n<h3 id=\"gspb_heading-id-gsbp-3e80893\" class=\"gspb_heading gspb_heading-id-gsbp-3e80893\">Teht\u00e4v\u00e4politiikka<\/h3>\n\n\n\n<div id=\"gspb_text-id-gsbp-7f8c074\" class=\"gspb_text gspb_text-id-gsbp-7f8c074\"><strong>Toimitus koko Kreikkaan:<\/strong> Olemme ylpeit\u00e4 voidessamme tarjota toimituksia kaikille Kreikan alueille. Riippumatta siit\u00e4, miss\u00e4 olet, voit nauttia japanilaisista suosikkivaatteistasi toimittamalla ne kotiovellesi.<br><strong>Teht\u00e4v\u00e4 Euroopassa:<\/strong> Olemme ylpeit\u00e4 voidessamme tarjota toimituksia kaikkiin Euroopan maihin. Riippumatta siit\u00e4, miss\u00e4 olet, voit nauttia japanilaisista suosikkivaatteistasi toimittamalla ne kotiovellesi.<br><strong>Toimitushinnat:<\/strong> Toimitusmaksut lasketaan m\u00e4\u00e4r\u00e4np\u00e4\u00e4n ja tilauksen painon perusteella. Tarkka toimitushinta n\u00e4ytet\u00e4\u00e4n sinulle tilauksen viimeistelyprosessin aikana.<br><strong>Toimitusaika:<\/strong> Pyrimme k\u00e4sittelem\u00e4\u00e4n tilauksesi mahdollisimman nopeasti. Arvioitu toimitusaika riippuu m\u00e4\u00e4r\u00e4np\u00e4\u00e4st\u00e4 ja paikallisista kuljetuspalveluista. Yleens\u00e4 toimitusaika on 5-10 ty\u00f6p\u00e4iv\u00e4\u00e4.<\/div>\n\n\n\n<h3 id=\"gspb_heading-id-gsbp-4334d92\" class=\"gspb_heading gspb_heading-id-gsbp-4334d92\">L\u00e4hetysmenettely<\/h3>\n\n\n\n<div id=\"gspb_text-id-gsbp-08a04d8\" class=\"gspb_text gspb_text-id-gsbp-08a04d8\"><strong>Tilausten k\u00e4sittely:<\/strong> Kun olet tehnyt tilauksesi, tiimimme k\u00e4sittelee tilauksesi huolellisesti ja rakkaudella. Tarkistamme tuotteesi laadun ja pakkaamme ne huolellisesti turvallista kuljetusta varten.<br><strong>L\u00e4hetys ja seuranta:<\/strong> Kun tilauksesi on l\u00e4hetetty, saat seurantanumeron, jonka avulla voit seurata tilauksesi etenemist\u00e4, kunnes se saapuu perille. Voit k\u00e4ytt\u00e4\u00e4 t\u00e4t\u00e4 numeroa tarkistaaksesi saapumisarvion.<br><strong>Toimitus:<\/strong> Kun tilauksesi saapuu, saat paketin kotiovellesi. Suosittelemme, ett\u00e4 tarkistat tuotteesi varmistaaksesi, ett\u00e4 ne ovat erinomaisessa kunnossa ja vastaavat odotuksiasi.<br><\/div>\n\n\n\n<div id=\"gspb_text-id-gsbp-e818523\" class=\"gspb_text gspb_text-id-gsbp-e818523\">Jos sinulla on kysytt\u00e4v\u00e4\u00e4 tai tarvitset apua, \u00e4l\u00e4 ep\u00e4r\u00f6i ottaa yhteytt\u00e4 asiakaspalvelutiimiimme. Olemme t\u00e4\u00e4ll\u00e4 auttaaksemme sinua ja varmistaaksemme, ett\u00e4 toimituksesi onnistuu ja saat tuotteesi mukavasti ja iloisesti.<br>Kiitos luottamuksestasi mo mo:hon!<\/div>","protected":false},"excerpt":{"rendered":"","protected":false},"author":187,"featured_media":0,"parent":0,"menu_order":0,"comment_status":"closed","ping_status":"closed","template":"","meta":{"_gspb_post_css":"","footnotes":""},"class_list":["post-9476","page","type-page","status-publish","hentry"],"blocksy_meta":[],"_links":{"self":[{"href":"https:\/\/mo-mo.gr\/fi\/wp-json\/wp\/v2\/pages\/9476","targetHints":{"allow":["GET"]}}],"collection":[{"href":"https:\/\/mo-mo.gr\/fi\/wp-json\/wp\/v2\/pages"}],"about":[{"href":"https:\/\/mo-mo.gr\/fi\/wp-json\/wp\/v2\/types\/page"}],"author":[{"embeddable":true,"href":"https:\/\/mo-mo.gr\/fi\/wp-json\/wp\/v2\/users\/187"}],"replies":[{"embeddable":true,"href":"https:\/\/mo-mo.gr\/fi\/wp-json\/wp\/v2\/comments?post=9476"}],"version-history":[{"count":0,"href":"https:\/\/mo-mo.gr\/fi\/wp-json\/wp\/v2\/pages\/9476\/revisions"}],"wp:attachment":[{"href":"https:\/\/mo-mo.gr\/fi\/wp-json\/wp\/v2\/media?parent=9476"}],"curies":[{"name":"wp","href":"https:\/\/api.w.org\/{rel}","templated":true}]}}