{"id":9469,"date":"2024-12-12T12:05:27","date_gmt":"2024-12-12T12:05:27","guid":{"rendered":"https:\/\/mo-mo.gr\/?page_id=9469"},"modified":"2025-03-05T10:36:03","modified_gmt":"2025-03-05T08:36:03","slug":"%cf%84%cf%81%cf%8c%cf%80%ce%bf%ce%b9-%cf%80%ce%bb%ce%b7%cf%81%cf%89%ce%bc%ce%ae%cf%82","status":"publish","type":"page","link":"https:\/\/mo-mo.gr\/fi\/%cf%84%cf%81%cf%8c%cf%80%ce%bf%ce%b9-%cf%80%ce%bb%ce%b7%cf%81%cf%89%ce%bc%ce%ae%cf%82\/","title":{"rendered":"Maksutavat"},"content":{"rendered":"<div id=\"gspb_text-id-gsbp-61d7f10\" class=\"gspb_text gspb_text-id-gsbp-61d7f10\">MOMO KIDOHOssa katamme kaikki asiakkaiden tarpeet ja tarjoamme monia maksuvaihtoehtoja, jotka ovat turvallisia ja luotettavia.<br>Varmista, ett\u00e4 valitset ostoksellesi sopivimman maksutavan. Tarjoamme useita maksutapoja mukavuutesi vuoksi:<br><br>1. **<strong>Luotto-\/pankkikortti<\/strong>**: Hyv\u00e4ksymme maksut Visalla, Mastercardilla ja American Expressill\u00e4. Sy\u00f6t\u00e4 vain korttisi tiedot kassalla.<br><br>2. **<strong>Pankkisiirto<\/strong>**: Voit maksaa pankkisiirrolla. Saat tarvittavat pankkitilitiedot tilauksen p\u00e4\u00e4tytty\u00e4.<br><br>3. **<strong>Korvaava<\/strong>**: Voit maksaa jakelijalle tilauksen toimituksen yhteydess\u00e4. (Huomaa: tilaustuotteet eiv\u00e4t kuulu t\u00e4h\u00e4n tapaan). J\u00e4lkik\u00e4teismaksusta perit\u00e4\u00e4n 1,60 euron lis\u00e4maksu, johon lis\u00e4t\u00e4\u00e4n arvonlis\u00e4vero.<br><br>4. **<strong>IRIS-j\u00e4rjestelm\u00e4<\/strong>**: K\u00e4yt\u00e4 IRIS-j\u00e4rjestelm\u00e4\u00e4 turvallisia ja nopeita pankkitilimaksuja varten.<br>Jos sinulla on kysytt\u00e4v\u00e4\u00e4 tai huolenaiheita maksutavoista, ota rohkeasti yhteytt\u00e4 meihin. Olemme t\u00e4\u00e4ll\u00e4 auttamassa sinua!<br><\/div>\n\n\n\n<p>5. <strong>**PayPal**<\/strong>: Voit maksaa helposti ja turvallisesti seuraavilla tavoilla. <strong>PayPal<\/strong>ilman, ett\u00e4 sinun tarvitsee sy\u00f6tt\u00e4\u00e4 korttitietojasi. Valitse PayPal kassalla ja sinut ohjataan PayPalin suojattuun maksualustaan.<\/p>","protected":false},"excerpt":{"rendered":"<p>5. **PayPal**: \u039c\u03c0\u03bf\u03c1\u03b5\u03af\u03c4\u03b5 \u03bd\u03b1 \u03c0\u03bb\u03b7\u03c1\u03ce\u03c3\u03b5\u03c4\u03b5 \u03b5\u03cd\u03ba\u03bf\u03bb\u03b1 \u03ba\u03b1\u03b9 \u03bc\u03b5 \u03b1\u03c3\u03c6\u03ac\u03bb\u03b5\u03b9\u03b1 \u03bc\u03ad\u03c3\u03c9 PayPal, \u03c7\u03c9\u03c1\u03af\u03c2 \u03bd\u03b1 \u03c7\u03c1\u03b5\u03b9\u03ac\u03b6\u03b5\u03c4\u03b1\u03b9 \u03bd\u03b1 \u03b5\u03b9\u03c3\u03ac\u03b3\u03b5\u03c4\u03b5 \u03c4\u03b1 \u03c3\u03c4\u03bf\u03b9\u03c7\u03b5\u03af\u03b1 \u03c4\u03b7\u03c2 \u03ba\u03ac\u03c1\u03c4\u03b1\u03c2 \u03c3\u03b1\u03c2. \u0395\u03c0\u03b9\u03bb\u03ad\u03be\u03c4\u03b5 \u03c4\u03bf PayPal \u03ba\u03b1\u03c4\u03ac \u03c4\u03b7\u03bd \u03bf\u03bb\u03bf\u03ba\u03bb\u03ae\u03c1\u03c9\u03c3\u03b7 \u03c4\u03b7\u03c2 \u03b1\u03b3\u03bf\u03c1\u03ac\u03c2 \u03ba\u03b1\u03b9 \u03b8\u03b1 \u03bc\u03b5\u03c4\u03b1\u03c6\u03b5\u03c1\u03b8\u03b5\u03af\u03c4\u03b5 \u03c3\u03c4\u03b7\u03bd \u03b1\u03c3\u03c6\u03b1\u03bb\u03ae \u03c0\u03bb\u03b1\u03c4\u03c6\u03cc\u03c1\u03bc\u03b1 \u03c0\u03bb\u03b7\u03c1\u03c9\u03bc\u03ce\u03bd \u03c4\u03bf\u03c5 PayPal.<\/p>","protected":false},"author":187,"featured_media":0,"parent":0,"menu_order":0,"comment_status":"closed","ping_status":"closed","template":"","meta":{"_gspb_post_css":"","footnotes":""},"class_list":["post-9469","page","type-page","status-publish","hentry"],"blocksy_meta":[],"_links":{"self":[{"href":"https:\/\/mo-mo.gr\/fi\/wp-json\/wp\/v2\/pages\/9469","targetHints":{"allow":["GET"]}}],"collection":[{"href":"https:\/\/mo-mo.gr\/fi\/wp-json\/wp\/v2\/pages"}],"about":[{"href":"https:\/\/mo-mo.gr\/fi\/wp-json\/wp\/v2\/types\/page"}],"author":[{"embeddable":true,"href":"https:\/\/mo-mo.gr\/fi\/wp-json\/wp\/v2\/users\/187"}],"replies":[{"embeddable":true,"href":"https:\/\/mo-mo.gr\/fi\/wp-json\/wp\/v2\/comments?post=9469"}],"version-history":[{"count":0,"href":"https:\/\/mo-mo.gr\/fi\/wp-json\/wp\/v2\/pages\/9469\/revisions"}],"wp:attachment":[{"href":"https:\/\/mo-mo.gr\/fi\/wp-json\/wp\/v2\/media?parent=9469"}],"curies":[{"name":"wp","href":"https:\/\/api.w.org\/{rel}","templated":true}]}}