{"id":9465,"date":"2024-12-12T12:01:11","date_gmt":"2024-12-12T12:01:11","guid":{"rendered":"https:\/\/mo-mo.gr\/?page_id=9465"},"modified":"2024-12-12T12:04:19","modified_gmt":"2024-12-12T12:04:19","slug":"%cf%80%ce%bf%ce%bb%ce%b9%cf%84%ce%b9%ce%ba%ce%ae-%ce%b5%cf%80%ce%b9%cf%83%cf%84%cf%81%ce%bf%cf%86%cf%8e%ce%bd","status":"publish","type":"page","link":"https:\/\/mo-mo.gr\/fi\/%cf%80%ce%bf%ce%bb%ce%b9%cf%84%ce%b9%ce%ba%ce%ae-%ce%b5%cf%80%ce%b9%cf%83%cf%84%cf%81%ce%bf%cf%86%cf%8e%ce%bd\/","title":{"rendered":"Palautusk\u00e4yt\u00e4nt\u00f6"},"content":{"rendered":"<div id=\"gspb_text-id-gsbp-cb2249f\" class=\"gspb_text gspb_text-id-gsbp-cb2249f\">Kiitos, ett\u00e4 valitsit mo mo:n ostoksillesi! Ymm\u00e4rr\u00e4mme, ett\u00e4 saattaa olla tapauksia, joissa tuotteiden palauttaminen on tarpeen, ja haluamme kertoa sinulle palautusperiaatteistamme ja -menettelyst\u00e4mme.<\/div>\n\n\n\n<h2 id=\"gspb_heading-id-gsbp-8ecb560\" class=\"gspb_heading gspb_heading-id-gsbp-8ecb560\">Palautusk\u00e4yt\u00e4nt\u00f6<\/h2>\n\n\n\n<div id=\"gspb_text-id-gsbp-14a4da8\" class=\"gspb_text gspb_text-id-gsbp-14a4da8\"><strong>Palautuksen hyv\u00e4ksyminen:<\/strong> Hyv\u00e4ksymme tuotepalautukset ei-toivottujen tai viallisten tuotteiden osalta. Suosittelemme, ett\u00e4 otat meihin yhteytt\u00e4 14 p\u00e4iv\u00e4n kuluessa tuotteen vastaanottamisesta ja pyyd\u00e4t palautusta.<br><strong>Tuotteen tila:<\/strong> Jotta voimme hyv\u00e4ksy\u00e4 palautuksen, tuotteen on oltava uudessa kunnossa, k\u00e4ytt\u00e4m\u00e4t\u00f6n ja siin\u00e4 on oltava kaikki alkuper\u00e4iset etiketit ja pakkaukset.<br><strong>Korvaus tai korvaaminen:<\/strong> Voit valita palautetun tuotteen hyvityksen tai korvaavan tuotteen. Jos palautus johtuu viallisesta tuotteesta, palautamme koko maksetun summan.<\/div>\n\n\n\n<h2 id=\"gspb_heading-id-gsbp-bfb5b3f\" class=\"gspb_heading gspb_heading-id-gsbp-bfb5b3f\">Palautusmenettely<\/h2>\n\n\n\n<div id=\"gspb_text-id-gsbp-bcb0895\" class=\"gspb_text gspb_text-id-gsbp-bcb0895\"><strong>Yhteystiedot:<\/strong> Ota yhteytt\u00e4 asiakaspalvelutiimiimme hyvityksen suosittelemiseksi. Annamme sinulle tarvittavat ohjeet ja osoitteen tuotteen l\u00e4hett\u00e4mist\u00e4 varten.<br><strong>Seuranta ja arviointi:<\/strong> Kun saamme palautetun tuotteen, tarkistamme sen kunnon. T\u00e4m\u00e4 voi kest\u00e4\u00e4 muutaman ty\u00f6p\u00e4iv\u00e4n.<br><strong>Paluuk\u00e4sittely:<\/strong> Jos palautusehdot t\u00e4yttyv\u00e4t, palautamme tai vaihdamme tuotteen valintasi mukaan.<\/div>\n\n\n\n<div id=\"gspb_text-id-gsbp-57e2131\" class=\"gspb_text gspb_text-id-gsbp-57e2131\">Jos haluat lis\u00e4tietoja tai kysymyksi\u00e4, ota yhteytt\u00e4 asiakaspalvelutiimiimme. Toivomme, ett\u00e4 ostokokemuksesi on ainutlaatuinen ja tyydytt\u00e4v\u00e4.<br>Kiitos luottamuksestasi mo mo:hon!<\/div>\n\n\n\n<h2 id=\"gspb_heading-id-gsbp-3375ed8\" class=\"gspb_heading gspb_heading-id-gsbp-3375ed8\">Muutokset<\/h2>\n\n\n\n<div id=\"gspb_text-id-gsbp-acf24f3\" class=\"gspb_text gspb_text-id-gsbp-acf24f3\">Kiitos, ett\u00e4 olet ostanut tuotteita mo mo:lta! Ymm\u00e4rr\u00e4mme, ett\u00e4 joskus on tarpeen vaihtaa tuotteita, ja haluamme kertoa sinulle politiikasta ja menettelytavoista muutosten yhteydess\u00e4.<\/div>\n\n\n\n<h2 id=\"gspb_heading-id-gsbp-2b2da6b\" class=\"gspb_heading gspb_heading-id-gsbp-2b2da6b\">Muutoksen politiikka<\/h2>\n\n\n\n<div id=\"gspb_text-id-gsbp-a670010\" class=\"gspb_text gspb_text-id-gsbp-a670010\"><strong>Muutosten hyv\u00e4ksyminen:<\/strong> Hyv\u00e4ksymme tuotevaihdot edellytt\u00e4en, ett\u00e4 tuote on t\u00e4ydellisess\u00e4 kunnossa ja ett\u00e4 siin\u00e4 on kaikki alkuper\u00e4iset etiketit ja pakkaukset.<br><strong>Muutosten aikataulu:<\/strong> Suosittelemme, ett\u00e4 otat meihin yhteytt\u00e4 14 p\u00e4iv\u00e4n kuluessa tuotteen vastaanottamisesta ja pyyd\u00e4t vaihtoa. Se riippuu korvaavan tuotteen saatavuudesta.<br><strong>Vaihtovaihtoehdot:<\/strong> Vaihtoprosessin aikana voit valita k\u00e4ytett\u00e4viss\u00e4 olevista korvaavista tuotteista. Jos tuotetta ei ole saatavilla, voit valita toisen tuotteen mallistostamme tai saada vastaavan summan hyvityksen tilillesi.<\/div>\n\n\n\n<h2 id=\"gspb_heading-id-gsbp-08c5d3a\" class=\"gspb_heading gspb_heading-id-gsbp-08c5d3a\">Muutosten ehdot<\/h2>\n\n\n\n<div id=\"gspb_text-id-gsbp-df56f26\" class=\"gspb_text gspb_text-id-gsbp-df56f26\">Tuote on palautettava uudessa kunnossa, k\u00e4ytt\u00e4m\u00e4tt\u00f6m\u00e4n\u00e4 ja kaikkien alkuper\u00e4isten etikettien ja pakkausten kanssa.<br>Asiakas vastaa tuotteen palauttamisesta ja uuden tuotteen l\u00e4hett\u00e4misest\u00e4 aiheutuvista kuljetuskustannuksista (ellei kyseess\u00e4 ole vika tai virhe meid\u00e4n puoleltamme).<br>Jos uuden tuotteen hinta on korkeampi, erotus olisi katettava.<br>Jos haluat pyyt\u00e4\u00e4 tuotevaihtoa tai sinulla on lis\u00e4kysymyksi\u00e4, ota yhteytt\u00e4 asiakaspalvelutiimiimme. Toivomme, ett\u00e4 t\u00e4m\u00e4 muutosk\u00e4yt\u00e4nt\u00f6 tarjoaa sinulle mukavan ostokokemuksen mo mo:ssa!<\/div>","protected":false},"excerpt":{"rendered":"","protected":false},"author":187,"featured_media":0,"parent":0,"menu_order":0,"comment_status":"closed","ping_status":"closed","template":"","meta":{"_gspb_post_css":"","footnotes":""},"class_list":["post-9465","page","type-page","status-publish","hentry"],"blocksy_meta":[],"_links":{"self":[{"href":"https:\/\/mo-mo.gr\/fi\/wp-json\/wp\/v2\/pages\/9465","targetHints":{"allow":["GET"]}}],"collection":[{"href":"https:\/\/mo-mo.gr\/fi\/wp-json\/wp\/v2\/pages"}],"about":[{"href":"https:\/\/mo-mo.gr\/fi\/wp-json\/wp\/v2\/types\/page"}],"author":[{"embeddable":true,"href":"https:\/\/mo-mo.gr\/fi\/wp-json\/wp\/v2\/users\/187"}],"replies":[{"embeddable":true,"href":"https:\/\/mo-mo.gr\/fi\/wp-json\/wp\/v2\/comments?post=9465"}],"version-history":[{"count":0,"href":"https:\/\/mo-mo.gr\/fi\/wp-json\/wp\/v2\/pages\/9465\/revisions"}],"wp:attachment":[{"href":"https:\/\/mo-mo.gr\/fi\/wp-json\/wp\/v2\/media?parent=9465"}],"curies":[{"name":"wp","href":"https:\/\/api.w.org\/{rel}","templated":true}]}}