{"id":9457,"date":"2024-12-12T11:52:48","date_gmt":"2024-12-12T11:52:48","guid":{"rendered":"https:\/\/mo-mo.gr\/?page_id=9457"},"modified":"2024-12-12T11:56:13","modified_gmt":"2024-12-12T11:56:13","slug":"%cf%80%ce%bf%ce%bb%ce%b9%cf%84%ce%b9%ce%ba%ce%ae-%ce%b1%cf%80%ce%bf%cf%81%cf%81%ce%ae%cf%84%ce%bf%cf%85","status":"publish","type":"page","link":"https:\/\/mo-mo.gr\/fi\/%cf%80%ce%bf%ce%bb%ce%b9%cf%84%ce%b9%ce%ba%ce%ae-%ce%b1%cf%80%ce%bf%cf%81%cf%81%ce%ae%cf%84%ce%bf%cf%85\/","title":{"rendered":"Tietosuojak\u00e4yt\u00e4nt\u00f6"},"content":{"rendered":"<div id=\"gspb_text-id-gsbp-df510c7\" class=\"gspb_text gspb_text-id-gsbp-df510c7\">Olemme mo-mo.gr-sivustolla sitoutuneet kunnioittamaan ja s\u00e4ilytt\u00e4m\u00e4\u00e4n yksityisyytesi ja arvostamme luottamustasi. \"Tietosuojak\u00e4yt\u00e4nn\u00f6n\" ja \"Ev\u00e4stek\u00e4yt\u00e4nn\u00f6n\" tarkoituksena on varmistaa, ett\u00e4 kaikki mo-mo.gr-sivuston (j\u00e4ljemp\u00e4n\u00e4 \"verkkosivusto\") ker\u00e4\u00e4m\u00e4t henkil\u00f6tiedot suojataan, k\u00e4ytet\u00e4\u00e4n, tallennetaan ja k\u00e4sitell\u00e4\u00e4n meid\u00e4n v\u00e4lisess\u00e4 viestinn\u00e4ss\u00e4mme ja palveluiden tarjoamisessa aina henkil\u00f6tietojen suojaa koskevan sovellettavan lains\u00e4\u00e4d\u00e4nn\u00f6n (asetus (EU) 2016\/679) mukaisesti.<\/div>\n\n\n\n<div id=\"gspb_text-id-gsbp-cdab9dc\" class=\"gspb_text gspb_text-id-gsbp-cdab9dc\">Sinun on hyv\u00e4 tiet\u00e4\u00e4, ett\u00e4 ker\u00e4\u00e4mme tietosi suoraan sinulta:<br>- kun tilaat uutiskirjeemme.<br>- kun osallistut kilpailuihin ja arvontoihin.<br>- kun t\u00e4yt\u00e4t tarjouspyynn\u00f6n tai yhteydenottolomakkeen.<br>- jos haluat saada henkil\u00f6kohtaisia p\u00e4ivityksi\u00e4, kuten kohdennettuja mainoksia.<br>- jos otat meihin yhteytt\u00e4 (esimerkiksi puhelimitse, s\u00e4hk\u00f6postitse tai muulla tavoin) tiedustellaksesi tuotteistamme tai palveluistamme tai asiakaspalvelustamme tai ilmoittaaksesi verkkosivustoon tai muuhun asiaan liittyv\u00e4st\u00e4 ongelmasta.<\/div>\n\n\n\n<h2 id=\"gspb_heading-id-gsbp-2945a9b\" class=\"gspb_heading gspb_heading-id-gsbp-2945a9b\">Yleist\u00e4<\/h2>\n\n\n\n<div id=\"gspb_text-id-gsbp-fc883c9\" class=\"gspb_text gspb_text-id-gsbp-fc883c9\">Verkkosivusto mo-mo.gr (j\u00e4ljemp\u00e4n\u00e4 \"verkkosivusto\") tiedottaa sinulle henkil\u00f6tietojen ker\u00e4\u00e4mist\u00e4, k\u00e4ytt\u00f6\u00e4 ja luovuttamista koskevista k\u00e4yt\u00e4nn\u00f6ist\u00e4, kun k\u00e4yt\u00e4t verkkosivustoamme, sek\u00e4 n\u00e4ihin tietoihin liittyvist\u00e4 valinnoista.<br>K\u00e4yt\u00e4mme tietojasi pyynt\u00f6jesi k\u00e4sittelyyn ja verkkosivustomme parantamiseen. K\u00e4ytt\u00e4m\u00e4ll\u00e4 verkkosivustoa hyv\u00e4ksyt tietojen ker\u00e4\u00e4misen ja k\u00e4yt\u00f6n t\u00e4m\u00e4n politiikan mukaisesti.<br>Yrityksemme verkkosivusto on suunniteltu noudattamaan seuraavaa kansallista ja kansainv\u00e4list\u00e4 lains\u00e4\u00e4d\u00e4nt\u00f6\u00e4, joka koskee tietosuojaa ja k\u00e4ytt\u00e4jien yksityisyytt\u00e4:<br>EU:n tietosuojadirektiivi 1995 (DPD)<br>EU:n yleinen tietosuoja-asetus 2018 (GDPR)<br>Se, ett\u00e4 t\u00e4m\u00e4 verkkosivusto noudattaa edell\u00e4 mainittua lains\u00e4\u00e4d\u00e4nt\u00f6\u00e4, tarkoittaa, ett\u00e4 t\u00e4m\u00e4 verkkosivusto noudattaa tietosuojaa ja k\u00e4ytt\u00e4jien yksityisyytt\u00e4 koskevaa lains\u00e4\u00e4d\u00e4nt\u00f6\u00e4, joka on annettu muissa maissa ja muilla alueilla.<\/div>\n\n\n\n<h2 id=\"gspb_heading-id-gsbp-7b4b75b\" class=\"gspb_heading gspb_heading-id-gsbp-7b4b75b\">Tietojen ker\u00e4\u00e4minen ja k\u00e4ytt\u00f6<\/h2>\n\n\n\n<div id=\"gspb_text-id-gsbp-031d952\" class=\"gspb_text gspb_text-id-gsbp-031d952\">Ker\u00e4\u00e4mme erityyppisi\u00e4 tietoja eri tarkoituksiin, jotta voimme tarjota ja parantaa verkkosivustoamme sinulle.<br>Ker\u00e4\u00e4mme my\u00f6s tilaustietoja vain tilauksen toimittamisen k\u00e4ytt\u00f6\u00e4 ja k\u00e4sittely\u00e4 varten.<\/div>\n\n\n\n<h2 id=\"gspb_heading-id-gsbp-e3b8807\" class=\"gspb_heading gspb_heading-id-gsbp-e3b8807\">Ker\u00e4tyt tietotyypit - Henkil\u00f6tiedot<\/h2>\n\n\n\n<div id=\"gspb_text-id-gsbp-16d275a\" class=\"gspb_text gspb_text-id-gsbp-16d275a\">Kun k\u00e4yt\u00e4t verkkosivustoamme, saatamme pyyt\u00e4\u00e4 sinua antamaan meille tiettyj\u00e4 henkil\u00f6tietoja (\"henkil\u00f6tiedot\"), joita voidaan k\u00e4ytt\u00e4\u00e4 yhteydenottoon tai tunnistamiseen, jotta voimme k\u00e4sitell\u00e4 pyynt\u00f6\u00e4si tai ottaa sinuun yhteytt\u00e4. Tallennettavat ja tallennettavat tiedot ovat seuraavat:<br>Nimi, sukunimi, s\u00e4hk\u00f6posti, puhelin, pyynn\u00f6t\/viestit, ev\u00e4steet ja k\u00e4ytt\u00f6tiedot.<\/div>\n\n\n\n<h2 id=\"gspb_heading-id-gsbp-119b723\" class=\"gspb_heading gspb_heading-id-gsbp-119b723\">K\u00e4ytt\u00f6tiedot<\/h2>\n\n\n\n<div id=\"gspb_text-id-gsbp-31c0562\" class=\"gspb_text gspb_text-id-gsbp-31c0562\">Saatamme my\u00f6s ker\u00e4t\u00e4 tietoja siit\u00e4, miten k\u00e4yt\u00e4t verkkosivustoa (\"k\u00e4ytt\u00f6tiedot\").<br>N\u00e4m\u00e4 k\u00e4ytt\u00f6tiedot voivat sis\u00e4lt\u00e4\u00e4 tietoja, kuten tietokoneen Internet-protokollaosoite (esim. IP-osoite), selaimen tyyppi, selainversio, verkkosivuston sivut, joilla vierailet, vierailun aika ja p\u00e4iv\u00e4m\u00e4\u00e4r\u00e4, kyseisill\u00e4 sivuilla vietetty aika, laitetunnisteet ja muut diagnostiset tiedot.<\/div>\n\n\n\n<h2 id=\"gspb_heading-id-gsbp-729c552\" class=\"gspb_heading gspb_heading-id-gsbp-729c552\">GDPR<\/h2>\n\n\n\n<div id=\"gspb_text-id-gsbp-85a8f7c\" class=\"gspb_text gspb_text-id-gsbp-85a8f7c\">Ottaen huomioon internetin kansainv\u00e4listyneen luonteen ja sen m\u00e4\u00e4r\u00e4n, kaikki suorat, v\u00e4lilliset, satunnaiset, ep\u00e4suorat tai ep\u00e4suorat vahingot, jotka johtuvat mink\u00e4 tahansa k\u00e4ytt\u00e4j\u00e4n p\u00e4\u00e4syst\u00e4 mo-mo.gr-sivustolle tai sen k\u00e4yt\u00f6st\u00e4, mukaan lukien huolimattomuus, eiv\u00e4t johda yhti\u00f6n tai sen johtajien vastuuseen. K\u00e4ytt\u00e4ji\u00e4 kehotetaan suojautumaan tietokoneviruksilta ja muilta haittaohjelmilta ohjelmistojen avulla.<br><br>Yhti\u00f6 ei ole vastuussa vahingoista ja kuluista, jotka aiheutuvat mo-mo.gr:n k\u00e4yt\u00f6st\u00e4 tai kyvytt\u00f6myydest\u00e4 k\u00e4ytt\u00e4\u00e4 sit\u00e4 kenenk\u00e4\u00e4n henkil\u00f6n toimesta, tai jotka aiheutuvat kyvytt\u00f6myydest\u00e4 suorittaa palvelu, virheest\u00e4, laiminly\u00f6nnist\u00e4, keskeytyksest\u00e4, viasta, toimintaviiveest\u00e4, siirtoviiveest\u00e4 tai j\u00e4rjestelm\u00e4viasta. Jos tietokoneelle tai muulle s\u00e4hk\u00f6iselle v\u00e4lineelle, jota k\u00e4ytt\u00e4j\u00e4 k\u00e4ytt\u00e4\u00e4 sen sis\u00e4ll\u00f6n aineiston, tietojen, tekstin, kuvien, videoiden tai \u00e4\u00e4nien k\u00e4ytt\u00e4miseen tai lataamiseen, aiheutuu vahinkoa tai s\u00e4hk\u00f6isten virusten aiheuttama vahinko tai tartunta, yhti\u00f6 ei ole mill\u00e4\u00e4n tavoin vastuussa.<br><br>Verkkosivuston kautta saatavilla olevat palvelut tarjotaan verkkokaupan k\u00e4ytt\u00e4jille sellaisenaan. Yritys ei takaa, ett\u00e4 mo-mo.gr-sivuston sis\u00e4lt\u00f6 ja tarjottujen palvelujen laatu vastaavat k\u00e4ytt\u00e4jien vaatimuksia ja odotuksia. Yritys ei vastaa mist\u00e4\u00e4n mo-mo.gr-sivuston toimintaan tai k\u00e4ytt\u00f6\u00f6n liittyvist\u00e4 oikeudellisista, siviili- tai rikosoikeudellisista vaateista eik\u00e4 mink\u00e4\u00e4nlaisista vahingoista, joita verkkosivuston k\u00e4vij\u00e4t tai kolmannet osapuolet aiheuttavat.<br><br>Yritys ei ole vastuussa eik\u00e4 ota mink\u00e4\u00e4nlaista korvausvelvollisuutta mist\u00e4\u00e4n mo-mo.gr-sivuston sis\u00e4lt\u00f6\u00f6n liittyv\u00e4st\u00e4 vaatimuksesta, eik\u00e4 mist\u00e4\u00e4n virheest\u00e4, yksinkertaisesta tai herjaavasta kunnianloukkauksesta, loukkauksesta, solvauksesta, loukkauksesta, laiminly\u00f6nnist\u00e4, valheesta, kirosanasta, pornografiasta, jumalanpilkasta, vaarasta tai ep\u00e4tarkkuudesta, joka l\u00f6ytyy sen sis\u00e4ll\u00f6st\u00e4.<\/div>\n\n\n\n<h2 id=\"gspb_heading-id-gsbp-d55ecbe\" class=\"gspb_heading gspb_heading-id-gsbp-d55ecbe\">Sovellettava laki ja muut ehdot<\/h2>\n\n\n\n<div id=\"gspb_text-id-gsbp-3465e0e\" class=\"gspb_text gspb_text-id-gsbp-3465e0e\"><strong>Suostumuksen ehdot:<\/strong> K\u00e4sittelemme tietojasi sen j\u00e4lkeen, kun olet antanut suostumuksesi. Sinulla on oikeus peruuttaa suostumuksesi milloin tahansa.<br><br><strong>Oikeus tutustua:<\/strong> Sinulla on oikeus saada meilt\u00e4 vahvistus siit\u00e4, k\u00e4sitell\u00e4\u00e4nk\u00f6 tietojasi.<br><br><strong>Oikeus tietojen oikaisemiseen:<\/strong> Sinulla on oikeus saada meilt\u00e4 ilman aiheetonta viivytyst\u00e4 oikaisu sinua koskeviin virheellisiin henkil\u00f6tietoihin.<br><br><strong>Oikeus tietojen poistamiseen:<\/strong> Sinulla on oikeus pyyt\u00e4\u00e4 meit\u00e4 poistamaan sinua koskevat henkil\u00f6tiedot, ja meill\u00e4 on velvollisuus poistaa henkil\u00f6tiedot ilman aiheetonta viivytyst\u00e4.<br><br><strong>Oikeus rajoittaa k\u00e4sittely\u00e4:<\/strong> Sinulla on oikeus pyyt\u00e4\u00e4 meit\u00e4 rajoittamaan tietojesi k\u00e4sittely\u00e4.<br><br><strong>Oikeus tietojen siirrett\u00e4vyyteen:<\/strong> Sinulla on oikeus saada meilt\u00e4 meille antamasi henkil\u00f6tiedot j\u00e4sennellyss\u00e4, yleisesti k\u00e4ytetyss\u00e4 ja koneellisesti luettavassa muodossa, ja sinulla on oikeus siirt\u00e4\u00e4 n\u00e4m\u00e4 tiedot toiselle rekisterinpit\u00e4j\u00e4lle.<\/div>\n\n\n\n<h2 id=\"gspb_heading-id-gsbp-47571d4\" class=\"gspb_heading gspb_heading-id-gsbp-47571d4\">Tietojen k\u00e4ytt\u00f6<\/h2>\n\n\n\n<div id=\"gspb_text-id-gsbp-29e3627\" class=\"gspb_text gspb_text-id-gsbp-29e3627\">mo-mo.gr-sivusto k\u00e4ytt\u00e4\u00e4 ker\u00e4ttyj\u00e4 tietoja eri tarkoituksiin, kuten: verkkosivuston tarjoamiseen ja yll\u00e4pit\u00e4miseen, verkkosivuston p\u00e4ivityksist\u00e4 ilmoittamiseen, jotta voit halutessasi osallistua verkkosivustomme interaktiivisiin ominaisuuksiin (yhteydenottolomakkeet jne.), asiakastuen tarjoamiseen, tietojen analysointiin, jotta voimme parantaa verkkosivustoa.<br>- Verkkosivuston k\u00e4yt\u00f6n seuranta.<br>- Teknisten ongelmien tunnistaminen, ehk\u00e4iseminen ja ratkaiseminen.<\/div>\n\n\n\n<h2 id=\"gspb_heading-id-gsbp-0b31d18\" class=\"gspb_heading gspb_heading-id-gsbp-0b31d18\">Tiedonsiirto<\/h2>\n\n\n\n<div id=\"gspb_text-id-gsbp-cafe457\" class=\"gspb_text gspb_text-id-gsbp-cafe457\">Emme siirr\u00e4 henkil\u00f6tietojasi kolmansille osapuolille. Tietosi, mukaan lukien henkil\u00f6tiedot, voidaan siirt\u00e4\u00e4 ja s\u00e4ilytt\u00e4\u00e4 tietokoneissa, jotka sijaitsevat osavaltiosi, maakuntasi, maasi tai muun valtion laink\u00e4ytt\u00f6alueen ulkopuolella, jossa tietosuojalains\u00e4\u00e4d\u00e4nt\u00f6 saattaa poiketa sinun laink\u00e4ytt\u00f6alueesi lains\u00e4\u00e4d\u00e4nn\u00f6st\u00e4.<br>mo-mo.gr-sivusto toteuttaa kaikki tarvittavat toimenpiteet varmistaakseen, ett\u00e4 tietojasi k\u00e4sitell\u00e4\u00e4n turvallisesti ja t\u00e4m\u00e4n tietosuojak\u00e4yt\u00e4nn\u00f6n mukaisesti, eik\u00e4 se siirr\u00e4 henkil\u00f6tietojasi organisaatioon tai maahan, ellei k\u00e4yt\u00f6ss\u00e4 ole riitt\u00e4vi\u00e4 valvontatoimia, mukaan lukien tietoturva ja muut henkil\u00f6tiedot.<br>- Verkkosivuston k\u00e4yt\u00f6n seuranta.<br>- Teknisten ongelmien tunnistaminen, ehk\u00e4iseminen ja ratkaiseminen.<\/div>\n\n\n\n<h2 id=\"gspb_heading-id-gsbp-2a59555\" class=\"gspb_heading gspb_heading-id-gsbp-2a59555\">Verkkosivuk\u00e4yntien seuranta<\/h2>\n\n\n\n<div id=\"gspb_text-id-gsbp-1a411b9\" class=\"gspb_text gspb_text-id-gsbp-1a411b9\">Useimpien verkkosivustojen tapaan sivustomme k\u00e4ytt\u00e4\u00e4 Google Analyticsia (GA) k\u00e4ytt\u00e4jien vuorovaikutuksen seuraamiseen.<br>K\u00e4yt\u00e4mme n\u00e4it\u00e4 tietoja m\u00e4\u00e4ritt\u00e4\u00e4ksemme verkkosivustoamme k\u00e4ytt\u00e4vien ihmisten m\u00e4\u00e4r\u00e4n, ymm\u00e4rt\u00e4\u00e4ksemme paremmin, miten he l\u00f6yt\u00e4v\u00e4t ja k\u00e4ytt\u00e4v\u00e4t verkkosivustojamme, ja n\u00e4hd\u00e4ksemme heid\u00e4n matkansa verkkosivuston kautta.<br>Vaikka GA tallentaa tietoja, kuten maantieteellisen sijaintisi, laitteesi, Internet-selaimesi ja k\u00e4ytt\u00f6j\u00e4rjestelm\u00e4si, mik\u00e4\u00e4n n\u00e4ist\u00e4 tiedoista ei yksil\u00f6i sinua henkil\u00f6kohtaisesti.<br>GA tallentaa my\u00f6s tietokoneesi IP-osoitteen, jota voidaan k\u00e4ytt\u00e4\u00e4 henkil\u00f6llisyytesi tunnistamiseen, mutta Google ei anna meille p\u00e4\u00e4sy\u00e4 t\u00e4h\u00e4n tietoon.<br>Pid\u00e4mme Googlea kolmannen osapuolen tietojenk\u00e4sittelij\u00e4n\u00e4.<br>GA k\u00e4ytt\u00e4\u00e4 ev\u00e4steit\u00e4, joista on lis\u00e4tietoja Googlen kehitt\u00e4j\u00e4oppaissa. Sivustollamme k\u00e4ytet\u00e4\u00e4n GA:n analytics.js-sovellusta.<br>Ev\u00e4steiden poistaminen k\u00e4yt\u00f6st\u00e4 internet-selaimessasi est\u00e4\u00e4 GA:ta seuraamasta mit\u00e4\u00e4n osaa t\u00e4m\u00e4n verkkosivuston sivuilla vierailustasi.<br>mo-mo.gr-sivusto toteuttaa kaikki tarvittavat toimenpiteet varmistaakseen, ett\u00e4 tietojasi k\u00e4sitell\u00e4\u00e4n turvallisesti ja t\u00e4m\u00e4n tietosuojak\u00e4yt\u00e4nn\u00f6n mukaisesti, eik\u00e4 se siirr\u00e4 henkil\u00f6tietojasi organisaatioon tai maahan, ellei k\u00e4yt\u00f6ss\u00e4 ole riitt\u00e4vi\u00e4 valvontatoimia, mukaan lukien tietoturva ja muut henkil\u00f6tiedot.<br>- Verkkosivuston k\u00e4yt\u00f6n seuranta.<br>- Teknisten ongelmien tunnistaminen, ehk\u00e4iseminen ja ratkaiseminen.<\/div>\n\n\n\n<h2 id=\"gspb_heading-id-gsbp-c05367d\" class=\"gspb_heading gspb_heading-id-gsbp-c05367d\">Miten s\u00e4ilyt\u00e4mme henkil\u00f6tietojasi<\/h2>\n\n\n\n<div id=\"gspb_text-id-gsbp-13a39f8\" class=\"gspb_text gspb_text-id-gsbp-13a39f8\">Henkil\u00f6tietojasi tarvitaan vain, jos haluat ottaa meihin yhteytt\u00e4 yhteydenottolomakkeella, jonka kautta annat meille yhteystietosi, tai jos olet verkkokauppamme asiakas, kun selaat yrityksemme verkkosivustoa.<\/div>\n\n\n\n<h2 id=\"gspb_heading-id-gsbp-c078134\" class=\"gspb_heading gspb_heading-id-gsbp-c078134\">S\u00e4hk\u00f6inen kauppa<\/h2>\n\n\n\n<div id=\"gspb_text-id-gsbp-32243e1\" class=\"gspb_text gspb_text-id-gsbp-32243e1\">Tilauksiasi koskevat henkil\u00f6tietosi tallennetaan seuraavasti:<br>- Toimimattomien tilien s\u00e4ilytt\u00e4minen \/ 1 vuosi.<br>- Vireill\u00e4 olevien tilausten s\u00e4ilytt\u00e4minen \/ 2 viikkoa.<br>- Virheellisten tilausten s\u00e4ilytt\u00e4minen \/ 2 viikkoa.<br>- Peruutettujen tilausten s\u00e4ilytt\u00e4minen \/ 1 viikko.<br>- Yll\u00e4pid\u00e4 niin, ett\u00e4 sinulla on tilisivulla historiatieto tilauksistasi.<\/div>\n\n\n\n<h2 id=\"gspb_heading-id-gsbp-e216c01\" class=\"gspb_heading gspb_heading-id-gsbp-e216c01\">Tietomurrot<\/h2>\n\n\n\n<div id=\"gspb_text-id-gsbp-7f1304c\" class=\"gspb_text gspb_text-id-gsbp-7f1304c\">Ilmoitamme kaikista t\u00e4m\u00e4n verkkosivuston tietokantaan tai kolmannen osapuolen tietojenk\u00e4sittelij\u00e4n tietokantaan kohdistuvista laittomista tietomurroista kaikille asianomaisille henkil\u00f6ille ja viranomaisille 72 tunnin kuluessa tietomurrosta, jos on ilmeist\u00e4, ett\u00e4 tunnistettavassa muodossa tallennettuja henkil\u00f6tietoja on varastettu.<\/div>\n\n\n\n<h2 id=\"gspb_heading-id-gsbp-7047a8a\" class=\"gspb_heading gspb_heading-id-gsbp-7047a8a\">Muutokset tietosuojak\u00e4yt\u00e4nt\u00f6ihimme<\/h2>\n\n\n\n<div id=\"gspb_text-id-gsbp-1b93554\" class=\"gspb_text gspb_text-id-gsbp-1b93554\">Tietosuojak\u00e4yt\u00e4nt\u00f6 voi muuttua aika ajoin lains\u00e4\u00e4d\u00e4nn\u00f6n tai alan kehityksen mukaisesti.<br>Emme ilmoita n\u00e4ist\u00e4 muutoksista nimenomaisesti asiakkaillemme tai verkkosivuston k\u00e4ytt\u00e4jille.<br>Sen sijaan suosittelemme, ett\u00e4 tarkistat t\u00e4m\u00e4n sivun ajoittain mahdollisten k\u00e4yt\u00e4nt\u00f6muutosten varalta.<\/div>","protected":false},"excerpt":{"rendered":"","protected":false},"author":187,"featured_media":0,"parent":0,"menu_order":0,"comment_status":"closed","ping_status":"closed","template":"","meta":{"_gspb_post_css":"","footnotes":""},"class_list":["post-9457","page","type-page","status-publish","hentry"],"blocksy_meta":[],"_links":{"self":[{"href":"https:\/\/mo-mo.gr\/fi\/wp-json\/wp\/v2\/pages\/9457","targetHints":{"allow":["GET"]}}],"collection":[{"href":"https:\/\/mo-mo.gr\/fi\/wp-json\/wp\/v2\/pages"}],"about":[{"href":"https:\/\/mo-mo.gr\/fi\/wp-json\/wp\/v2\/types\/page"}],"author":[{"embeddable":true,"href":"https:\/\/mo-mo.gr\/fi\/wp-json\/wp\/v2\/users\/187"}],"replies":[{"embeddable":true,"href":"https:\/\/mo-mo.gr\/fi\/wp-json\/wp\/v2\/comments?post=9457"}],"version-history":[{"count":0,"href":"https:\/\/mo-mo.gr\/fi\/wp-json\/wp\/v2\/pages\/9457\/revisions"}],"wp:attachment":[{"href":"https:\/\/mo-mo.gr\/fi\/wp-json\/wp\/v2\/media?parent=9457"}],"curies":[{"name":"wp","href":"https:\/\/api.w.org\/{rel}","templated":true}]}}