{"id":9451,"date":"2024-12-12T11:37:23","date_gmt":"2024-12-12T11:37:23","guid":{"rendered":"https:\/\/mo-mo.gr\/?page_id=9451"},"modified":"2024-12-12T11:46:32","modified_gmt":"2024-12-12T11:46:32","slug":"%cf%8c%cf%81%ce%bf%ce%b9-%cf%87%cf%81%ce%ae%cf%83%ce%b7%cf%82","status":"publish","type":"page","link":"https:\/\/mo-mo.gr\/fi\/%cf%8c%cf%81%ce%bf%ce%b9-%cf%87%cf%81%ce%ae%cf%83%ce%b7%cf%82\/","title":{"rendered":"K\u00e4ytt\u00f6ehdot"},"content":{"rendered":"<div id=\"gspb_text-id-gsbp-ae82458\" class=\"gspb_text gspb_text-id-gsbp-ae82458\">Tervetuloa mo-mo.gr-sivustolle, joka tarjoaa k\u00e4sintehtyj\u00e4 vaatteita.<\/div>\n\n\n\n<div id=\"gspb_text-id-gsbp-59edf96\" class=\"gspb_text gspb_text-id-gsbp-59edf96\">Verkkosivuston ja sen kautta saatavilla olevien palveluiden (j\u00e4ljemp\u00e4n\u00e4 \"Palvelut\") k\u00e4ytt\u00f6oikeus ja k\u00e4ytt\u00f6 on seuraavien ehtojen ja edellytysten (j\u00e4ljemp\u00e4n\u00e4 \"K\u00e4ytt\u00f6ehdot\") alainen. Palveluiden k\u00e4ytt\u00f6 edellytt\u00e4\u00e4 k\u00e4ytt\u00f6ehtojen ehdotonta hyv\u00e4ksymist\u00e4, sellaisina kuin ne kulloinkin ovat voimassa. Yhti\u00f6 pid\u00e4tt\u00e4\u00e4 oikeuden muuttaa k\u00e4ytt\u00f6ehtoja harkintansa mukaan ja ilman ennakkoilmoitusta. On suositeltavaa, ett\u00e4 k\u00e4ytt\u00e4j\u00e4t tarkistavat t\u00e4m\u00e4n sivun aika ajoin, jotta he saavat tiedon k\u00e4ytt\u00f6ehtojen muutoksista.<br><br>Yritys pyrkii kaikin tavoin varmistamaan, ett\u00e4 mo-mo.gr-sivuston sis\u00e4lt\u00f6 sis\u00e4lt\u00e4\u00e4 t\u00e4ydellist\u00e4, t\u00e4sm\u00e4llist\u00e4, selke\u00e4\u00e4, p\u00e4tev\u00e4\u00e4, informatiivista, ajantasaista, totuudenmukaista ja ei harhaanjohtavaa tietoa. Se ei miss\u00e4\u00e4n tapauksessa ole vastuussa, sidottu tai taattu sis\u00e4ll\u00f6n turvallisuudesta. N\u00e4in ollen mo-mo.gr:n k\u00e4ytt\u00e4j\u00e4t hyv\u00e4ksyv\u00e4t sen mahdollisuuden, ett\u00e4 yritys ei pysty valvomaan kaikkea sis\u00e4lt\u00f6\u00e4\u00e4n ja palvelujaan.<br><br>Verkkosivuston ja sen kautta saatavilla olevien palveluiden (j\u00e4ljemp\u00e4n\u00e4 \"Palvelut\") k\u00e4ytt\u00f6oikeus ja k\u00e4ytt\u00f6 on seuraavien ehtojen ja edellytysten (j\u00e4ljemp\u00e4n\u00e4 \"K\u00e4ytt\u00f6ehdot\") alainen. Palveluiden k\u00e4ytt\u00f6 edellytt\u00e4\u00e4 k\u00e4ytt\u00f6ehtojen ehdotonta hyv\u00e4ksymist\u00e4, sellaisina kuin ne kulloinkin ovat voimassa. Yhti\u00f6 pid\u00e4tt\u00e4\u00e4 oikeuden muuttaa k\u00e4ytt\u00f6ehtoja harkintansa mukaan ja ilman ennakkoilmoitusta. On suositeltavaa, ett\u00e4 k\u00e4ytt\u00e4j\u00e4t tarkistavat t\u00e4m\u00e4n sivun aika ajoin, jotta he saavat tiedon k\u00e4ytt\u00f6ehtojen muutoksista.<br><br>Yritys pyrkii kaikin tavoin varmistamaan, ett\u00e4 mo-mo.gr-sivuston sis\u00e4lt\u00f6 sis\u00e4lt\u00e4\u00e4 t\u00e4ydellist\u00e4, t\u00e4sm\u00e4llist\u00e4, selke\u00e4\u00e4, p\u00e4tev\u00e4\u00e4, informatiivista, ajantasaista, totuudenmukaista ja ei harhaanjohtavaa tietoa. Se ei miss\u00e4\u00e4n tapauksessa ole vastuussa, sidottu tai taattu sis\u00e4ll\u00f6n turvallisuudesta. N\u00e4in ollen mo-mo.gr:n k\u00e4ytt\u00e4j\u00e4t hyv\u00e4ksyv\u00e4t sen mahdollisuuden, ett\u00e4 yritys ei pysty valvomaan kaikkea sis\u00e4lt\u00f6\u00e4\u00e4n ja palvelujaan.<br>Kukin k\u00e4ytt\u00e4j\u00e4 k\u00e4ytt\u00e4\u00e4 mo-mo.gr-sivustoa omalla vastuullaan, eik\u00e4 sen sis\u00e4lt\u00f6\u00e4 voida mill\u00e4\u00e4n tavoin tulkita neuvoksi tai suoraksi tai ep\u00e4suoraksi kehotukseksi k\u00e4ytt\u00e4jille ryhty\u00e4 mihink\u00e4\u00e4n toimiin. Sis\u00e4ll\u00f6n arviointi on jokaisen k\u00e4ytt\u00e4j\u00e4n vastuulla, ja h\u00e4n ottaa vastuun sis\u00e4ll\u00f6n mink\u00e4 tahansa osan k\u00e4yt\u00f6st\u00e4.<\/div>\n\n\n\n<h2 id=\"gspb_heading-id-gsbp-37be37a\" class=\"gspb_heading gspb_heading-id-gsbp-37be37a\">Henkil\u00f6tietojen suojaaminen<\/h2>\n\n\n\n<div id=\"gspb_text-id-gsbp-f8e9a7d\" class=\"gspb_text gspb_text-id-gsbp-f8e9a7d\">Meille antamiasi tietoja tai henkil\u00f6tietoja k\u00e4sitell\u00e4\u00e4n tietosuojaselosteen mukaisesti. K\u00e4ytt\u00e4m\u00e4ll\u00e4 t\u00e4t\u00e4 verkkosivustoa annat suostumuksesi t\u00e4llaisten tietojen k\u00e4sittelyyn ja vakuutat, ett\u00e4 kaikki meille antamasi tiedot ovat totuudenmukaisia ja tarkkoja.<\/div>\n\n\n\n<h2 id=\"gspb_heading-id-gsbp-d1b9d97\" class=\"gspb_heading gspb_heading-id-gsbp-d1b9d97\">Navigointi ja verkkosivuston k\u00e4ytt\u00f6<\/h2>\n\n\n\n<div id=\"gspb_text-id-gsbp-77e48da\" class=\"gspb_text gspb_text-id-gsbp-77e48da\">K\u00e4ytt\u00e4j\u00e4t ovat yksin vastuussa mo-mo.gr:n palveluiden k\u00e4ytt\u00e4miseen tarvittavien puhelinliittymien, tietokoneiden ja yleisten laitteiden omistamisesta ja yll\u00e4pidosta.<br><br>Meille antamiasi tietoja tai henkil\u00f6tietoja k\u00e4sitell\u00e4\u00e4n tietosuojaselosteen mukaisesti. K\u00e4ytt\u00e4m\u00e4ll\u00e4 t\u00e4t\u00e4 verkkosivustoa annat suostumuksesi t\u00e4llaisten tietojen k\u00e4sittelyyn ja vakuutat, ett\u00e4 kaikki meille antamasi tiedot ovat totuudenmukaisia ja tarkkoja.<br><br>- K\u00e4yt\u00e4 verkkosivustoa vain tutustuaksesi palveluihimme ja kysy\u00e4ksesi oikeutettuja kysymyksi\u00e4.<br>- \u00c4l\u00e4 esit\u00e4 v\u00e4\u00e4ri\u00e4 tai vilpillisi\u00e4 kysymyksi\u00e4. Jos uskomme perustellusti, ett\u00e4 lomakkeessa on annettu v\u00e4\u00e4ri\u00e4 tai vilpillisi\u00e4 tietoja, meill\u00e4 on oikeus ilmoittaa asiasta toimivaltaisille viranomaisille.<br>- Anna meille oikea ja tarkka s\u00e4hk\u00f6postiosoitteesi, postiosoitteesi ja\/tai muut yhteystietosi.<br>- Hyv\u00e4ksyt my\u00f6s sen, ett\u00e4 voimme k\u00e4ytt\u00e4\u00e4 n\u00e4it\u00e4 tietoja ottaaksemme sinuun yhteytt\u00e4, jos se on tarpeen. Jos et anna meille kaikkia tarvitsemiamme tietoja, emme voi ottaa sinuun yhteytt\u00e4.<\/div>\n\n\n\n<h2 id=\"gspb_heading-id-gsbp-f992823\" class=\"gspb_heading gspb_heading-id-gsbp-f992823\">Teollis- ja tekij\u00e4noikeudet<\/h2>\n\n\n\n<div id=\"gspb_text-id-gsbp-9e2fb32\" class=\"gspb_text gspb_text-id-gsbp-9e2fb32\">Henkinen omaisuus hankitaan ilman sanamuotoa ja ilman, ett\u00e4 tarvitaan lauseketta, jolla kiellet\u00e4\u00e4n sen loukkaaminen. mo-mo.gr ja sen sis\u00e4lt\u00f6 (joka sis\u00e4lt\u00e4\u00e4 kaikki tavaramerkit, tunnusmerkit, patentit, nimet, tekstit, kuvat, grafiikat, piirustukset, valokuvat, ohjelmat, kaikenlaiset tietomateriaalit, tiedot, ohjelmistot) on yrityksen henkist\u00e4 ja teollista omaisuutta, jota suojaavat Kreikan, yhteis\u00f6n ja kansainv\u00e4lisen lains\u00e4\u00e4d\u00e4nn\u00f6n asiaa koskevat s\u00e4\u00e4nn\u00f6kset.<br><br>On huomattava, ett\u00e4 lain 2121\/1993 (sellaisena kuin se on muutettuna ja nykyisin voimassa) mukaan Bernin kansainv\u00e4linen yleissopimus (ratifioitu lailla 2121\/1993), Bernin kansainv\u00e4linen yleissopimus (ratifioitu lailla 2121\/1993) ja kansainv\u00e4linen yleissopimus teollisoikeuksien suojaamisesta (ratifioitu lailla 2121\/1993). 100\/1975) ja immateriaalioikeuksien suojelua Internetiss\u00e4 koskevien m\u00e4\u00e4r\u00e4ysten mukaisesti on nimenomaisesti kielletty kaikenlainen kopiointi, muuttaminen, h\u00e4irint\u00e4, siirt\u00e4minen, jakelu, j\u00e4lleenmyynti, vuokraus, uudelleenjulkaiseminen, j\u00e4ljent\u00e4minen, uudelleen l\u00e4hett\u00e4minen s\u00e4hk\u00f6isess\u00e4 tai mekaanisessa muodossa, tallentaminen, tulostaminen, johdannaisteosten luominen, lataaminen kenelle tahansa tai yleis\u00f6n harhaanjohtaminen sis\u00e4ll\u00f6n todellisen omistajan suhteen.<br><br>mo-mo.gr-sivuston sis\u00e4lt\u00f6 ei muodosta eik\u00e4 sit\u00e4 miss\u00e4\u00e4n tapauksessa tule tulkita nimenomaisen tai hiljaisen luvan tai oikeuden my\u00f6nt\u00e4miseksi mink\u00e4\u00e4n sivustolla esiintyv\u00e4n tavaramerkin k\u00e4ytt\u00e4miseen ilman yhti\u00f6n tai kolmansien osapuolten, jotka saattavat omistaa sivustolla esiintyv\u00e4t tavaramerkit, kirjallista lupaa. Mo-mo.gr-sivustolla esiintyv\u00e4t tavaramerkit, logot, tunnukset, erottamiskykyiset piirteet ja sen sis\u00e4lt\u00f6\u00f6n kuuluvat henkil\u00f6iden, paikkojen tai asioiden kuvaukset ovat Yhti\u00f6n tai kolmansien osapuolten omaisuutta. Niiden k\u00e4ytt\u00f6 on ehdottomasti kielletty ilman Yhti\u00f6n etuk\u00e4teen antamaa kirjallista lupaa, ellei sovellettavissa k\u00e4ytt\u00f6ehdoissa toisin m\u00e4\u00e4r\u00e4t\u00e4.<br><br>Mo-mo.gr-sivustolla esiintyv\u00e4t kolmansien osapuolten tuotteet, palvelut, tuotenimet, tavaramerkit tai tunnusmerkit ovat kolmansien osapuolten henkist\u00e4 ja teollista omaisuutta, ja n\u00e4m\u00e4 ovat my\u00f6s vastuussa niist\u00e4.<br><br>Yritykselle mo-mo.gr-sivuston kautta toimitettuja tietoja pidet\u00e4\u00e4n ei-luottamuksellisina tietoina, eiv\u00e4tk\u00e4 ne muodosta kyseisen k\u00e4ytt\u00e4j\u00e4n omaisuutta. Yrityksen omaisuutta on, sik\u00e4li kuin se on mahdollista, kaikki, mit\u00e4 mo-mo.gr:n kautta siirret\u00e4\u00e4n, v\u00e4litet\u00e4\u00e4n tai l\u00e4hetet\u00e4\u00e4n. Yritys voi ker\u00e4t\u00e4 rajoitetusti tietoja kaupallista toimintaansa varten.<\/div>\n\n\n\n<h2 id=\"gspb_heading-id-gsbp-0af6544\" class=\"gspb_heading gspb_heading-id-gsbp-0af6544\">Yhti\u00f6n vastuu<\/h2>\n\n\n\n<div id=\"gspb_text-id-gsbp-e0f2292\" class=\"gspb_text gspb_text-id-gsbp-e0f2292\">Ottaen huomioon internetin kansainv\u00e4listyneen luonteen ja sen m\u00e4\u00e4r\u00e4n, kaikki suorat, v\u00e4lilliset, satunnaiset, ep\u00e4suorat tai ep\u00e4suorat vahingot, jotka johtuvat mink\u00e4 tahansa k\u00e4ytt\u00e4j\u00e4n p\u00e4\u00e4syst\u00e4 mo-mo.gr-sivustolle tai sen k\u00e4yt\u00f6st\u00e4, mukaan lukien huolimattomuus, eiv\u00e4t johda yhti\u00f6n tai sen johtajien vastuuseen. K\u00e4ytt\u00e4ji\u00e4 kehotetaan suojautumaan tietokoneviruksilta ja muilta haittaohjelmilta ohjelmistojen avulla.<br><br>Yhti\u00f6 ei ole vastuussa vahingoista ja kuluista, jotka aiheutuvat mo-mo.gr:n k\u00e4yt\u00f6st\u00e4 tai kyvytt\u00f6myydest\u00e4 k\u00e4ytt\u00e4\u00e4 sit\u00e4 kenenk\u00e4\u00e4n henkil\u00f6n toimesta, tai jotka aiheutuvat kyvytt\u00f6myydest\u00e4 suorittaa palvelu, virheest\u00e4, laiminly\u00f6nnist\u00e4, keskeytyksest\u00e4, viasta, toimintaviiveest\u00e4, siirtoviiveest\u00e4 tai j\u00e4rjestelm\u00e4viasta. Jos tietokoneelle tai muulle s\u00e4hk\u00f6iselle v\u00e4lineelle, jota k\u00e4ytt\u00e4j\u00e4 k\u00e4ytt\u00e4\u00e4 sen sis\u00e4ll\u00f6n aineiston, tietojen, tekstin, kuvien, videoiden tai \u00e4\u00e4nien k\u00e4ytt\u00e4miseen tai lataamiseen, aiheutuu vahinkoa tai s\u00e4hk\u00f6isten virusten aiheuttama vahinko tai tartunta, yhti\u00f6 ei ole mill\u00e4\u00e4n tavoin vastuussa.<br><br>Verkkosivuston kautta saatavilla olevat palvelut tarjotaan verkkokaupan k\u00e4ytt\u00e4jille sellaisenaan. Yritys ei takaa, ett\u00e4 mo-mo.gr-sivuston sis\u00e4lt\u00f6 ja tarjottujen palvelujen laatu vastaavat k\u00e4ytt\u00e4jien vaatimuksia ja odotuksia. Yritys ei vastaa mist\u00e4\u00e4n mo-mo.gr-sivuston toimintaan tai k\u00e4ytt\u00f6\u00f6n liittyvist\u00e4 oikeudellisista, siviili- tai rikosoikeudellisista vaateista eik\u00e4 mink\u00e4\u00e4nlaisista vahingoista, joita verkkosivuston k\u00e4vij\u00e4t tai kolmannet osapuolet aiheuttavat.<br><br>Yritys ei ole vastuussa eik\u00e4 ota mink\u00e4\u00e4nlaista korvausvelvollisuutta mist\u00e4\u00e4n mo-mo.gr-sivuston sis\u00e4lt\u00f6\u00f6n liittyv\u00e4st\u00e4 vaatimuksesta, eik\u00e4 mist\u00e4\u00e4n virheest\u00e4, yksinkertaisesta tai herjaavasta kunnianloukkauksesta, loukkauksesta, solvauksesta, loukkauksesta, laiminly\u00f6nnist\u00e4, valheesta, kirosanasta, pornografiasta, jumalanpilkasta, vaarasta tai ep\u00e4tarkkuudesta, joka l\u00f6ytyy sen sis\u00e4ll\u00f6st\u00e4.<\/div>\n\n\n\n<h2 id=\"gspb_heading-id-gsbp-1f3399a\" class=\"gspb_heading gspb_heading-id-gsbp-1f3399a\">Sovellettava laki ja muut ehdot<\/h2>\n\n\n\n<div id=\"gspb_text-id-gsbp-bd3e3ed\" class=\"gspb_text gspb_text-id-gsbp-bd3e3ed\">N\u00e4ihin ehtoihin ja niiden muutoksiin sovelletaan ja niit\u00e4 tulkitaan Kreikan lakia noudattaen. Toimivalta mo-mo.gr-sivuston k\u00e4yt\u00f6st\u00e4 johtuvissa riita-asioissa on Thessalonikin toimivaltaisilla tuomioistuimilla.<\/div>","protected":false},"excerpt":{"rendered":"","protected":false},"author":187,"featured_media":0,"parent":0,"menu_order":0,"comment_status":"closed","ping_status":"closed","template":"","meta":{"_gspb_post_css":"","footnotes":""},"class_list":["post-9451","page","type-page","status-publish","hentry"],"blocksy_meta":[],"_links":{"self":[{"href":"https:\/\/mo-mo.gr\/fi\/wp-json\/wp\/v2\/pages\/9451","targetHints":{"allow":["GET"]}}],"collection":[{"href":"https:\/\/mo-mo.gr\/fi\/wp-json\/wp\/v2\/pages"}],"about":[{"href":"https:\/\/mo-mo.gr\/fi\/wp-json\/wp\/v2\/types\/page"}],"author":[{"embeddable":true,"href":"https:\/\/mo-mo.gr\/fi\/wp-json\/wp\/v2\/users\/187"}],"replies":[{"embeddable":true,"href":"https:\/\/mo-mo.gr\/fi\/wp-json\/wp\/v2\/comments?post=9451"}],"version-history":[{"count":0,"href":"https:\/\/mo-mo.gr\/fi\/wp-json\/wp\/v2\/pages\/9451\/revisions"}],"wp:attachment":[{"href":"https:\/\/mo-mo.gr\/fi\/wp-json\/wp\/v2\/media?parent=9451"}],"curies":[{"name":"wp","href":"https:\/\/api.w.org\/{rel}","templated":true}]}}