{"id":12787,"date":"2024-12-17T21:41:41","date_gmt":"2024-12-17T19:41:41","guid":{"rendered":"https:\/\/mo-mo.gr\/?page_id=12787"},"modified":"2025-05-24T03:11:43","modified_gmt":"2025-05-24T00:11:43","slug":"perinne","status":"publish","type":"page","link":"https:\/\/mo-mo.gr\/fi\/the-tradition\/","title":{"rendered":"Perinne"},"content":{"rendered":"<div class=\"wp-block-greenshift-blocks-row gspb_row gspb_row-id-gsbp-8c8383b\" id=\"gspb_row-id-gsbp-8c8383b\"><div class=\"gspb_row__content\"> \n<div class=\"wp-block-greenshift-blocks-row-column gspb_row__col--6 gspb_col-id-gsbp-51a039f\" id=\"gspb_col-id-gsbp-51a039f\">\n<div class=\"wp-block-greenshift-blocks-image gspb_image gspb_image-id-gsbp-07471b1\" id=\"gspb_image-id-gsbp-07471b1\"><img decoding=\"async\" src=\"https:\/\/mo-mo.gr\/wp-content\/uploads\/2024\/12\/8-7.jpg\" data-src=\"\" alt=\"\" loading=\"lazy\" width=\"798\" height=\"904\" title=\"\"><\/div>\n<\/div>\n\n\n\n<div class=\"wp-block-greenshift-blocks-row-column gspb_row__col--6 gspb_col-id-gsbp-0459375\" id=\"gspb_col-id-gsbp-0459375\">\n<div id=\"gspb_text-id-gsbp-4028492\" class=\"gspb_text gspb_text-id-gsbp-4028492\">Kimono (<strong>\u304d\u3082\u306e\/\u7740\u7269<\/strong>T\u00e4m\u00e4 eritt\u00e4in tyylik\u00e4s ja perinteinen japanilainen vaate korostaa pitk\u00e4\u00e4 ja rikasta historiaa, joka on kadonnut ajan syvyyksiin. Se on vaatetyyppi, joka on edustanut japanilaista kulttuuria ja perinteit\u00e4 vuosisatojen ajan.<br><br>Kimono koostuu yhdest\u00e4 pitk\u00e4st\u00e4 kangaskappaleesta, jossa on leve\u00e4t hihat ja vy\u00f6t\u00e4r\u00f6n ymp\u00e4rille sidottava vy\u00f6. T\u00e4m\u00e4 elegantti ja erityinen vaate erottuu edukseen ainutlaatuisen rakennustapansa ja sit\u00e4 koristavien upeiden kuvioidensa ansiosta.<br><br>Kimonon alkuper\u00e4 juontaa juurensa muinaiseen Japaniin, jossa sit\u00e4 k\u00e4ytettiin alun perin aristokraattisten luokkien vaatteena.<br><br>My\u00f6hemmin kimonosta tuli suosittu kansan keskuudessa, ja sit\u00e4 k\u00e4ytettiin jokap\u00e4iv\u00e4isen\u00e4 vaatekappaleena. Sen kehitys heijastaa yhteiskunnallisia muutoksia ja vaikutteita, jotka ovat vaikuttaneet Japaniin vuosisatojen kuluessa.<br><br>Ajan my\u00f6t\u00e4 suunnittelijat ja k\u00e4sity\u00f6l\u00e4iset ovat kehitt\u00e4neet kimonojen tekniikkaa ja malleja. Vaatteen kauneuden lis\u00e4\u00e4miseksi siihen lis\u00e4ttiin lis\u00e4\u00e4 v\u00e4rej\u00e4, monipuolisia kuvioita ja koristeellisia elementtej\u00e4, kuten kirjontaa ja kirjailua. Kimonosta syntyi my\u00f6s erilaisia variaatioita, kuten furisode (leve\u00e4hihainen kimono), tomesode (yksiv\u00e4rinen ja tyylikk\u00e4\u00e4sti kuvioitu kimono) ja komon (kimono, jossa on toistuvia pieni\u00e4 kuvioita).<br><br>Kimono on edelleen t\u00e4rke\u00e4 osa japanilaista kulttuuria ja perinteist\u00e4 vaatetusta. Sit\u00e4 k\u00e4ytet\u00e4\u00e4n erityistilaisuuksissa, kuten h\u00e4iss\u00e4, seremonioissa ja festivaaleilla, mutta my\u00f6s Japanin symbolina maailmanlaajuisesti. Kimonon estetiikka on vaikuttanut muoti- ja suunnitteluteollisuuteen maailmanlaajuisesti, ja monet suunnittelijat ovat tunnustaneet kimonon ainutlaatuisen kauneuden ja teknisen monimutkaisuuden.<br><br><strong>V\u00e4h\u00e4n historiaa Kimonosta<\/strong><br>Kimono syntyi Japanissa Naran kaudella (710-794 jKr.) ja kehittyi edelleen Heian-kaudella (794-1185 jKr.). Alkuaikoina miehet k\u00e4yttiv\u00e4t sit\u00e4 p\u00e4\u00e4llystakkiensa p\u00e4\u00e4ll\u00e4, ja sitten se kehittyi perinteiseksi naisten vaatteeksi Heian-kaudella. Varakkaat aristokraattien naiset k\u00e4yttiv\u00e4t kimonoja, jotka oli valmistettu arvokkaista kankaista ja koristeltu v\u00e4rikk\u00e4ill\u00e4 kuvioilla.<\/div>\n<\/div>\n <\/div><\/div>\n\n\n\n<div class=\"wp-block-greenshift-blocks-row gspb_row gspb_row-id-gsbp-585b6c7\" id=\"gspb_row-id-gsbp-585b6c7\"><div class=\"gspb_row__content\"> \n<div class=\"wp-block-greenshift-blocks-row-column gspb_row__col--12 gspb_col-id-gsbp-29f68b6\" id=\"gspb_col-id-gsbp-29f68b6\">\n<div class=\"wp-block-greenshift-blocks-swiper gs-swiper gspb_slider-id-gsbp-3099fe0\" style=\"position:relative\"><div class=\"gs-swiper-init\" data-slidesperview=\"1\" data-spacebetween=\"10\" data-spacebetweenmd=\"10\" data-spacebetweensm=\"10\" data-spacebetweenxs=\"10\" data-speed=\"400\" data-loop=\"false\" data-vertical=\"false\" data-verticalheight=\"500px\" data-autoheight=\"false\" data-grabcursor=\"false\" data-freemode=\"false\" data-centered=\"false\" data-autoplay=\"false\" data-autodelay=\"4000\" data-effect=\"\" data-coverflowshadow=\"false\"><div class=\"swiper\"><div class=\"swiper-wrapper\">\n<div class=\"swiper-slide\"><div class=\"wp-block-greenshift-blocks-swipe swiper-slide-inner gspb_sliderinner-id-gsbp-0014c19\"><div class=\"slider-content-zone\">\n<div class=\"wp-block-greenshift-blocks-image gspb_image gspb_image-id-gsbp-2bfce81\" id=\"gspb_image-id-gsbp-2bfce81\"><img decoding=\"async\" src=\"https:\/\/mo-mo.gr\/wp-content\/uploads\/2024\/12\/geisha.jpg\" data-src=\"\" alt=\"\" loading=\"lazy\" width=\"798\" height=\"904\" title=\"\"><\/div>\n\n\n\n<p class=\"has-text-align-center has-medium-font-size\"><\/p>\n<\/div><\/div><\/div>\n\n\n\n<div class=\"swiper-slide\"><div class=\"wp-block-greenshift-blocks-swipe swiper-slide-inner gspb_sliderinner-id-gsbp-d6ef218\"><div class=\"slider-content-zone\">\n<div class=\"wp-block-greenshift-blocks-image gspb_image gspb_image-id-gsbp-7758ec3\" id=\"gspb_image-id-gsbp-7758ec3\"><img decoding=\"async\" src=\"https:\/\/mo-mo.gr\/wp-content\/uploads\/2024\/12\/geisha-3.jpg\" data-src=\"\" alt=\"\" loading=\"lazy\" width=\"798\" height=\"904\" title=\"\"><\/div>\n\n\n\n<p class=\"has-text-align-center has-medium-font-size\"><\/p>\n<\/div><\/div><\/div>\n\n\n\n<div class=\"swiper-slide\"><div class=\"wp-block-greenshift-blocks-swipe swiper-slide-inner gspb_sliderinner-id-gsbp-7323a7a\"><div class=\"slider-content-zone\">\n<div class=\"wp-block-greenshift-blocks-image gspb_image gspb_image-id-gsbp-e9557de\" id=\"gspb_image-id-gsbp-e9557de\"><img decoding=\"async\" src=\"https:\/\/mo-mo.gr\/wp-content\/uploads\/2024\/12\/Geisha-2-1.jpg\" data-src=\"\" alt=\"\" loading=\"lazy\" width=\"798\" height=\"904\" title=\"\"><\/div>\n\n\n\n<p class=\"has-text-align-center has-medium-font-size\"><\/p>\n<\/div><\/div><\/div>\n\n\n\n<div class=\"swiper-slide\"><div class=\"wp-block-greenshift-blocks-swipe swiper-slide-inner gspb_sliderinner-id-gsbp-a98502e\"><div class=\"slider-content-zone\">\n<div class=\"wp-block-greenshift-blocks-image gspb_image gspb_image-id-gsbp-b6a0d00\" id=\"gspb_image-id-gsbp-b6a0d00\"><img decoding=\"async\" src=\"https:\/\/mo-mo.gr\/wp-content\/uploads\/2024\/12\/10-6.jpg\" data-src=\"\" alt=\"\" loading=\"lazy\" width=\"798\" height=\"904\" title=\"\"><\/div>\n\n\n\n<p class=\"has-text-align-center has-medium-font-size\"><\/p>\n<\/div><\/div><\/div>\n\n\n\n<div class=\"swiper-slide\"><div class=\"wp-block-greenshift-blocks-swipe swiper-slide-inner gspb_sliderinner-id-gsbp-f7a2e10\"><div class=\"slider-content-zone\">\n<div class=\"wp-block-greenshift-blocks-image gspb_image gspb_image-id-gsbp-f4f4792\" id=\"gspb_image-id-gsbp-f4f4792\"><img decoding=\"async\" src=\"https:\/\/mo-mo.gr\/wp-content\/uploads\/2024\/12\/9-6.jpg\" data-src=\"\" alt=\"\" loading=\"lazy\" width=\"798\" height=\"904\" title=\"\"><\/div>\n\n\n\n<p class=\"has-text-align-center has-medium-font-size\"><\/p>\n<\/div><\/div><\/div>\n\n\n\n<div class=\"swiper-slide\"><div class=\"wp-block-greenshift-blocks-swipe swiper-slide-inner gspb_sliderinner-id-gsbp-2b64fd7\"><div class=\"slider-content-zone\">\n<div class=\"wp-block-greenshift-blocks-image gspb_image gspb_image-id-gsbp-080d348\" id=\"gspb_image-id-gsbp-080d348\"><img decoding=\"async\" src=\"https:\/\/mo-mo.gr\/wp-content\/uploads\/2024\/12\/7-8.jpg\" data-src=\"\" alt=\"\" loading=\"lazy\" width=\"798\" height=\"904\" title=\"\"><\/div>\n\n\n\n<p class=\"has-text-align-center has-medium-font-size\"><\/p>\n<\/div><\/div><\/div>\n\n\n\n<div class=\"swiper-slide\"><div class=\"wp-block-greenshift-blocks-swipe swiper-slide-inner gspb_sliderinner-id-gsbp-78320e0\"><div class=\"slider-content-zone\">\n<div class=\"wp-block-greenshift-blocks-image gspb_image gspb_image-id-gsbp-53471e4\" id=\"gspb_image-id-gsbp-53471e4\"><img decoding=\"async\" src=\"https:\/\/mo-mo.gr\/wp-content\/uploads\/2024\/12\/6-9.jpg\" data-src=\"\" alt=\"\" loading=\"lazy\" width=\"798\" height=\"904\" title=\"\"><\/div>\n\n\n\n<p class=\"has-text-align-center has-medium-font-size\"><\/p>\n<\/div><\/div><\/div>\n<\/div><\/div><div class=\"swiper-pagination\"><\/div><div class=\"swiper-button-prev\"><\/div><div class=\"swiper-button-next\"><\/div><div class=\"swiper-scrollbar\"><\/div><\/div><\/div>\n<\/div>\n <\/div><\/div>","protected":false},"excerpt":{"rendered":"<p>\"Kimono on v\u00e4rien ja tekstuurien tanssi, joka korostaa japanilaista kulttuuria ja estetiikkaa. Se on perinteiden ja modernin tyylikkyyden harmoniaa, joka lumoaa ja inspiroi.\"<br \/>\nIssey Miyake, japanilainen suunnittelija<\/p>","protected":false},"author":187,"featured_media":0,"parent":0,"menu_order":0,"comment_status":"closed","ping_status":"closed","template":"","meta":{"_gspb_post_css":":root{--swiper-theme-color:#007aff}.swiper,swiper-container{margin-left:auto;margin-right:auto;position:relative;overflow:hidden;list-style:none;padding:0;z-index:1;display:block}.swiper-vertical>.swiper-wrapper{flex-direction:column}.swiper-wrapper{position:relative;width:100%;height:100%;z-index:1;display:flex;transition-property:transform;box-sizing:content-box}.swiper-android .swiper-slide,.swiper-wrapper{transform:translate3d(0,0,0)}.swiper-horizontal{touch-action:pan-y}.swiper-vertical{touch-action:pan-x}.swiper .swiper-slide,swiper-slide{flex-shrink:0;width:100%;height:100%;position:relative;transition-property:transform,opacity;display:block}.swiper-slide-invisible-blank{visibility:hidden}.swiper-autoheight,.swiper-autoheight .swiper-slide{height:auto}.swiper-autoheight .swiper-wrapper{align-items:flex-start;transition-property:transform,height}.swiper-backface-hidden .swiper-slide{transform:translateZ(0);-webkit-backface-visibility:hidden;backface-visibility:hidden}.swiper-3d,.swiper-3d.swiper-css-mode .swiper-wrapper{perspective:1200px}.swiper-3d .swiper-cube-shadow,.swiper-3d .swiper-slide,.swiper-3d .swiper-slide-shadow,.swiper-3d .swiper-slide-shadow-bottom,.swiper-3d .swiper-slide-shadow-left,.swiper-3d .swiper-slide-shadow-right,.swiper-3d .swiper-slide-shadow-top,.swiper-3d .swiper-wrapper{transform-style:preserve-3d}.swiper-3d .swiper-slide-shadow,.swiper-3d .swiper-slide-shadow-bottom,.swiper-3d .swiper-slide-shadow-left,.swiper-3d .swiper-slide-shadow-right,.swiper-3d .swiper-slide-shadow-top{position:absolute;left:0;top:0;width:100%;height:100%;pointer-events:none;z-index:10}.swiper-3d .swiper-slide-shadow-left{background-image:linear-gradient(to left,rgba(0,0,0,.5),transparent)}.swiper-3d .swiper-slide-shadow-right{background-image:linear-gradient(to right,rgba(0,0,0,.5),transparent)}.swiper-3d .swiper-slide-shadow-top{background-image:linear-gradient(to top,rgba(0,0,0,.5),transparent)}.swiper-3d .swiper-slide-shadow-bottom{background-image:linear-gradient(to bottom,rgba(0,0,0,.5),transparent)}.swiper-css-mode>.swiper-wrapper{overflow:auto;scrollbar-width:none;-ms-overflow-style:none}.swiper-css-mode>.swiper-wrapper::-webkit-scrollbar{display:none}.swiper-css-mode>.swiper-wrapper>.swiper-slide{scroll-snap-align:start start}.swiper-horizontal.swiper-css-mode>.swiper-wrapper{scroll-snap-type:x mandatory}.swiper-vertical.swiper-css-mode>.swiper-wrapper{scroll-snap-type:y mandatory}.swiper-centered>.swiper-wrapper::before{content:'';flex-shrink:0;order:9999}.swiper-centered>.swiper-wrapper>.swiper-slide{scroll-snap-align:center center;scroll-snap-stop:always}.swiper-centered.swiper-horizontal>.swiper-wrapper>.swiper-slide:first-child{margin-inline-start:var(--swiper-centered-offset-before)}.swiper-centered.swiper-horizontal>.swiper-wrapper::before{height:100%;min-height:1px;width:var(--swiper-centered-offset-after)}.swiper-centered.swiper-vertical>.swiper-wrapper>.swiper-slide:first-child{margin-block-start:var(--swiper-centered-offset-before)}.swiper-centered.swiper-vertical>.swiper-wrapper::before{width:100%;min-width:1px;height:var(--swiper-centered-offset-after)}.swiper-virtual .swiper-slide{-webkit-backface-visibility:hidden;transform:translateZ(0)}.swiper-virtual.swiper-css-mode .swiper-wrapper::after{content:'';position:absolute;left:0;top:0;pointer-events:none}.swiper-virtual.swiper-css-mode.swiper-horizontal .swiper-wrapper::after{height:1px;width:var(--swiper-virtual-size)}.swiper-virtual.swiper-css-mode.swiper-vertical .swiper-wrapper::after{width:1px;height:var(--swiper-virtual-size)}:root{--swiper-navigation-size:44px}.swiper-button-next,.swiper-button-prev{position:absolute;top:50%;width:calc(var(--swiper-navigation-size)\/44*27);height:var(--swiper-navigation-size);margin-top:calc(0px - (var(--swiper-navigation-size)\/2));z-index:10;cursor:pointer;display:flex;align-items:center;justify-content:center;color:var(--swiper-navigation-color,var(--swiper-theme-color))}.swiper-button-next.swiper-button-disabled,.swiper-button-prev.swiper-button-disabled{opacity:.35;cursor:auto;pointer-events:none}.swiper-button-next.swiper-button-hidden,.swiper-button-prev.swiper-button-hidden{opacity:0;cursor:auto;pointer-events:none}.swiper-navigation-disabled .swiper-button-next,.swiper-navigation-disabled .swiper-button-prev{display:none!important}.swiper-button-next:after,.swiper-button-prev:after{font-size:var(--swiper-navigation-size);text-transform:none!important;letter-spacing:0;font-variant:initial;line-height:1}.swiper-button-prev,.swiper-rtl .swiper-button-next{left:var(--swiper-navigation-sides-offset,10px);right:auto}.swiper-button-prev:after,.swiper-rtl .swiper-button-next:after{content:'\u276e'}.swiper-button-next,.swiper-rtl .swiper-button-prev{right:var(--swiper-navigation-sides-offset,10px);left:auto}.swiper-button-next:after,.swiper-rtl .swiper-button-prev:after{content:'\u276f'}.swiper-button-lock{display:none}.swiper-pagination{position:absolute;text-align:center;transition:.3s opacity;transform:translate3d(0,0,0);z-index:10}.swiper-pagination.swiper-pagination-hidden{opacity:0}.swiper-pagination-disabled>.swiper-pagination,.swiper-pagination.swiper-pagination-disabled{display:none!important}.swiper-horizontal>.swiper-pagination-bullets,.swiper-pagination-bullets.swiper-pagination-horizontal,.swiper-pagination-custom,.swiper-pagination-fraction{bottom:var(--swiper-pagination-bottom,10px);left:0;width:100%;line-height:0}.swiper-pagination-bullet{width:var(--swiper-pagination-bullet-width,var(--swiper-pagination-bullet-size,8px));height:var(--swiper-pagination-bullet-height,var(--swiper-pagination-bullet-size,8px));display:inline-block;border-radius:var(--swiper-pagination-bullet-border-radius,50%);background:var(--swiper-pagination-bullet-inactive-color,#000);opacity:var(--swiper-pagination-bullet-inactive-opacity,.2)}button.swiper-pagination-bullet{border:0;margin:0;padding:0;box-shadow:none;-webkit-appearance:none;appearance:none}.swiper-pagination-clickable .swiper-pagination-bullet{cursor:pointer}.swiper-pagination-bullet:only-child{display:none!important}.swiper-pagination-bullet-active{opacity:var(--swiper-pagination-bullet-opacity,1);background:var(--swiper-pagination-color,var(--swiper-theme-color))}.swiper-pagination-vertical.swiper-pagination-bullets,.swiper-vertical>.swiper-pagination-bullets{right:var(--swiper-pagination-right,10px);left:var(--swiper-pagination-left,auto);top:50%;transform:translate3d(0,-50%,0)}.swiper-pagination-vertical.swiper-pagination-bullets .swiper-pagination-bullet,.swiper-vertical>.swiper-pagination-bullets .swiper-pagination-bullet{margin:var(--swiper-pagination-bullet-vertical-gap,6px) 0;display:block}.swiper-horizontal>.swiper-pagination-bullets .swiper-pagination-bullet,.swiper-pagination-horizontal.swiper-pagination-bullets .swiper-pagination-bullet{margin:0 var(--swiper-pagination-bullet-horizontal-gap,4px)}.swiper-pagination-fraction{color:var(--swiper-pagination-fraction-color,inherit)}.swiper-pagination-lock{display:none}.swiper-scrollbar,.swiper-scrollbar-drag{position:relative;border-radius:var(--swiper-scrollbar-border-radius,10px)}.swiper-scrollbar{-ms-touch-action:none;background:var(--swiper-scrollbar-bg-color,rgba(0,0,0,.1))}.swiper-scrollbar-disabled>.swiper-scrollbar,.swiper-scrollbar.swiper-scrollbar-disabled{display:none!important}.swiper-horizontal>.swiper-scrollbar,.swiper-scrollbar.swiper-scrollbar-horizontal{position:absolute;left:var(--swiper-scrollbar-sides-offset,1%);bottom:var(--swiper-scrollbar-bottom,4px);top:var(--swiper-scrollbar-top,auto);z-index:50;height:var(--swiper-scrollbar-size,4px);width:calc(100% - 2*var(--swiper-scrollbar-sides-offset,1%))}.swiper-scrollbar.swiper-scrollbar-vertical,.swiper-vertical>.swiper-scrollbar{position:absolute;left:var(--swiper-scrollbar-left,auto);right:var(--swiper-scrollbar-right,4px);top:var(--swiper-scrollbar-sides-offset,1%);z-index:50;width:var(--swiper-scrollbar-size,4px);height:calc(100% - 2*var(--swiper-scrollbar-sides-offset,1%))}.swiper-scrollbar-drag{height:100%;width:100%;background:var(--swiper-scrollbar-drag-bg-color,rgba(0,0,0,.5));left:0;top:0}.swiper-scrollbar-cursor-drag{cursor:move}.swiper-scrollbar-lock{display:none}.swiper-zoom-container{width:100%;height:100%;display:flex;justify-content:center;align-items:center;text-align:center}.swiper-zoom-container>canvas,.swiper-zoom-container>img,.swiper-zoom-container>svg{max-width:100%;max-height:100%;object-fit:contain}.swiper-slide-zoomed{cursor:move;touch-action:none}.swiper .swiper-notification,swiper-container .swiper-notification{position:absolute;left:0;top:0;pointer-events:none;opacity:0;z-index:-1000}.swiper-free-mode>.swiper-wrapper{transition-timing-function:ease-out;margin:0 auto}.swiper-cards .swiper-slide,.swiper-creative .swiper-slide{-webkit-backface-visibility:hidden;backface-visibility:hidden;overflow:hidden}.swiper-creative .swiper-slide{transition-property:transform,opacity,height}.swiper-cards{overflow:visible}.swiper-cards .swiper-slide{transform-origin:center bottom}#gspb_row-id-gsbp-585b6c7,#gspb_row-id-gsbp-8c8383b{justify-content:space-between;margin-top:0;margin-bottom:0;display:flex;flex-wrap:wrap}#gspb_row-id-gsbp-8c8383b>.gspb_row__content{display:flex;justify-content:space-between;margin:0 auto;width:100%;flex-wrap:wrap}.gspb_row{position:relative}div[id^=gspb_col-id]{box-sizing:border-box;position:relative;padding:var(--gs-row-column-padding, 15px min(3vw, 20px))}#gspb_col-id-gsbp-51a039f.gspb_row__col--6{width:50%}@media (max-width:575.98px){#gspb_col-id-gsbp-51a039f.gspb_row__col--6{width:100%}}#gspb_col-id-gsbp-0459375.gspb_row__col--6{width:50%}@media (max-width:575.98px){#gspb_col-id-gsbp-0459375.gspb_row__col--6{width:100%}}#gspb_row-id-gsbp-585b6c7>.gspb_row__content{display:flex;justify-content:space-between;margin:0 auto;width:100%;flex-wrap:wrap}body.gspb-bodyfront #gspb_row-id-gsbp-585b6c7>.gspb_row__content,body.gspb-bodyfront #gspb_row-id-gsbp-8c8383b>.gspb_row__content{width:var(--theme-container-width, 1200px);max-width:var(--theme-normal-container-max-width, 1200px)}#gspb_col-id-gsbp-29f68b6.gspb_row__col--12,.gspb_slider-id-gsbp-3099fe0{width:100%}@media (max-width:575.98px){#gspb_col-id-gsbp-29f68b6.gspb_row__col--12{width:100%}}.gspb_slider-id-gsbp-3099fe0 .swiper-slide-inner{min-height:160px;justify-content:center}.gspb_slider-id-gsbp-3099fe0 .swiper-button-next,.gspb_slider-id-gsbp-3099fe0 .swiper-button-prev{top:40%}.gspb_slider-id-gsbp-3099fe0 .swiper-button-prev{left:10px}.gspb_slider-id-gsbp-3099fe0 .swiper-button-next{right:10px}.gspb_slider-id-gsbp-3099fe0 .swiper-slide-inner{align-items:center}.gspb_slider-id-gsbp-3099fe0 .swiper-button-next,.gspb_slider-id-gsbp-3099fe0 .swiper-button-prev{width:66px;height:66px;line-height:66px}.gspb_slider-id-gsbp-3099fe0 .swiper-button-next:after,.gspb_slider-id-gsbp-3099fe0 .swiper-button-prev:after{font-size:26px}.gspb_slider-id-gsbp-3099fe0 .gspb-sliderlink{position:absolute;top:0;left:0;right:0;bottom:0;z-index:3}.gspb_slider-id-gsbp-3099fe0 .swiper-slide-inner>div{position:relative}.gspb_slider-id-gsbp-3099fe0 .swiper-pagination{bottom:10px!important;text-align:center!important}.gspb_slider-id-gsbp-3099fe0 .swiper-scrollbar{visibility:hidden;height:6px;display:none}.gspb_slider-id-gsbp-3099fe0 .swiper-pagination-bullet{width:8px;height:8px;border-radius:100px;transition:width .4s ease-out}.gspb_slider-id-gsbp-3099fe0 .swiper-pagination-bullet-active{width:24px}.gspb_slider-id-gsbp-3099fe0 .swiper-button-next,.gspb_slider-id-gsbp-3099fe0 .swiper-button-prev{box-shadow:20px 20px 60px #58667d5e}.gspb_slider-id-gsbp-3099fe0 [data-block]{margin-top:0;margin-bottom:0}.gspb_slider-id-gsbp-3099fe0 .swiper-slide-inner .wp-block,.gspb_slider-id-gsbp-3099fe0 .swiper-slide-inner.wp-block{max-width:100%}.gspb_slider-id-gsbp-3099fe0 .slider-image-wrapper{top:0;left:0;right:0;bottom:0;position:absolute!important;z-index:0;height:100%;width:100%;overflow:hidden}.gspb_slider-id-gsbp-3099fe0 .slider-image-wrapper img{width:100%;height:100%}.gspb_sliderinner-id-gsbp-0014c19,.gspb_sliderinner-id-gsbp-d6ef218{background-size:contain;display:flex;box-sizing:border-box;background-repeat:no-repeat}#gspb_image-id-gsbp-07471b1 img,#gspb_image-id-gsbp-2bfce81 img,#gspb_image-id-gsbp-7758ec3 img,#gspb_image-id-gsbp-e9557de img{vertical-align:top;display:inline-block;box-sizing:border-box;max-width:100%;height:auto}.gspb_sliderinner-id-gsbp-2b64fd7,.gspb_sliderinner-id-gsbp-7323a7a,.gspb_sliderinner-id-gsbp-78320e0,.gspb_sliderinner-id-gsbp-a98502e,.gspb_sliderinner-id-gsbp-f7a2e10{background-size:contain;display:flex;box-sizing:border-box;background-repeat:no-repeat}#gspb_image-id-gsbp-080d348 img,#gspb_image-id-gsbp-53471e4 img,#gspb_image-id-gsbp-b6a0d00 img,#gspb_image-id-gsbp-f4f4792 img{vertical-align:top;display:inline-block;box-sizing:border-box;max-width:100%;height:auto}","footnotes":""},"class_list":["post-12787","page","type-page","status-publish","hentry"],"blocksy_meta":[],"_links":{"self":[{"href":"https:\/\/mo-mo.gr\/fi\/wp-json\/wp\/v2\/pages\/12787","targetHints":{"allow":["GET"]}}],"collection":[{"href":"https:\/\/mo-mo.gr\/fi\/wp-json\/wp\/v2\/pages"}],"about":[{"href":"https:\/\/mo-mo.gr\/fi\/wp-json\/wp\/v2\/types\/page"}],"author":[{"embeddable":true,"href":"https:\/\/mo-mo.gr\/fi\/wp-json\/wp\/v2\/users\/187"}],"replies":[{"embeddable":true,"href":"https:\/\/mo-mo.gr\/fi\/wp-json\/wp\/v2\/comments?post=12787"}],"version-history":[{"count":1,"href":"https:\/\/mo-mo.gr\/fi\/wp-json\/wp\/v2\/pages\/12787\/revisions"}],"predecessor-version":[{"id":13335,"href":"https:\/\/mo-mo.gr\/fi\/wp-json\/wp\/v2\/pages\/12787\/revisions\/13335"}],"wp:attachment":[{"href":"https:\/\/mo-mo.gr\/fi\/wp-json\/wp\/v2\/media?parent=12787"}],"curies":[{"name":"wp","href":"https:\/\/api.w.org\/{rel}","templated":true}]}}