{"id":9770,"date":"2023-09-23T21:18:04","date_gmt":"2023-09-23T21:18:04","guid":{"rendered":"https:\/\/mo-mo.gr\/product\/%ce%b2%ce%b5%ce%bd%cf%84%ce%ac%ce%bb%ce%b9%ce%b1-%ce%bc%ce%b1%cf%8d%cf%81%ce%b7-%ce%be%cf%8d%ce%bb%ce%b9%ce%bd%ce%b7-23cm\/"},"modified":"2024-12-12T14:40:26","modified_gmt":"2024-12-12T14:40:26","slug":"%ce%b2%ce%b5%ce%bd%cf%84%ce%ac%ce%bb%ce%b9%ce%b1-%ce%bc%ce%b1%cf%8d%cf%81%ce%b7-%ce%be%cf%8d%ce%bb%ce%b9%ce%bd%ce%b7-23cm","status":"publish","type":"product","link":"https:\/\/mo-mo.gr\/es\/\u03c0\u03c1\u03bf\u03ca\u03cc\u03bd\u03c4\u03b1\/%ce%b2%ce%b5%ce%bd%cf%84%ce%ac%ce%bb%ce%b9%ce%b1-%ce%bc%ce%b1%cf%8d%cf%81%ce%b7-%ce%be%cf%8d%ce%bb%ce%b9%ce%bd%ce%b7-23cm\/","title":{"rendered":"Abanico Negro Abanico de madera 23cm"},"content":{"rendered":"","protected":false},"excerpt":{"rendered":"<p>El Abanico de Madera Negro, de 23 cm de longitud, es un accesorio lujoso y pr\u00e1ctico, adecuado tanto para hombres como para mujeres. Fabricado en madera de alta calidad, el abanico cuenta con un tejido negro en el borde, que a\u00f1ade una sensaci\u00f3n de sofisticaci\u00f3n y sutil elegancia. Su color negro y sus l\u00edneas limpias lo hacen perfecto para cualquier ocasi\u00f3n, desde looks cotidianos hasta eventos m\u00e1s formales. F\u00e1cil de usar y duradero, este abanico es la elecci\u00f3n perfecta para a\u00f1adir un toque tradicional y atemporal a su estilo, al tiempo que ofrece un pr\u00e1ctico frescor en los d\u00edas calurosos.<\/p>","protected":false},"featured_media":11666,"comment_status":"closed","ping_status":"open","template":"","meta":{"_gspb_post_css":""},"product_brand":[],"product_cat":[68,71],"product_tag":[],"class_list":{"0":"post-9770","1":"product","2":"type-product","3":"status-publish","4":"has-post-thumbnail","6":"product_cat-68","7":"product_cat-71","8":"pa_-85","10":"first","11":"outofstock","12":"taxable","13":"shipping-taxable","14":"purchasable","15":"product-type-simple"},"_links":{"self":[{"href":"https:\/\/mo-mo.gr\/es\/wp-json\/wp\/v2\/product\/9770","targetHints":{"allow":["GET"]}}],"collection":[{"href":"https:\/\/mo-mo.gr\/es\/wp-json\/wp\/v2\/product"}],"about":[{"href":"https:\/\/mo-mo.gr\/es\/wp-json\/wp\/v2\/types\/product"}],"replies":[{"embeddable":true,"href":"https:\/\/mo-mo.gr\/es\/wp-json\/wp\/v2\/comments?post=9770"}],"wp:featuredmedia":[{"embeddable":true,"href":"https:\/\/mo-mo.gr\/es\/wp-json\/wp\/v2\/media\/11666"}],"wp:attachment":[{"href":"https:\/\/mo-mo.gr\/es\/wp-json\/wp\/v2\/media?parent=9770"}],"wp:term":[{"taxonomy":"product_brand","embeddable":true,"href":"https:\/\/mo-mo.gr\/es\/wp-json\/wp\/v2\/product_brand?post=9770"},{"taxonomy":"product_cat","embeddable":true,"href":"https:\/\/mo-mo.gr\/es\/wp-json\/wp\/v2\/product_cat?post=9770"},{"taxonomy":"product_tag","embeddable":true,"href":"https:\/\/mo-mo.gr\/es\/wp-json\/wp\/v2\/product_tag?post=9770"}],"curies":[{"name":"wp","href":"https:\/\/api.w.org\/{rel}","templated":true}]}}