{"id":9728,"date":"2023-09-03T22:23:23","date_gmt":"2023-09-03T22:23:23","guid":{"rendered":"https:\/\/mo-mo.gr\/product\/aoi-haru-%e9%9d%92%e3%81%84%e6%98%a5-purse-osaka-cotton-fabric-with-spring-flowersang-white-crane\/"},"modified":"2024-12-12T14:40:10","modified_gmt":"2024-12-12T14:40:10","slug":"aoi-haru-%e9%9d%92%e3%81%84%e6%98%a5-bolso-osaka-tela-de-algodon-con-flores-de-primaveraang-grulla-blanca","status":"publish","type":"product","link":"https:\/\/mo-mo.gr\/es\/\u03c0\u03c1\u03bf\u03ca\u03cc\u03bd\u03c4\u03b1\/aoi-haru-%e9%9d%92%e3%81%84%e6%98%a5-purse-osaka-cotton-fabric-with-spring-flowersang-white-crane\/","title":{"rendered":"AOI HARU \u9752\u3044\u6625 BOLSO OSAKA TELA DE ALGOD\u00d3N CON FLORES DE PRIMAVERAANG GRULLA BLANCA"},"content":{"rendered":"","protected":false},"excerpt":{"rendered":"<p>Monedero H<span style=\"font-family: Roboto, sans-serif; font-size: 16px; font-style: normal; font-weight: 300; letter-spacing: 1px; text-align: left; text-indent: 0px; text-transform: none; text-decoration: none; float: none;\">informe Monedero. Tejido de algod\u00f3n de Osaka con el caracter\u00edstico azul profundo japon\u00e9s y los intrincados contornos dorados, \u00fanicos en el mundo textil.<\/span><span style=\"font-family: Roboto, sans-serif; font-size: 16px; font-style: normal; font-weight: 300; letter-spacing: 1px; text-align: start; text-indent: 0px; text-transform: none; text-decoration: none; float: none;\">.<\/span><\/p>\n<p><span style=\"font-family: Roboto, sans-serif; font-size: 16px; font-style: normal; font-weight: 300; letter-spacing: 1px; text-align: start; text-indent: 0px; text-transform: none; text-decoration: none; float: none;\">\u0397 <\/span>inversi\u00f3n<span style=\"font-family: Roboto, sans-serif; font-size: 16px; font-style: normal; font-weight: 300; letter-spacing: 1px; text-align: start; text-indent: 0px; text-transform: none; text-decoration: none; float: none;\"> y <\/span>la espalda es de a\u00f1il<span style=\"font-family: Roboto, sans-serif; font-size: 16px; font-style: normal; font-weight: 300; letter-spacing: 1px; text-align: start; text-indent: 0px; text-transform: none; text-decoration: none; float: none;\"> vaqueros <\/span>Jap\u00f3n<span style=\"font-family: Roboto, sans-serif; font-size: 16px; font-style: normal; font-weight: 300; letter-spacing: 1px; text-align: start; text-indent: 0px; text-transform: none; text-decoration: none; float: none;\"> y <\/span>es un precursor<span style=\"font-family: Roboto, sans-serif; font-size: 16px; font-style: normal; font-weight: 300; letter-spacing: 1px; text-align: start; text-indent: 0px; text-transform: none; text-decoration: none; float: none;\"> en <\/span>Colecci\u00f3n<span style=\"font-family: Roboto, sans-serif; font-size: 16px; font-style: normal; font-weight: 300; letter-spacing: 1px; text-align: start; text-indent: 0px; text-transform: none; text-decoration: none; float: none;\"> conjunto vaquero <\/span>en preparaci\u00f3n<span style=\"font-family: Roboto, sans-serif; font-size: 16px; font-style: normal; font-weight: 300; letter-spacing: 1px; text-align: start; text-indent: 0px; text-transform: none; text-decoration: none; float: none;\"> en MOMO.<\/span><\/p>\n<p><span style=\"font-family: Roboto, sans-serif; font-size: 16px; font-style: normal; font-weight: 300; letter-spacing: 1px; text-align: start; text-indent: 0px; text-transform: none; text-decoration: none; float: none;\">Aoi Haru ha sido creada en un \u00fanico ejemplar, \u00a1el \u00fanico que tendr\u00e1s en tus manos!<\/span><\/p>\n<p><span style=\"font-family: Roboto, sans-serif; font-size: 16px; font-style: normal; font-weight: 300; letter-spacing: 1px; text-align: start; text-indent: 0px; text-transform: none; text-decoration: none; float: none;\">\u0397 <\/span>su dimensi\u00f3n es<span style=\"font-family: Roboto, sans-serif; font-size: 16px; font-style: normal; font-weight: 300; letter-spacing: 1px; text-align: start; text-indent: 0px; text-transform: none; text-decoration: none; float: none;\"> 18*16<\/span><\/p>\n<p>&nbsp;<\/p>","protected":false},"featured_media":11632,"comment_status":"closed","ping_status":"open","template":"","meta":{"_gspb_post_css":""},"product_brand":[],"product_cat":[70],"product_tag":[],"class_list":{"0":"post-9728","1":"product","2":"type-product","3":"status-publish","4":"has-post-thumbnail","6":"product_cat-sold-out","8":"first","9":"outofstock","10":"taxable","11":"shipping-taxable","12":"purchasable","13":"product-type-simple"},"_links":{"self":[{"href":"https:\/\/mo-mo.gr\/es\/wp-json\/wp\/v2\/product\/9728","targetHints":{"allow":["GET"]}}],"collection":[{"href":"https:\/\/mo-mo.gr\/es\/wp-json\/wp\/v2\/product"}],"about":[{"href":"https:\/\/mo-mo.gr\/es\/wp-json\/wp\/v2\/types\/product"}],"replies":[{"embeddable":true,"href":"https:\/\/mo-mo.gr\/es\/wp-json\/wp\/v2\/comments?post=9728"}],"wp:featuredmedia":[{"embeddable":true,"href":"https:\/\/mo-mo.gr\/es\/wp-json\/wp\/v2\/media\/11632"}],"wp:attachment":[{"href":"https:\/\/mo-mo.gr\/es\/wp-json\/wp\/v2\/media?parent=9728"}],"wp:term":[{"taxonomy":"product_brand","embeddable":true,"href":"https:\/\/mo-mo.gr\/es\/wp-json\/wp\/v2\/product_brand?post=9728"},{"taxonomy":"product_cat","embeddable":true,"href":"https:\/\/mo-mo.gr\/es\/wp-json\/wp\/v2\/product_cat?post=9728"},{"taxonomy":"product_tag","embeddable":true,"href":"https:\/\/mo-mo.gr\/es\/wp-json\/wp\/v2\/product_tag?post=9728"}],"curies":[{"name":"wp","href":"https:\/\/api.w.org\/{rel}","templated":true}]}}