{"id":9689,"date":"2023-09-01T21:27:12","date_gmt":"2023-09-01T21:27:12","guid":{"rendered":"https:\/\/mo-mo.gr\/product\/tsuru-tori-%e9%b6%b4%e9%b3%a5-bag-in-black-cotton-japanese-fabric-with-golden-and-green-colored-details\/"},"modified":"2024-12-12T14:39:58","modified_gmt":"2024-12-12T14:39:58","slug":"tsuru-tori-%e9%b6%b4%e9%b3%a5-bolso-en-tela-japonesa-de-algodon-negro-con-detalles-en-color-dorado-y-verde","status":"publish","type":"product","link":"https:\/\/mo-mo.gr\/es\/\u03c0\u03c1\u03bf\u03ca\u03cc\u03bd\u03c4\u03b1\/tsuru-tori-%e9%b6%b4%e9%b3%a5-bag-in-black-cotton-japanese-fabric-with-golden-and-green-colored-details\/","title":{"rendered":"TSURU TORI \u9db4\u9ce5 BOLSO EN TELA JAPONESA DE ALGOD\u00d3N NEGRO CON DETALLES EN COLOR DORADO Y VERDE"},"content":{"rendered":"","protected":false},"excerpt":{"rendered":"<p>Bolsa de tela japonesa con la grulla, ave emblem\u00e1tica de Jap\u00f3n, en la parte delantera y el drag\u00f3n en la trasera. Tiene refuerzos para mantener su forma y volumen en todo momento. El interior es de viscosa satinada pesada de color rojo 100%, un tejido ecol\u00f3gico y reciclable.<\/p>\n<p>Sus dimensiones son 18x22<\/p>","protected":false},"featured_media":11599,"comment_status":"open","ping_status":"open","template":"","meta":{"_gspb_post_css":""},"product_brand":[],"product_cat":[70],"product_tag":[],"class_list":{"0":"post-9689","1":"product","2":"type-product","3":"status-publish","4":"has-post-thumbnail","6":"product_cat-sold-out","8":"first","9":"onbackorder","10":"taxable","11":"shipping-taxable","12":"purchasable","13":"product-type-simple"},"_links":{"self":[{"href":"https:\/\/mo-mo.gr\/es\/wp-json\/wp\/v2\/product\/9689","targetHints":{"allow":["GET"]}}],"collection":[{"href":"https:\/\/mo-mo.gr\/es\/wp-json\/wp\/v2\/product"}],"about":[{"href":"https:\/\/mo-mo.gr\/es\/wp-json\/wp\/v2\/types\/product"}],"replies":[{"embeddable":true,"href":"https:\/\/mo-mo.gr\/es\/wp-json\/wp\/v2\/comments?post=9689"}],"wp:featuredmedia":[{"embeddable":true,"href":"https:\/\/mo-mo.gr\/es\/wp-json\/wp\/v2\/media\/11599"}],"wp:attachment":[{"href":"https:\/\/mo-mo.gr\/es\/wp-json\/wp\/v2\/media?parent=9689"}],"wp:term":[{"taxonomy":"product_brand","embeddable":true,"href":"https:\/\/mo-mo.gr\/es\/wp-json\/wp\/v2\/product_brand?post=9689"},{"taxonomy":"product_cat","embeddable":true,"href":"https:\/\/mo-mo.gr\/es\/wp-json\/wp\/v2\/product_cat?post=9689"},{"taxonomy":"product_tag","embeddable":true,"href":"https:\/\/mo-mo.gr\/es\/wp-json\/wp\/v2\/product_tag?post=9689"}],"curies":[{"name":"wp","href":"https:\/\/api.w.org\/{rel}","templated":true}]}}