{"id":9675,"date":"2023-08-20T16:11:05","date_gmt":"2023-08-20T16:11:05","guid":{"rendered":"https:\/\/mo-mo.gr\/product\/iwasaki-pochi-%e3%83%9d%e3%83%bc%e3%83%81-2\/"},"modified":"2026-04-02T19:37:34","modified_gmt":"2026-04-02T16:37:34","slug":"iwasaki-pochi-%e3%83%9d%e3%83%bc%e3%83%81-2","status":"publish","type":"product","link":"https:\/\/mo-mo.gr\/es\/\u03c0\u03c1\u03bf\u03ca\u03cc\u03bd\u03c4\u03b1\/iwasaki-pochi-%e3%83%9d%e3%83%bc%e3%83%81-2\/","title":{"rendered":"IWASAKI FUROSHIKI \u98a8\u5442\u6577 , BOLSA AZUL MARINO CON FLORES DORADAS"},"content":{"rendered":"<p>La bolsa japonesa, tambi\u00e9n conocida como \"<strong>furoshiki<\/strong>\"en japon\u00e9s,<em> (En sentido estricto, hay que se\u00f1alar que la bolsa en su forma actual es la evoluci\u00f3n de un trozo cuadrado de tela, que utilizaban principalmente los japoneses, coreanos y chinos, para envolver diversas mercanc\u00edas y poder transportarlas con seguridad).<\/em> es uno de los accesorios m\u00e1s interesantes y multifuncionales de la cultura tradicional japonesa. Aunque los principios del furoshiki se remontan a siglos atr\u00e1s, su moderna revalorizaci\u00f3n como objeto pr\u00e1ctico y expresi\u00f3n art\u00edstica demuestra c\u00f3mo la tradici\u00f3n puede coexistir armoniosamente con la innovaci\u00f3n.<\/p>\n<p>El furoshiki comenz\u00f3 siendo una bolsa tejida tradicional utilizada para envolver los art\u00edculos de ba\u00f1o. Los japoneses met\u00edan sus objetos personales en un furoshiki y los llevaban consigo a los ba\u00f1os, manteni\u00e9ndolos limpios y ordenados. A lo largo de los siglos, esta tradici\u00f3n evolucion\u00f3 hacia diversos usos, desde envolver regalos hasta transportar alimentos.<\/p>\n<p>Sin embargo, el furoshiki no se limit\u00f3 a su uso tradicional. Durante el siglo XX, a pesar del uso generalizado de envases de pl\u00e1stico, algunos japoneses mantuvieron su inter\u00e9s por el furoshiki y lo revivieron como una opci\u00f3n moderna y respetuosa con el medio ambiente. Esto se acentu\u00f3 especialmente a partir de la d\u00e9cada de 2000, cuando aument\u00f3 la concienciaci\u00f3n sobre el impacto medioambiental de los pl\u00e1sticos. <em>El furoshiki era una alternativa viable para empaquetar mercanc\u00edas y transportarlas.<\/em><\/p>\n<p>La innovaci\u00f3n no se detiene ah\u00ed. <strong>Artistas y dise\u00f1adores han aprovechado el furoshiki como elemento central de la creaci\u00f3n.<\/strong> Se han creado nuevos dise\u00f1os, materiales y usos, transformando el furoshiki de un simple tejido en una rica fuente de expresi\u00f3n y creatividad. Cada bolsa se convierte en una obra de arte, un medio para transmitir nuestra est\u00e9tica y personalidad en un objeto que encontramos a diario.<\/p>\n<p>La historia de la bolsa japonesa refleja el modo en que la tradici\u00f3n puede evolucionar y adaptarse a las necesidades de los tiempos modernos. De simple medio para transportar toallas, el furoshiki se ha convertido en s\u00edmbolo de sostenibilidad, est\u00e9tica y creatividad.<\/p>\n<p><strong>En MOMO KIDOHO, respetando esta tradici\u00f3n, utilizamos telas japonesas y cosemos cada bolsa como una peque\u00f1a pieza \u00fanica de arte polivalente.<\/strong><\/p>","protected":false},"excerpt":{"rendered":"<p>Furoshiki en color azul marino, con flores de tama\u00f1o natural. Un tejido de algod\u00f3n de primera calidad y un forro interior de lujosa viscosa, hacen de esta bolsa una peque\u00f1a obra de arte que lleva el nombre de la famosa geisha Mineko Iwasaki.<\/p>\n<p>Sus dimensiones son 20 cm x 20 cm.<\/p>","protected":false},"featured_media":11588,"comment_status":"closed","ping_status":"closed","template":"","meta":{"_gspb_post_css":""},"product_brand":[],"product_cat":[68],"product_tag":[],"class_list":{"0":"post-9675","1":"product","2":"type-product","3":"status-publish","4":"has-post-thumbnail","6":"product_cat-68","8":"first","9":"outofstock","10":"taxable","11":"shipping-taxable","12":"purchasable","13":"product-type-simple"},"_links":{"self":[{"href":"https:\/\/mo-mo.gr\/es\/wp-json\/wp\/v2\/product\/9675","targetHints":{"allow":["GET"]}}],"collection":[{"href":"https:\/\/mo-mo.gr\/es\/wp-json\/wp\/v2\/product"}],"about":[{"href":"https:\/\/mo-mo.gr\/es\/wp-json\/wp\/v2\/types\/product"}],"replies":[{"embeddable":true,"href":"https:\/\/mo-mo.gr\/es\/wp-json\/wp\/v2\/comments?post=9675"}],"wp:featuredmedia":[{"embeddable":true,"href":"https:\/\/mo-mo.gr\/es\/wp-json\/wp\/v2\/media\/11588"}],"wp:attachment":[{"href":"https:\/\/mo-mo.gr\/es\/wp-json\/wp\/v2\/media?parent=9675"}],"wp:term":[{"taxonomy":"product_brand","embeddable":true,"href":"https:\/\/mo-mo.gr\/es\/wp-json\/wp\/v2\/product_brand?post=9675"},{"taxonomy":"product_cat","embeddable":true,"href":"https:\/\/mo-mo.gr\/es\/wp-json\/wp\/v2\/product_cat?post=9675"},{"taxonomy":"product_tag","embeddable":true,"href":"https:\/\/mo-mo.gr\/es\/wp-json\/wp\/v2\/product_tag?post=9675"}],"curies":[{"name":"wp","href":"https:\/\/api.w.org\/{rel}","templated":true}]}}