{"id":9669,"date":"2023-08-17T19:23:40","date_gmt":"2023-08-17T19:23:40","guid":{"rendered":"https:\/\/mo-mo.gr\/product\/hiragana-purse\/"},"modified":"2024-12-12T14:39:53","modified_gmt":"2024-12-12T14:39:53","slug":"monedero-hiragana","status":"publish","type":"product","link":"https:\/\/mo-mo.gr\/es\/\u03c0\u03c1\u03bf\u03ca\u03cc\u03bd\u03c4\u03b1\/hiragana-purse\/","title":{"rendered":"BOLSA HIRAGANA"},"content":{"rendered":"<p>Descubra la s\u00edntesis definitiva de funcionalidad y elegancia con el bolso Japanese Denim Blue, un accesorio realmente \u00fanico que le ofrece algo m\u00e1s que espacio de almacenamiento. Sin duda, este bolso est\u00e1 dise\u00f1ado con mimo y detalle, lo que lo convierte en imprescindible para quienes buscan lo extraordinario en su d\u00eda a d\u00eda.<\/p>\n<p>Es un accesorio dirigido a quienes reconocen el valor de la singularidad. Es una pieza que aporta estilo y personalidad a cualquier look.<\/p>\n<p>La caracter\u00edstica m\u00e1s destacada de este malet\u00edn es el Hiragana, un sistema de escritura que constituye el n\u00facleo de la escritura japonesa. Este interesante a\u00f1adido da un sentido de enfoque cultural y profundidad a su producto.<\/p>\n<p>Esta es una pieza exclusiva, hecha con amor y cuidado. No hay dos iguales, por lo que cada una es \u00fanica e irrepetible.<\/p>\n<p>En resumen, el bolso vaquero de algod\u00f3n azul de Japanese Denim es un accesorio esencial para quienes aprecian la calidad, el estilo y la singularidad. Deje que sea su compa\u00f1ero de vida diaria y realce su est\u00e9tica.<\/p>","protected":false},"excerpt":{"rendered":"<p>Bolso, mochila o como prefiera, esta bolsa es un accesorio utilitario, dirigido a... entendidos. Hiragana es uno de los tres sistemas de escritura de Jap\u00f3n y aqu\u00ed lo tienes en un excelente tejido azul vaquero. \u00a1No hay nada m\u00e1s \"japanila\" que eso!<\/p>\n<p>En un solo ejemplar. Dimensiones 18xmX24cm<\/p>","protected":false},"featured_media":11583,"comment_status":"closed","ping_status":"open","template":"","meta":{"_gspb_post_css":""},"product_brand":[],"product_cat":[68],"product_tag":[],"class_list":{"0":"post-9669","1":"product","2":"type-product","3":"status-publish","4":"has-post-thumbnail","6":"product_cat-68","8":"first","9":"outofstock","10":"taxable","11":"shipping-taxable","12":"purchasable","13":"product-type-simple"},"_links":{"self":[{"href":"https:\/\/mo-mo.gr\/es\/wp-json\/wp\/v2\/product\/9669","targetHints":{"allow":["GET"]}}],"collection":[{"href":"https:\/\/mo-mo.gr\/es\/wp-json\/wp\/v2\/product"}],"about":[{"href":"https:\/\/mo-mo.gr\/es\/wp-json\/wp\/v2\/types\/product"}],"replies":[{"embeddable":true,"href":"https:\/\/mo-mo.gr\/es\/wp-json\/wp\/v2\/comments?post=9669"}],"wp:featuredmedia":[{"embeddable":true,"href":"https:\/\/mo-mo.gr\/es\/wp-json\/wp\/v2\/media\/11583"}],"wp:attachment":[{"href":"https:\/\/mo-mo.gr\/es\/wp-json\/wp\/v2\/media?parent=9669"}],"wp:term":[{"taxonomy":"product_brand","embeddable":true,"href":"https:\/\/mo-mo.gr\/es\/wp-json\/wp\/v2\/product_brand?post=9669"},{"taxonomy":"product_cat","embeddable":true,"href":"https:\/\/mo-mo.gr\/es\/wp-json\/wp\/v2\/product_cat?post=9669"},{"taxonomy":"product_tag","embeddable":true,"href":"https:\/\/mo-mo.gr\/es\/wp-json\/wp\/v2\/product_tag?post=9669"}],"curies":[{"name":"wp","href":"https:\/\/api.w.org\/{rel}","templated":true}]}}