{"id":9657,"date":"2023-08-17T17:24:48","date_gmt":"2023-08-17T17:24:48","guid":{"rendered":"https:\/\/mo-mo.gr\/product\/shiro-washi-no-saifu-%e7%99%bd%e3%83%af%e3%82%b7%e3%81%ae%e8%b2%a1%e5%b8%83\/"},"modified":"2024-12-12T14:39:49","modified_gmt":"2024-12-12T14:39:49","slug":"shiro-washi-no-saifu-%e7%99%bd%e3%83%af%e3%82%b7%e3%81%ae%e8%b2%a1%e5%b8%83","status":"publish","type":"product","link":"https:\/\/mo-mo.gr\/es\/\u03c0\u03c1\u03bf\u03ca\u03cc\u03bd\u03c4\u03b1\/shiro-washi-no-saifu-%e7%99%bd%e3%83%af%e3%82%b7%e3%81%ae%e8%b2%a1%e5%b8%83\/","title":{"rendered":"SHIRO WASHI NO SAIFU \u767d\u30ef\u30b7\u306e\u8ca1\u5e03"},"content":{"rendered":"<p>Con nuestra humilde sugerencia, le presentamos un bolso creado con el apreciado Shiro Washi. Este tejido de algod\u00f3n se inspira en el arte y la tradici\u00f3n japoneses, lo que confiere a nuestro monedero un aire de singularidad.<\/p>\n<p>Nuestro bolso no es s\u00f3lo un accesorio: es una historia, una narraci\u00f3n de la herencia y el arte japoneses.  Su motivo \u00fanico de un \u00e1guila blanca sobre fondo negro y detalles en oro envejecido, \u00fanico en el mundo textil, crea un bolso, una obra de arte que refleja personalidad y estilo.<\/p>\n<p>Al elegir nuestro bolso, est\u00e1 eligiendo llevarse consigo un trozo de Jap\u00f3n. Cada vez que lo sostenga, sentir\u00e1 el pulso de la historia y la tradici\u00f3n, as\u00ed como la sensaci\u00f3n de lujo que ofrece Shiro Washi.<\/p>\n<p>Perm\u00edtanos acompa\u00f1arle en un viaje al coraz\u00f3n del arte y la est\u00e9tica japoneses, a trav\u00e9s de nuestra bolsa, que conecta el pasado con el presente y el futuro.<\/p>\n<p>Perm\u00edtanos ofrecerle un ejemplar \u00fanico, para quien aprecie la singularidad de este tejido.<\/p>","protected":false},"excerpt":{"rendered":"<p>Por primera y \u00faltima vez presentamos nuestra tela favorita Shiro Washi, una pieza de arte japon\u00e9s, en una cartera o un bolso. Hecho a mano y con un dise\u00f1o antiguo \u00fanico.<\/p>\n<p>Dimensiones 18xmX24cm<\/p>","protected":false},"featured_media":11573,"comment_status":"closed","ping_status":"open","template":"","meta":{"_gspb_post_css":""},"product_brand":[],"product_cat":[68],"product_tag":[],"class_list":{"0":"post-9657","1":"product","2":"type-product","3":"status-publish","4":"has-post-thumbnail","6":"product_cat-68","8":"first","9":"outofstock","10":"taxable","11":"shipping-taxable","12":"purchasable","13":"product-type-simple"},"_links":{"self":[{"href":"https:\/\/mo-mo.gr\/es\/wp-json\/wp\/v2\/product\/9657","targetHints":{"allow":["GET"]}}],"collection":[{"href":"https:\/\/mo-mo.gr\/es\/wp-json\/wp\/v2\/product"}],"about":[{"href":"https:\/\/mo-mo.gr\/es\/wp-json\/wp\/v2\/types\/product"}],"replies":[{"embeddable":true,"href":"https:\/\/mo-mo.gr\/es\/wp-json\/wp\/v2\/comments?post=9657"}],"wp:featuredmedia":[{"embeddable":true,"href":"https:\/\/mo-mo.gr\/es\/wp-json\/wp\/v2\/media\/11573"}],"wp:attachment":[{"href":"https:\/\/mo-mo.gr\/es\/wp-json\/wp\/v2\/media?parent=9657"}],"wp:term":[{"taxonomy":"product_brand","embeddable":true,"href":"https:\/\/mo-mo.gr\/es\/wp-json\/wp\/v2\/product_brand?post=9657"},{"taxonomy":"product_cat","embeddable":true,"href":"https:\/\/mo-mo.gr\/es\/wp-json\/wp\/v2\/product_cat?post=9657"},{"taxonomy":"product_tag","embeddable":true,"href":"https:\/\/mo-mo.gr\/es\/wp-json\/wp\/v2\/product_tag?post=9657"}],"curies":[{"name":"wp","href":"https:\/\/api.w.org\/{rel}","templated":true}]}}