{"id":9650,"date":"2023-08-17T17:07:29","date_gmt":"2023-08-17T17:07:29","guid":{"rendered":"https:\/\/mo-mo.gr\/product\/iwasaki-pochi-%e3%83%9d%e3%83%bc%e3%83%81\/"},"modified":"2024-12-12T14:39:47","modified_gmt":"2024-12-12T14:39:47","slug":"iwasaki-pochi-%e3%83%9d%e3%83%bc%e3%83%81","status":"publish","type":"product","link":"https:\/\/mo-mo.gr\/es\/\u03c0\u03c1\u03bf\u03ca\u03cc\u03bd\u03c4\u03b1\/iwasaki-pochi-%e3%83%9d%e3%83%bc%e3%83%81\/","title":{"rendered":"IWASAKI POCHI \u30dd\u30fc\u30c1"},"content":{"rendered":"<p>Nos complace presentar nuestra nueva creaci\u00f3n, el bolso Pouch, que le har\u00e1 viajar a la filosof\u00eda japonesa de sencillez y elegancia.<\/p>\n<p>Este bolso \u00fanico incorpora un bot\u00f3n imantado que se cierra con absoluta facilidad, proporcion\u00e1ndole la seguridad y practicidad que necesita en su vida diaria. El ex\u00f3tico color azul marino, azul mar, lleno de estilo, resalta su elegancia y se inspira en la fragante brisa marina.<\/p>\n<p>El tejido de algod\u00f3n que utilizamos para nuestro bolso procede del Tokio cl\u00e1sico, un tejido que habla de la historia y la tradici\u00f3n de la regi\u00f3n, y que destaca por su original estampado japon\u00e9s. Este estampado se inspira en el arte japon\u00e9s cosmopolita, lo que confiere a su bolso una sensaci\u00f3n de lujo y singularidad.<\/p>\n<p>Por \u00faltimo, el nombre que hemos elegido para este bolso no es casual. Hemos rendido homenaje a la famosa geisha Mineko Iwasaki, una mujer que encarn\u00f3 a su manera el alma de la cultura y la elegancia japonesas. Con este nombre, el bolso adquiere una dimensi\u00f3n adicional y se asocia con el extraordinario encanto y la cultura que ella representa.<\/p>\n<p>Perm\u00edtanos ofrecerle un pedazo de Jap\u00f3n con cada toque de nuestra bolsa Pouch. Cada vez que lo sostenga, sentir\u00e1 el suave abrazo de historia y refinamiento que caracteriza a la cultura de Jap\u00f3n.<\/p>","protected":false},"excerpt":{"rendered":"<p>Este exclusivo bolso de mano cuenta con un bot\u00f3n imantado que se cierra con total facilidad, ofreci\u00e9ndole la seguridad y practicidad que necesita en su vida diaria. Color azul marino con flores totalmente doradas, un tejido de Tokio con un original estampado japon\u00e9s inspirado en el arte japon\u00e9s y en el nombre de la famosa geisha Mineko Iwasaki.<\/p>\n<p>\u00a1En un \u00fanico formato at\u00edpico! Dimensiones 18xmX24cm<\/p>","protected":false},"featured_media":11567,"comment_status":"closed","ping_status":"open","template":"","meta":{"_gspb_post_css":""},"product_brand":[],"product_cat":[65],"product_tag":[23,18],"class_list":{"0":"post-9650","1":"product","2":"type-product","3":"status-publish","4":"has-post-thumbnail","6":"product_cat-65","7":"product_tag-mineko-iwasaki","8":"product_tag-pouch","10":"first","11":"onbackorder","12":"taxable","13":"shipping-taxable","14":"purchasable","15":"product-type-simple"},"_links":{"self":[{"href":"https:\/\/mo-mo.gr\/es\/wp-json\/wp\/v2\/product\/9650","targetHints":{"allow":["GET"]}}],"collection":[{"href":"https:\/\/mo-mo.gr\/es\/wp-json\/wp\/v2\/product"}],"about":[{"href":"https:\/\/mo-mo.gr\/es\/wp-json\/wp\/v2\/types\/product"}],"replies":[{"embeddable":true,"href":"https:\/\/mo-mo.gr\/es\/wp-json\/wp\/v2\/comments?post=9650"}],"wp:featuredmedia":[{"embeddable":true,"href":"https:\/\/mo-mo.gr\/es\/wp-json\/wp\/v2\/media\/11567"}],"wp:attachment":[{"href":"https:\/\/mo-mo.gr\/es\/wp-json\/wp\/v2\/media?parent=9650"}],"wp:term":[{"taxonomy":"product_brand","embeddable":true,"href":"https:\/\/mo-mo.gr\/es\/wp-json\/wp\/v2\/product_brand?post=9650"},{"taxonomy":"product_cat","embeddable":true,"href":"https:\/\/mo-mo.gr\/es\/wp-json\/wp\/v2\/product_cat?post=9650"},{"taxonomy":"product_tag","embeddable":true,"href":"https:\/\/mo-mo.gr\/es\/wp-json\/wp\/v2\/product_tag?post=9650"}],"curies":[{"name":"wp","href":"https:\/\/api.w.org\/{rel}","templated":true}]}}