{"id":9631,"date":"2023-08-04T20:27:07","date_gmt":"2023-08-04T20:27:07","guid":{"rendered":"https:\/\/mo-mo.gr\/product\/yukata-kiharu-nakamura\/"},"modified":"2025-01-08T13:21:59","modified_gmt":"2025-01-08T11:21:59","slug":"yukata-kiharu-nakamura","status":"publish","type":"product","link":"https:\/\/mo-mo.gr\/es\/\u03c0\u03c1\u03bf\u03ca\u03cc\u03bd\u03c4\u03b1\/yukata-kiharu-nakamura\/","title":{"rendered":"Yukata Kiharu Nakamura \u4e2d\u6751 \u559c\u6625"},"content":{"rendered":"<p>Yukata confeccionado en viscosa 100%, cosido a mano con puntadas ocultas en las zonas visibles, dise\u00f1ado, cortado y cosido seg\u00fan la t\u00e9cnica tradicional del Yukata. Sobre un fondo azul oscuro, un jard\u00edn de verdor, flores azules y rosas. La longitud es de 1,20 cm y se presenta en las tallas b\u00e1sicas de Kimono S\/M y L\/XL. Los Yukata se llevan tradicionalmente en Jap\u00f3n de mayo a octubre, son m\u00e1s ligeros que los Furishode y no llevan forro, lo que los convierte en una opci\u00f3n ideal para el clima griego.<\/p>\n<p>Lavable a 40 grados y planchado a baja temperatura para tejidos de viscosa - algod\u00f3n.<\/p>","protected":false},"excerpt":{"rendered":"<p>Kimono yukata cosido a mano con la t\u00e9cnica tradicional yukata, que lleva el nombre de la famosa geisha Kiharu Nakamura \u4e2d\u6751 \u559c\u6625.<\/p>","protected":false},"featured_media":11553,"comment_status":"closed","ping_status":"closed","template":"","meta":{"_gspb_post_css":""},"product_brand":[],"product_cat":[115,66],"product_tag":[56],"class_list":{"0":"post-9631","1":"product","2":"type-product","3":"status-publish","4":"has-post-thumbnail","6":"product_cat-yukata","7":"product_cat-66","8":"product_tag-womans-kimonos","9":"pa_-large-xlarge","10":"pa_-small-medium","11":"pa_-multiple-colors","12":"pa_-85","14":"first","15":"outofstock","16":"taxable","17":"shipping-taxable","18":"purchasable","19":"product-type-variable"},"_links":{"self":[{"href":"https:\/\/mo-mo.gr\/es\/wp-json\/wp\/v2\/product\/9631","targetHints":{"allow":["GET"]}}],"collection":[{"href":"https:\/\/mo-mo.gr\/es\/wp-json\/wp\/v2\/product"}],"about":[{"href":"https:\/\/mo-mo.gr\/es\/wp-json\/wp\/v2\/types\/product"}],"replies":[{"embeddable":true,"href":"https:\/\/mo-mo.gr\/es\/wp-json\/wp\/v2\/comments?post=9631"}],"wp:featuredmedia":[{"embeddable":true,"href":"https:\/\/mo-mo.gr\/es\/wp-json\/wp\/v2\/media\/11553"}],"wp:attachment":[{"href":"https:\/\/mo-mo.gr\/es\/wp-json\/wp\/v2\/media?parent=9631"}],"wp:term":[{"taxonomy":"product_brand","embeddable":true,"href":"https:\/\/mo-mo.gr\/es\/wp-json\/wp\/v2\/product_brand?post=9631"},{"taxonomy":"product_cat","embeddable":true,"href":"https:\/\/mo-mo.gr\/es\/wp-json\/wp\/v2\/product_cat?post=9631"},{"taxonomy":"product_tag","embeddable":true,"href":"https:\/\/mo-mo.gr\/es\/wp-json\/wp\/v2\/product_tag?post=9631"}],"curies":[{"name":"wp","href":"https:\/\/api.w.org\/{rel}","templated":true}]}}