{"id":9607,"date":"2023-08-02T20:09:49","date_gmt":"2023-08-02T20:09:49","guid":{"rendered":"https:\/\/mo-mo.gr\/product\/nonami-knot-bag\/"},"modified":"2024-12-12T14:39:34","modified_gmt":"2024-12-12T14:39:34","slug":"bolso-nudo-nonami-2","status":"publish","type":"product","link":"https:\/\/mo-mo.gr\/es\/\u03c0\u03c1\u03bf\u03ca\u03cc\u03bd\u03c4\u03b1\/nonami-knot-bag\/","title":{"rendered":"BOLSO NUDO NONAMI"},"content":{"rendered":"<p>Los bolsos de nudo son tan populares en Jap\u00f3n y Corea del Sur por su dise\u00f1o \u00fanico y elegante y su practicidad. Son ideales para una gran variedad de actividades diarias y pueden utilizarse tanto para compromisos cotidianos como para ocasiones m\u00e1s formales. Se llevan como un nudo atado a la mu\u00f1eca y tradicionalmente se ocultaban dentro de las grandes mangas del kimono.<\/p>\n<p>&nbsp;<\/p>","protected":false},"excerpt":{"rendered":"<p>Bolso de nudo confeccionado en tela vaquera japonesa y algod\u00f3n con intrincadas ondas y tejido dorado en relieve.<\/p>","protected":false},"featured_media":11534,"comment_status":"closed","ping_status":"open","template":"","meta":{"_gspb_post_css":""},"product_brand":[],"product_cat":[65],"product_tag":[],"class_list":{"0":"post-9607","1":"product","2":"type-product","3":"status-publish","4":"has-post-thumbnail","6":"product_cat-65","8":"first","9":"onbackorder","10":"taxable","11":"shipping-taxable","12":"purchasable","13":"product-type-simple"},"_links":{"self":[{"href":"https:\/\/mo-mo.gr\/es\/wp-json\/wp\/v2\/product\/9607","targetHints":{"allow":["GET"]}}],"collection":[{"href":"https:\/\/mo-mo.gr\/es\/wp-json\/wp\/v2\/product"}],"about":[{"href":"https:\/\/mo-mo.gr\/es\/wp-json\/wp\/v2\/types\/product"}],"replies":[{"embeddable":true,"href":"https:\/\/mo-mo.gr\/es\/wp-json\/wp\/v2\/comments?post=9607"}],"wp:featuredmedia":[{"embeddable":true,"href":"https:\/\/mo-mo.gr\/es\/wp-json\/wp\/v2\/media\/11534"}],"wp:attachment":[{"href":"https:\/\/mo-mo.gr\/es\/wp-json\/wp\/v2\/media?parent=9607"}],"wp:term":[{"taxonomy":"product_brand","embeddable":true,"href":"https:\/\/mo-mo.gr\/es\/wp-json\/wp\/v2\/product_brand?post=9607"},{"taxonomy":"product_cat","embeddable":true,"href":"https:\/\/mo-mo.gr\/es\/wp-json\/wp\/v2\/product_cat?post=9607"},{"taxonomy":"product_tag","embeddable":true,"href":"https:\/\/mo-mo.gr\/es\/wp-json\/wp\/v2\/product_tag?post=9607"}],"curies":[{"name":"wp","href":"https:\/\/api.w.org\/{rel}","templated":true}]}}