{"id":9594,"date":"2023-07-13T20:47:02","date_gmt":"2023-07-13T20:47:02","guid":{"rendered":"https:\/\/mo-mo.gr\/product\/iwasaki-beto-ii\/"},"modified":"2024-12-12T14:39:33","modified_gmt":"2024-12-12T14:39:33","slug":"iwasaki-beto-ii","status":"publish","type":"product","link":"https:\/\/mo-mo.gr\/es\/\u03c0\u03c1\u03bf\u03ca\u03cc\u03bd\u03c4\u03b1\/iwasaki-beto-ii\/","title":{"rendered":"IWASAKI BETO II"},"content":{"rendered":"<p>Iwasaki es un bolso beto cl\u00e1sico. Bolso utilitario de uso diario que se cierra con un bot\u00f3n. Tejido Tokio con original estampado japon\u00e9s, inspirado en el arte japon\u00e9s y en el nombre de la famosa geisha Mineko Iwasaki. Flores doradas y un azul intenso se cre\u00f3 en edici\u00f3n limitada.<\/p>","protected":false},"excerpt":{"rendered":"<p>\u00datil bolso de uso diario, que se cierra con un bot\u00f3n. Tejido Tokio con original estampado japon\u00e9s, inspirado en el arte japon\u00e9s y en el nombre de la famosa Geisha Mineko Iwasaki.<\/p>","protected":false},"featured_media":9595,"comment_status":"closed","ping_status":"open","template":"","meta":{"_gspb_post_css":""},"product_brand":[],"product_cat":[68],"product_tag":[23],"class_list":{"0":"post-9594","1":"product","2":"type-product","3":"status-publish","4":"has-post-thumbnail","6":"product_cat-68","7":"product_tag-mineko-iwasaki","9":"first","10":"outofstock","11":"taxable","12":"shipping-taxable","13":"purchasable","14":"product-type-simple"},"_links":{"self":[{"href":"https:\/\/mo-mo.gr\/es\/wp-json\/wp\/v2\/product\/9594","targetHints":{"allow":["GET"]}}],"collection":[{"href":"https:\/\/mo-mo.gr\/es\/wp-json\/wp\/v2\/product"}],"about":[{"href":"https:\/\/mo-mo.gr\/es\/wp-json\/wp\/v2\/types\/product"}],"replies":[{"embeddable":true,"href":"https:\/\/mo-mo.gr\/es\/wp-json\/wp\/v2\/comments?post=9594"}],"wp:featuredmedia":[{"embeddable":true,"href":"https:\/\/mo-mo.gr\/es\/wp-json\/wp\/v2\/media\/9595"}],"wp:attachment":[{"href":"https:\/\/mo-mo.gr\/es\/wp-json\/wp\/v2\/media?parent=9594"}],"wp:term":[{"taxonomy":"product_brand","embeddable":true,"href":"https:\/\/mo-mo.gr\/es\/wp-json\/wp\/v2\/product_brand?post=9594"},{"taxonomy":"product_cat","embeddable":true,"href":"https:\/\/mo-mo.gr\/es\/wp-json\/wp\/v2\/product_cat?post=9594"},{"taxonomy":"product_tag","embeddable":true,"href":"https:\/\/mo-mo.gr\/es\/wp-json\/wp\/v2\/product_tag?post=9594"}],"curies":[{"name":"wp","href":"https:\/\/api.w.org\/{rel}","templated":true}]}}