{"id":9589,"date":"2023-07-13T20:43:58","date_gmt":"2023-07-13T20:43:58","guid":{"rendered":"https:\/\/mo-mo.gr\/product\/iwasaki-beto\/"},"modified":"2026-04-02T19:01:14","modified_gmt":"2026-04-02T16:01:14","slug":"iwasaki-beto","status":"publish","type":"product","link":"https:\/\/mo-mo.gr\/es\/\u03c0\u03c1\u03bf\u03ca\u03cc\u03bd\u03c4\u03b1\/iwasaki-beto\/","title":{"rendered":"IWASAKI BETO"},"content":{"rendered":"<p>Iwasaki es un bolso beto cl\u00e1sico. Bolso utilitario de uso diario que se cierra como una bolsa. Tejido Tokio con original estampado japon\u00e9s, inspirado en el arte japon\u00e9s y en el nombre de la famosa geisha Mineko Iwasaki. Flores doradas y un azul intenso creados en edici\u00f3n limitada.<\/p>","protected":false},"excerpt":{"rendered":"<p>\u00datil bolso de uso diario, que se cierra como una bolsa. Tejido Tokio con original estampado japon\u00e9s, inspirado en el arte japon\u00e9s y en el nombre de la famosa geisha Mineko Iwasaki.<\/p>","protected":false},"featured_media":9590,"comment_status":"closed","ping_status":"closed","template":"","meta":{"_gspb_post_css":""},"product_brand":[],"product_cat":[65],"product_tag":[23],"class_list":{"0":"post-9589","1":"product","2":"type-product","3":"status-publish","4":"has-post-thumbnail","6":"product_cat-65","7":"product_tag-mineko-iwasaki","9":"first","10":"onbackorder","11":"taxable","12":"shipping-taxable","13":"purchasable","14":"product-type-simple"},"_links":{"self":[{"href":"https:\/\/mo-mo.gr\/es\/wp-json\/wp\/v2\/product\/9589","targetHints":{"allow":["GET"]}}],"collection":[{"href":"https:\/\/mo-mo.gr\/es\/wp-json\/wp\/v2\/product"}],"about":[{"href":"https:\/\/mo-mo.gr\/es\/wp-json\/wp\/v2\/types\/product"}],"replies":[{"embeddable":true,"href":"https:\/\/mo-mo.gr\/es\/wp-json\/wp\/v2\/comments?post=9589"}],"wp:featuredmedia":[{"embeddable":true,"href":"https:\/\/mo-mo.gr\/es\/wp-json\/wp\/v2\/media\/9590"}],"wp:attachment":[{"href":"https:\/\/mo-mo.gr\/es\/wp-json\/wp\/v2\/media?parent=9589"}],"wp:term":[{"taxonomy":"product_brand","embeddable":true,"href":"https:\/\/mo-mo.gr\/es\/wp-json\/wp\/v2\/product_brand?post=9589"},{"taxonomy":"product_cat","embeddable":true,"href":"https:\/\/mo-mo.gr\/es\/wp-json\/wp\/v2\/product_cat?post=9589"},{"taxonomy":"product_tag","embeddable":true,"href":"https:\/\/mo-mo.gr\/es\/wp-json\/wp\/v2\/product_tag?post=9589"}],"curies":[{"name":"wp","href":"https:\/\/api.w.org\/{rel}","templated":true}]}}