{"id":9573,"date":"2023-07-12T19:16:56","date_gmt":"2023-07-12T19:16:56","guid":{"rendered":"https:\/\/mo-mo.gr\/product\/kinkin\/"},"modified":"2024-12-12T14:39:32","modified_gmt":"2024-12-12T14:39:32","slug":"torcedura","status":"publish","type":"product","link":"https:\/\/mo-mo.gr\/es\/\u03c0\u03c1\u03bf\u03ca\u03cc\u03bd\u03c4\u03b1\/kinkin\/","title":{"rendered":"KINKIN"},"content":{"rendered":"<p>Bolsa de cosm\u00e9ticos, bolsa de agua o bolsa interior. Tejido de algod\u00f3n de Tokio en azul oscuro e intrincados motivos geom\u00e9tricos dorados, \u00fanicos en el mundo del textil. El tema principal son los famosos motivos geom\u00e9tricos japoneses. Un dise\u00f1o japon\u00e9s cl\u00e1sico de todos los tiempos en un bolso nesser utilitario. Kinkin se cre\u00f3 en tres ejemplares \u00fanicos, totalmente hechos a mano por MO MO.<\/p>","protected":false},"excerpt":{"rendered":"<p>El tema principal son los famosos motivos geom\u00e9tricos japoneses. Un dise\u00f1o japon\u00e9s cl\u00e1sico de todos los tiempos en un bolso nesser utilitario.<\/p>","protected":false},"featured_media":9574,"comment_status":"closed","ping_status":"open","template":"","meta":{"_gspb_post_css":""},"product_brand":[],"product_cat":[68],"product_tag":[],"class_list":{"0":"post-9573","1":"product","2":"type-product","3":"status-publish","4":"has-post-thumbnail","6":"product_cat-68","8":"first","9":"outofstock","10":"taxable","11":"shipping-taxable","12":"purchasable","13":"product-type-simple"},"_links":{"self":[{"href":"https:\/\/mo-mo.gr\/es\/wp-json\/wp\/v2\/product\/9573","targetHints":{"allow":["GET"]}}],"collection":[{"href":"https:\/\/mo-mo.gr\/es\/wp-json\/wp\/v2\/product"}],"about":[{"href":"https:\/\/mo-mo.gr\/es\/wp-json\/wp\/v2\/types\/product"}],"replies":[{"embeddable":true,"href":"https:\/\/mo-mo.gr\/es\/wp-json\/wp\/v2\/comments?post=9573"}],"wp:featuredmedia":[{"embeddable":true,"href":"https:\/\/mo-mo.gr\/es\/wp-json\/wp\/v2\/media\/9574"}],"wp:attachment":[{"href":"https:\/\/mo-mo.gr\/es\/wp-json\/wp\/v2\/media?parent=9573"}],"wp:term":[{"taxonomy":"product_brand","embeddable":true,"href":"https:\/\/mo-mo.gr\/es\/wp-json\/wp\/v2\/product_brand?post=9573"},{"taxonomy":"product_cat","embeddable":true,"href":"https:\/\/mo-mo.gr\/es\/wp-json\/wp\/v2\/product_cat?post=9573"},{"taxonomy":"product_tag","embeddable":true,"href":"https:\/\/mo-mo.gr\/es\/wp-json\/wp\/v2\/product_tag?post=9573"}],"curies":[{"name":"wp","href":"https:\/\/api.w.org\/{rel}","templated":true}]}}