{"id":9560,"date":"2023-07-12T14:08:25","date_gmt":"2023-07-12T14:08:25","guid":{"rendered":"https:\/\/mo-mo.gr\/product\/fujisan-to-nami\/"},"modified":"2024-12-12T14:39:32","modified_gmt":"2024-12-12T14:39:32","slug":"fujisan-to-nami","status":"publish","type":"product","link":"https:\/\/mo-mo.gr\/es\/\u03c0\u03c1\u03bf\u03ca\u03cc\u03bd\u03c4\u03b1\/fujisan-to-nami\/","title":{"rendered":"Fujisan To Nami"},"content":{"rendered":"<p>Bolsa de cosm\u00e9ticos, bolsa de agua o bolsa interior. Tejido de algod\u00f3n de Tokio con el monte Fuji y las famosas olas. Un dise\u00f1o japon\u00e9s cl\u00e1sico de todos los tiempos en una bolsa de red utilitaria. El Fujisan To Nami se cre\u00f3 en un \u00fanico ejemplar, \u00a1el \u00fanico que tendr\u00e1 en sus manos!<\/p>\n<p>Dimensiones 24*22 y profundidad 8 cm<\/p>","protected":false},"excerpt":{"rendered":"<p>\u03a4\u03c3\u03b1\u03bd\u03c4\u03ac\u03ba\u03b9 \u03ba\u03b1\u03bb\u03bb\u03c5\u03bd\u03c4\u03b9\u03ba\u03ce\u03bd, \u03bd\u03b5\u03c3\u03b5\u03c3\u03ad\u03c1 \u03ae inbag pouch. \u0392\u03b1\u03bc\u03b2\u03b1\u03ba\u03b5\u03c1\u03cc \u03cd\u03c6\u03b1\u03c3\u03bc\u03b1 \u03b1\u03c0\u03cc \u03c4\u03bf Tokyo \u03bc\u03b5 \u03c4\u03bf \u03cc\u03c1\u03bf\u03c2 Fuji \u03ba\u03b1\u03b9 \u03c4\u03b1 \u03b4\u03b9\u03ac\u03c3\u03b7\u03bc\u03b1 \u03ba\u03cd\u03bc\u03b1\u03c4\u03b1 . \u0395\u03bd\u03b1 all time classic japanese design \u03c3\u03b5 \u03ad\u03bd\u03b1 \u03c7\u03c1\u03b7\u03c3\u03c4\u03b9\u03ba\u03cc \u03c4\u03c3\u03b1\u03bd\u03c4\u03ac\u03ba\u03b9 \u03bd\u03b5\u03c3\u03b5\u03c1\u03ad\u03c1. \u03a4\u03bf Fujisan To Nami \u03b4\u03b7\u03bc\u03b9\u03bf\u03c5\u03c1\u03b3\u03ae\u03b8\u03b7\u03ba\u03b5 \u03c3\u03b5 \u03ad\u03bd\u03b1 \u03ba\u03b1\u03b9 \u03bc\u03bf\u03bd\u03b1\u03b4\u03b9\u03ba\u03cc \u03b1\u03bd\u03c4\u03af\u03c4\u03c5\u03c0\u03bf, \u03b1\u03c5\u03c4\u03cc \u03c0\u03bf\u03c5 \u03b8\u03b1 \u03ba\u03c1\u03b1\u03c4\u03ae\u03c3\u03b5\u03c4\u03b5 \u03c3\u03c4\u03b1 \u03c7\u03ad\u03c1\u03b9\u03b1 \u03c3\u03b1\u03c2 \u03ba\u03b1\u03b9 \u03bc\u03cc\u03bd\u03bf! \u0394\u03b9\u03b1\u03c3\u03c4\u03ac\u03c3\u03b5\u03b9\u03c2 24*22 \u03ba\u03b1\u03b9 \u03b2\u03ac\u03b8\u03bf\u03c2 8 [&hellip;]<\/p>\n","protected":false},"featured_media":9561,"comment_status":"closed","ping_status":"open","template":"","meta":{"_gspb_post_css":""},"product_brand":[],"product_cat":[67,65],"product_tag":[],"class_list":{"0":"post-9560","1":"product","2":"type-product","3":"status-publish","4":"has-post-thumbnail","6":"product_cat-special-prices","7":"product_cat-65","8":"pa_-79","10":"first","11":"outofstock","12":"sale","13":"taxable","14":"shipping-taxable","15":"purchasable","16":"product-type-simple"},"_links":{"self":[{"href":"https:\/\/mo-mo.gr\/es\/wp-json\/wp\/v2\/product\/9560","targetHints":{"allow":["GET"]}}],"collection":[{"href":"https:\/\/mo-mo.gr\/es\/wp-json\/wp\/v2\/product"}],"about":[{"href":"https:\/\/mo-mo.gr\/es\/wp-json\/wp\/v2\/types\/product"}],"replies":[{"embeddable":true,"href":"https:\/\/mo-mo.gr\/es\/wp-json\/wp\/v2\/comments?post=9560"}],"wp:featuredmedia":[{"embeddable":true,"href":"https:\/\/mo-mo.gr\/es\/wp-json\/wp\/v2\/media\/9561"}],"wp:attachment":[{"href":"https:\/\/mo-mo.gr\/es\/wp-json\/wp\/v2\/media?parent=9560"}],"wp:term":[{"taxonomy":"product_brand","embeddable":true,"href":"https:\/\/mo-mo.gr\/es\/wp-json\/wp\/v2\/product_brand?post=9560"},{"taxonomy":"product_cat","embeddable":true,"href":"https:\/\/mo-mo.gr\/es\/wp-json\/wp\/v2\/product_cat?post=9560"},{"taxonomy":"product_tag","embeddable":true,"href":"https:\/\/mo-mo.gr\/es\/wp-json\/wp\/v2\/product_tag?post=9560"}],"curies":[{"name":"wp","href":"https:\/\/api.w.org\/{rel}","templated":true}]}}