{"id":9548,"date":"2023-07-12T13:13:41","date_gmt":"2023-07-12T13:13:41","guid":{"rendered":"https:\/\/mo-mo.gr\/product\/kuroi-ryu\/"},"modified":"2024-12-12T14:39:31","modified_gmt":"2024-12-12T14:39:31","slug":"kuroi-ryu","status":"publish","type":"product","link":"https:\/\/mo-mo.gr\/es\/\u03c0\u03c1\u03bf\u03ca\u03cc\u03bd\u03c4\u03b1\/kuroi-ryu\/","title":{"rendered":"KUROI RYU"},"content":{"rendered":"<p>Bolsa de cosm\u00e9ticos, bolsa de agua o bolsa interior. Tejido de algod\u00f3n de Tokio en rojo oscuro con intrincados contornos dorados, \u00fanico en el mundo textil. Un dise\u00f1o japon\u00e9s cl\u00e1sico de todos los tiempos en una bolsa de red utilitaria. Kuroi Ryu se cre\u00f3 en un \u00fanico ejemplar, \u00a1el \u00fanico que tendr\u00e1 en sus manos!<\/p>","protected":false},"excerpt":{"rendered":"<p>Bolsa de cosm\u00e9ticos, bolsa de agua o bolsa interior. Tejido de algod\u00f3n de Tokio en rojo oscuro con intrincados contornos dorados, \u00fanico en el mundo textil. Un dise\u00f1o japon\u00e9s cl\u00e1sico de todos los tiempos en una bolsa de red utilitaria. Kuroi Ryu se cre\u00f3 en un \u00fanico ejemplar, \u00a1el \u00fanico que tendr\u00e1 en sus manos!<\/p>","protected":false},"featured_media":9549,"comment_status":"closed","ping_status":"open","template":"","meta":{"_gspb_post_css":""},"product_brand":[],"product_cat":[65],"product_tag":[],"class_list":{"0":"post-9548","1":"product","2":"type-product","3":"status-publish","4":"has-post-thumbnail","6":"product_cat-65","8":"first","9":"outofstock","10":"taxable","11":"shipping-taxable","12":"purchasable","13":"product-type-simple"},"_links":{"self":[{"href":"https:\/\/mo-mo.gr\/es\/wp-json\/wp\/v2\/product\/9548","targetHints":{"allow":["GET"]}}],"collection":[{"href":"https:\/\/mo-mo.gr\/es\/wp-json\/wp\/v2\/product"}],"about":[{"href":"https:\/\/mo-mo.gr\/es\/wp-json\/wp\/v2\/types\/product"}],"replies":[{"embeddable":true,"href":"https:\/\/mo-mo.gr\/es\/wp-json\/wp\/v2\/comments?post=9548"}],"wp:featuredmedia":[{"embeddable":true,"href":"https:\/\/mo-mo.gr\/es\/wp-json\/wp\/v2\/media\/9549"}],"wp:attachment":[{"href":"https:\/\/mo-mo.gr\/es\/wp-json\/wp\/v2\/media?parent=9548"}],"wp:term":[{"taxonomy":"product_brand","embeddable":true,"href":"https:\/\/mo-mo.gr\/es\/wp-json\/wp\/v2\/product_brand?post=9548"},{"taxonomy":"product_cat","embeddable":true,"href":"https:\/\/mo-mo.gr\/es\/wp-json\/wp\/v2\/product_cat?post=9548"},{"taxonomy":"product_tag","embeddable":true,"href":"https:\/\/mo-mo.gr\/es\/wp-json\/wp\/v2\/product_tag?post=9548"}],"curies":[{"name":"wp","href":"https:\/\/api.w.org\/{rel}","templated":true}]}}