{"id":9539,"date":"2023-07-12T12:20:29","date_gmt":"2023-07-12T12:20:29","guid":{"rendered":"https:\/\/mo-mo.gr\/product\/aoi-nami\/"},"modified":"2024-12-12T14:39:31","modified_gmt":"2024-12-12T14:39:31","slug":"oh-mi-2","status":"publish","type":"product","link":"https:\/\/mo-mo.gr\/es\/\u03c0\u03c1\u03bf\u03ca\u03cc\u03bd\u03c4\u03b1\/aoi-nami\/","title":{"rendered":"AOI NAMI"},"content":{"rendered":"<p>Aoi Nami es un bolso beto cl\u00e1sico. Un bolso \u00fatil para el d\u00eda a d\u00eda que se cierra como una bolsa. Tejido Osaka con estampado original japon\u00e9s inspirado en el arte japon\u00e9s. Los detalles dorados en relieve y las ondas azul claro crean una r\u00e9plica \u00fanica, totalmente hecha a mano, para que usted elija.<\/p>","protected":false},"excerpt":{"rendered":"<p>Aoi Nami es un bolso beto cl\u00e1sico. Bolso utilitario de uso diario que se cierra como una bolsa.<\/p>","protected":false},"featured_media":9540,"comment_status":"closed","ping_status":"open","template":"","meta":{"_gspb_post_css":""},"product_brand":[],"product_cat":[65],"product_tag":[],"class_list":{"0":"post-9539","1":"product","2":"type-product","3":"status-publish","4":"has-post-thumbnail","6":"product_cat-65","8":"first","9":"onbackorder","10":"taxable","11":"shipping-taxable","12":"purchasable","13":"product-type-simple"},"_links":{"self":[{"href":"https:\/\/mo-mo.gr\/es\/wp-json\/wp\/v2\/product\/9539","targetHints":{"allow":["GET"]}}],"collection":[{"href":"https:\/\/mo-mo.gr\/es\/wp-json\/wp\/v2\/product"}],"about":[{"href":"https:\/\/mo-mo.gr\/es\/wp-json\/wp\/v2\/types\/product"}],"replies":[{"embeddable":true,"href":"https:\/\/mo-mo.gr\/es\/wp-json\/wp\/v2\/comments?post=9539"}],"wp:featuredmedia":[{"embeddable":true,"href":"https:\/\/mo-mo.gr\/es\/wp-json\/wp\/v2\/media\/9540"}],"wp:attachment":[{"href":"https:\/\/mo-mo.gr\/es\/wp-json\/wp\/v2\/media?parent=9539"}],"wp:term":[{"taxonomy":"product_brand","embeddable":true,"href":"https:\/\/mo-mo.gr\/es\/wp-json\/wp\/v2\/product_brand?post=9539"},{"taxonomy":"product_cat","embeddable":true,"href":"https:\/\/mo-mo.gr\/es\/wp-json\/wp\/v2\/product_cat?post=9539"},{"taxonomy":"product_tag","embeddable":true,"href":"https:\/\/mo-mo.gr\/es\/wp-json\/wp\/v2\/product_tag?post=9539"}],"curies":[{"name":"wp","href":"https:\/\/api.w.org\/{rel}","templated":true}]}}