{"id":9530,"date":"2023-06-28T15:57:35","date_gmt":"2023-06-28T15:57:35","guid":{"rendered":"https:\/\/mo-mo.gr\/product\/shiroi-tsuru-inbag-pouch\/"},"modified":"2024-12-12T14:39:28","modified_gmt":"2024-12-12T14:39:28","slug":"shiroi-tsuru-bolsa-interior","status":"publish","type":"product","link":"https:\/\/mo-mo.gr\/es\/\u03c0\u03c1\u03bf\u03ca\u03cc\u03bd\u03c4\u03b1\/shiroi-tsuru-inbag-pouch\/","title":{"rendered":"SHIROI TSURU BOLSA INTERIOR"},"content":{"rendered":"<p>Shiroi Tsuru, la grulla blanca, el cl\u00e1sico dise\u00f1o japon\u00e9s de todos los tiempos en un ejemplar pulcramente dise\u00f1ado y creado.<\/p>","protected":false},"excerpt":{"rendered":"<p>Tejido de algod\u00f3n en azul cobalto de Osaka con grullas blancas y los singulares contornos dorados. Sensaci\u00f3n de relieve al tacto, lujo y equilibrio japon\u00e9s en un estuche joya.<\/p>","protected":false},"featured_media":11527,"comment_status":"closed","ping_status":"open","template":"","meta":{"_gspb_post_css":""},"product_brand":[],"product_cat":[65],"product_tag":[],"class_list":{"0":"post-9530","1":"product","2":"type-product","3":"status-publish","4":"has-post-thumbnail","6":"product_cat-65","8":"first","9":"onbackorder","10":"taxable","11":"shipping-taxable","12":"purchasable","13":"product-type-simple"},"_links":{"self":[{"href":"https:\/\/mo-mo.gr\/es\/wp-json\/wp\/v2\/product\/9530","targetHints":{"allow":["GET"]}}],"collection":[{"href":"https:\/\/mo-mo.gr\/es\/wp-json\/wp\/v2\/product"}],"about":[{"href":"https:\/\/mo-mo.gr\/es\/wp-json\/wp\/v2\/types\/product"}],"replies":[{"embeddable":true,"href":"https:\/\/mo-mo.gr\/es\/wp-json\/wp\/v2\/comments?post=9530"}],"wp:featuredmedia":[{"embeddable":true,"href":"https:\/\/mo-mo.gr\/es\/wp-json\/wp\/v2\/media\/11527"}],"wp:attachment":[{"href":"https:\/\/mo-mo.gr\/es\/wp-json\/wp\/v2\/media?parent=9530"}],"wp:term":[{"taxonomy":"product_brand","embeddable":true,"href":"https:\/\/mo-mo.gr\/es\/wp-json\/wp\/v2\/product_brand?post=9530"},{"taxonomy":"product_cat","embeddable":true,"href":"https:\/\/mo-mo.gr\/es\/wp-json\/wp\/v2\/product_cat?post=9530"},{"taxonomy":"product_tag","embeddable":true,"href":"https:\/\/mo-mo.gr\/es\/wp-json\/wp\/v2\/product_tag?post=9530"}],"curies":[{"name":"wp","href":"https:\/\/api.w.org\/{rel}","templated":true}]}}