{"id":9527,"date":"2023-06-28T15:47:19","date_gmt":"2023-06-28T15:47:19","guid":{"rendered":"https:\/\/mo-mo.gr\/product\/murasaki-inbag-pouch\/"},"modified":"2026-04-02T19:22:28","modified_gmt":"2026-04-02T16:22:28","slug":"bolsa-murasaki-inbag","status":"publish","type":"product","link":"https:\/\/mo-mo.gr\/es\/\u03c0\u03c1\u03bf\u03ca\u03cc\u03bd\u03c4\u03b1\/murasaki-inbag-pouch\/","title":{"rendered":"BOLSA MURASAKI INBAG"},"content":{"rendered":"<p>Murasaki en japon\u00e9s es el color de este bolso, con un estampado copiado de la tela del kimono, que encarna la inocencia y la feminidad de una joven geisha.<\/p>\n<p>Un dise\u00f1o japon\u00e9s cl\u00e1sico de todos los tiempos en un bolso nesser utilitario. En una r\u00e9plica \u00fanica, para que usted elija.<\/p>","protected":false},"excerpt":{"rendered":"<p>Murasaki en japon\u00e9s es el color de este bolso, con un estampado copiado de la tela del kimono, que encarna la inocencia y la feminidad de una joven geisha.<\/p>\n<p>Un dise\u00f1o japon\u00e9s cl\u00e1sico de todos los tiempos en un bolso nesser utilitario. En una r\u00e9plica \u00fanica, para que usted elija.<\/p>","protected":false},"featured_media":11525,"comment_status":"closed","ping_status":"closed","template":"","meta":{"_gspb_post_css":""},"product_brand":[],"product_cat":[65],"product_tag":[],"class_list":{"0":"post-9527","1":"product","2":"type-product","3":"status-publish","4":"has-post-thumbnail","6":"product_cat-65","8":"first","9":"outofstock","10":"taxable","11":"shipping-taxable","12":"purchasable","13":"product-type-simple"},"_links":{"self":[{"href":"https:\/\/mo-mo.gr\/es\/wp-json\/wp\/v2\/product\/9527","targetHints":{"allow":["GET"]}}],"collection":[{"href":"https:\/\/mo-mo.gr\/es\/wp-json\/wp\/v2\/product"}],"about":[{"href":"https:\/\/mo-mo.gr\/es\/wp-json\/wp\/v2\/types\/product"}],"replies":[{"embeddable":true,"href":"https:\/\/mo-mo.gr\/es\/wp-json\/wp\/v2\/comments?post=9527"}],"wp:featuredmedia":[{"embeddable":true,"href":"https:\/\/mo-mo.gr\/es\/wp-json\/wp\/v2\/media\/11525"}],"wp:attachment":[{"href":"https:\/\/mo-mo.gr\/es\/wp-json\/wp\/v2\/media?parent=9527"}],"wp:term":[{"taxonomy":"product_brand","embeddable":true,"href":"https:\/\/mo-mo.gr\/es\/wp-json\/wp\/v2\/product_brand?post=9527"},{"taxonomy":"product_cat","embeddable":true,"href":"https:\/\/mo-mo.gr\/es\/wp-json\/wp\/v2\/product_cat?post=9527"},{"taxonomy":"product_tag","embeddable":true,"href":"https:\/\/mo-mo.gr\/es\/wp-json\/wp\/v2\/product_tag?post=9527"}],"curies":[{"name":"wp","href":"https:\/\/api.w.org\/{rel}","templated":true}]}}