{"id":9523,"date":"2023-06-28T15:39:54","date_gmt":"2023-06-28T15:39:54","guid":{"rendered":"https:\/\/mo-mo.gr\/product\/aoi-kumo-imbag-pouch\/"},"modified":"2026-04-02T19:24:16","modified_gmt":"2026-04-02T16:24:16","slug":"bolsa-aoi-kumo-imbag","status":"publish","type":"product","link":"https:\/\/mo-mo.gr\/es\/\u03c0\u03c1\u03bf\u03ca\u03cc\u03bd\u03c4\u03b1\/aoi-kumo-imbag-pouch\/","title":{"rendered":"BOLSA AOI KUMO INBAG"},"content":{"rendered":"<p>Bolsa de cosm\u00e9ticos, bolsa de agua o bolsa interior. Tejido de algod\u00f3n de Osaka con el caracter\u00edstico azul oscuro japon\u00e9s e intrincados contornos dorados, \u00fanicos en el mundo textil. Un dise\u00f1o japon\u00e9s cl\u00e1sico de todos los tiempos en una bolsa de red utilitaria. El Aoi Kumo se cre\u00f3 en un \u00fanico ejemplar, \u00a1el que usted tendr\u00e1 en sus manos!<\/p>","protected":false},"excerpt":{"rendered":"<p>Bolsa de cosm\u00e9ticos, bolsa de agua o bolsa interior. Tejido de algod\u00f3n de Osaka con el caracter\u00edstico azul oscuro japon\u00e9s e intrincados contornos dorados, \u00fanicos en el mundo textil. Un dise\u00f1o japon\u00e9s cl\u00e1sico de todos los tiempos en una bolsa de red utilitaria. El Aoi Kumo se cre\u00f3 en un \u00fanico ejemplar, \u00a1el que usted tendr\u00e1 en sus manos!<\/p>","protected":false},"featured_media":11522,"comment_status":"closed","ping_status":"closed","template":"","meta":{"_gspb_post_css":""},"product_brand":[],"product_cat":[65],"product_tag":[18],"class_list":{"0":"post-9523","1":"product","2":"type-product","3":"status-publish","4":"has-post-thumbnail","6":"product_cat-65","7":"product_tag-pouch","9":"first","10":"outofstock","11":"purchasable","12":"product-type-simple"},"_links":{"self":[{"href":"https:\/\/mo-mo.gr\/es\/wp-json\/wp\/v2\/product\/9523","targetHints":{"allow":["GET"]}}],"collection":[{"href":"https:\/\/mo-mo.gr\/es\/wp-json\/wp\/v2\/product"}],"about":[{"href":"https:\/\/mo-mo.gr\/es\/wp-json\/wp\/v2\/types\/product"}],"replies":[{"embeddable":true,"href":"https:\/\/mo-mo.gr\/es\/wp-json\/wp\/v2\/comments?post=9523"}],"wp:featuredmedia":[{"embeddable":true,"href":"https:\/\/mo-mo.gr\/es\/wp-json\/wp\/v2\/media\/11522"}],"wp:attachment":[{"href":"https:\/\/mo-mo.gr\/es\/wp-json\/wp\/v2\/media?parent=9523"}],"wp:term":[{"taxonomy":"product_brand","embeddable":true,"href":"https:\/\/mo-mo.gr\/es\/wp-json\/wp\/v2\/product_brand?post=9523"},{"taxonomy":"product_cat","embeddable":true,"href":"https:\/\/mo-mo.gr\/es\/wp-json\/wp\/v2\/product_cat?post=9523"},{"taxonomy":"product_tag","embeddable":true,"href":"https:\/\/mo-mo.gr\/es\/wp-json\/wp\/v2\/product_tag?post=9523"}],"curies":[{"name":"wp","href":"https:\/\/api.w.org\/{rel}","templated":true}]}}