{"id":13165,"date":"2025-03-04T22:20:39","date_gmt":"2025-03-04T20:20:39","guid":{"rendered":"https:\/\/mo-mo.gr\/?post_type=product&#038;p=13165"},"modified":"2026-03-19T15:40:33","modified_gmt":"2026-03-19T13:40:33","slug":"yukata-kimono-suiryoku-shiro","status":"publish","type":"product","link":"https:\/\/mo-mo.gr\/es\/\u03c0\u03c1\u03bf\u03ca\u03cc\u03bd\u03c4\u03b1\/yukata-kimono-suiryoku-shiro\/","title":{"rendered":"Yukata Kimono Suiryoku Shiro"},"content":{"rendered":"","protected":false},"excerpt":{"rendered":"<p>Yukata Kimono Suiryoku Kuro- Un yukata extravagante que a\u00fana tradici\u00f3n y est\u00e9tica moderna. Su tejido de viscosa 100% proporciona una fluidez de movimiento natural, mientras que su textura ligera ofrece comodidad y una sensaci\u00f3n de frescor.<\/p>\n<p>Dise\u00f1ado con la tradicional manga larga y corte oversize, el **Kimono Yukata Suiryoku Shiro** es perfecto para llevar a capas, ofreciendo elegancia y sofisticaci\u00f3n atemporal a cualquier look.<\/p>","protected":false},"featured_media":13169,"comment_status":"closed","ping_status":"closed","template":"","meta":{"_gspb_post_css":""},"product_brand":[],"product_cat":[74,115,66],"product_tag":[],"class_list":{"0":"post-13165","1":"product","2":"type-product","3":"status-publish","4":"has-post-thumbnail","6":"product_cat-new","7":"product_cat-yukata","8":"product_cat-66","9":"pa_-large","10":"pa_-medium","11":"pa_-small","12":"pa_-xtra-large","13":"pa_-xtra-small","14":"pa_-xxl","16":"first","17":"outofstock","18":"taxable","19":"shipping-taxable","20":"purchasable","21":"product-type-variable"},"_links":{"self":[{"href":"https:\/\/mo-mo.gr\/es\/wp-json\/wp\/v2\/product\/13165","targetHints":{"allow":["GET"]}}],"collection":[{"href":"https:\/\/mo-mo.gr\/es\/wp-json\/wp\/v2\/product"}],"about":[{"href":"https:\/\/mo-mo.gr\/es\/wp-json\/wp\/v2\/types\/product"}],"replies":[{"embeddable":true,"href":"https:\/\/mo-mo.gr\/es\/wp-json\/wp\/v2\/comments?post=13165"}],"wp:featuredmedia":[{"embeddable":true,"href":"https:\/\/mo-mo.gr\/es\/wp-json\/wp\/v2\/media\/13169"}],"wp:attachment":[{"href":"https:\/\/mo-mo.gr\/es\/wp-json\/wp\/v2\/media?parent=13165"}],"wp:term":[{"taxonomy":"product_brand","embeddable":true,"href":"https:\/\/mo-mo.gr\/es\/wp-json\/wp\/v2\/product_brand?post=13165"},{"taxonomy":"product_cat","embeddable":true,"href":"https:\/\/mo-mo.gr\/es\/wp-json\/wp\/v2\/product_cat?post=13165"},{"taxonomy":"product_tag","embeddable":true,"href":"https:\/\/mo-mo.gr\/es\/wp-json\/wp\/v2\/product_tag?post=13165"}],"curies":[{"name":"wp","href":"https:\/\/api.w.org\/{rel}","templated":true}]}}