{"id":13066,"date":"2025-02-04T17:24:31","date_gmt":"2025-02-04T15:24:31","guid":{"rendered":"https:\/\/mo-mo.gr\/?post_type=product&#038;p=13066"},"modified":"2025-03-05T11:23:42","modified_gmt":"2025-03-05T09:23:42","slug":"komono-benitsuru-%ce%bd%ce%b5%cf%83%ce%b5%cf%83%ce%ad%cf%81","status":"publish","type":"product","link":"https:\/\/mo-mo.gr\/es\/\u03c0\u03c1\u03bf\u03ca\u03cc\u03bd\u03c4\u03b1\/komono-benitsuru-%ce%bd%ce%b5%cf%83%ce%b5%cf%83%ce%ad%cf%81\/","title":{"rendered":"Komono Benitsuru Cajero"},"content":{"rendered":"","protected":false},"excerpt":{"rendered":"<p>El Komono Benitsuru (\u7d05\u9db4), o \"Grulla Roja\", es un bolso inspirado en la tradici\u00f3n japonesa y en los s\u00edmbolos de la buena suerte. Con un vibrante **tejido rojo**, decorado con **flores moradas y rosas** y la **grulla blanca**, esta pieza \u00fanica destila elegancia y belleza atemporal.<\/p>\n<p>\ud83d\udd39 **Dimensiones:** 28\u00d718 cm con base de 6 cm de profundidad - ideal para guardar todo lo necesario de tu d\u00eda a d\u00eda o de viaje.<br \/>\n\ud83d\udd39 **Construcci\u00f3n artesanal** con lona acolchada para mayor durabilidad y sensaci\u00f3n de lujo.<br \/>\n\ud83d\udd39 **Cierre seguro con cremallera** para llevar tus objetos con estilo y practicidad.<br \/>\n\ud83d\udd39 **M\u00faltiples usos:** \u00daselo como un ** bolso de mano chic ** o gu\u00e1rdelo como un ** bolso de embrague elegante ** en una noche de fiesta.<\/p>\n<p>Komono Benitsuru es un accesorio que combina la tradici\u00f3n con la est\u00e9tica moderna, aportando la gracia de la grulla y la armon\u00eda de la naturaleza.<\/p>","protected":false},"featured_media":13049,"comment_status":"open","ping_status":"closed","template":"","meta":{"_gspb_post_css":""},"product_brand":[],"product_cat":[130,74,123],"product_tag":[],"class_list":{"0":"post-13066","1":"product","2":"type-product","3":"status-publish","4":"has-post-thumbnail","6":"product_cat-komono-","7":"product_cat-new","8":"product_cat-123","10":"first","11":"instock","12":"taxable","13":"shipping-taxable","14":"purchasable","15":"product-type-simple"},"_links":{"self":[{"href":"https:\/\/mo-mo.gr\/es\/wp-json\/wp\/v2\/product\/13066","targetHints":{"allow":["GET"]}}],"collection":[{"href":"https:\/\/mo-mo.gr\/es\/wp-json\/wp\/v2\/product"}],"about":[{"href":"https:\/\/mo-mo.gr\/es\/wp-json\/wp\/v2\/types\/product"}],"replies":[{"embeddable":true,"href":"https:\/\/mo-mo.gr\/es\/wp-json\/wp\/v2\/comments?post=13066"}],"wp:featuredmedia":[{"embeddable":true,"href":"https:\/\/mo-mo.gr\/es\/wp-json\/wp\/v2\/media\/13049"}],"wp:attachment":[{"href":"https:\/\/mo-mo.gr\/es\/wp-json\/wp\/v2\/media?parent=13066"}],"wp:term":[{"taxonomy":"product_brand","embeddable":true,"href":"https:\/\/mo-mo.gr\/es\/wp-json\/wp\/v2\/product_brand?post=13066"},{"taxonomy":"product_cat","embeddable":true,"href":"https:\/\/mo-mo.gr\/es\/wp-json\/wp\/v2\/product_cat?post=13066"},{"taxonomy":"product_tag","embeddable":true,"href":"https:\/\/mo-mo.gr\/es\/wp-json\/wp\/v2\/product_tag?post=13066"}],"curies":[{"name":"wp","href":"https:\/\/api.w.org\/{rel}","templated":true}]}}