{"id":13019,"date":"2025-01-22T18:59:22","date_gmt":"2025-01-22T16:59:22","guid":{"rendered":"https:\/\/mo-mo.gr\/?post_type=product&#038;p=13019"},"modified":"2025-05-29T15:03:55","modified_gmt":"2025-05-29T12:03:55","slug":"seda-sobre-terracota","status":"publish","type":"product","link":"https:\/\/mo-mo.gr\/es\/\u03c0\u03c1\u03bf\u03ca\u03cc\u03bd\u03c4\u03b1\/silk-overtop-terracotta\/","title":{"rendered":"Seda Overtop Terracota"},"content":{"rendered":"","protected":false},"excerpt":{"rendered":"<p>Descubra la elegancia y la singularidad con el Cubrecama de Seda Terracota, un cubrecama de seda hecho a mano que desprende elegancia y belleza natural. Su tejido se ha te\u00f1ido con tintes naturales de cochinilla y ra\u00edz de rubia, ofreciendo tonos c\u00e1lidos y terrosos de terracota que favorecen a todos los tonos de piel.<\/p>\n<p>Con su textura suave, su sensaci\u00f3n de ligereza y sus variaciones de color \u00fanicas, este abrigo es ideal para llevar a capas en cualquier \u00e9poca del a\u00f1o. Comb\u00ednalo con prendas minimalistas o llamativas para lucir un look informal y sofisticado a la vez.<\/p>\n<p><strong>Caracter\u00edsticas<\/strong>:<br \/>\n- Material: seda 100%<br \/>\n- Construcci\u00f3n artesanal<br \/>\n- Tintes naturales de cochinilla y ra\u00edz de rubia<br \/>\n- Variaciones de color distintivas y \u00fanicas debidas al proceso artesanal<\/p>\n<p>El\u00edjalo para mejorar su aspecto con un toque de lujo natural y est\u00e9tica atemporal.<\/p>\n<p>Est\u00e1 cosido en una l\u00ednea de talla \u00fanica, sus medidas son: 75 cm de largo de espalda, 86 cm de alto.<\/p>","protected":false},"featured_media":12993,"comment_status":"open","ping_status":"closed","template":"","meta":{"_gspb_post_css":""},"product_brand":[],"product_cat":[66],"product_tag":[],"class_list":{"0":"post-13019","1":"product","2":"type-product","3":"status-publish","4":"has-post-thumbnail","6":"product_cat-66","7":"pa_-127","9":"first","10":"outofstock","11":"taxable","12":"shipping-taxable","13":"purchasable","14":"product-type-simple"},"_links":{"self":[{"href":"https:\/\/mo-mo.gr\/es\/wp-json\/wp\/v2\/product\/13019","targetHints":{"allow":["GET"]}}],"collection":[{"href":"https:\/\/mo-mo.gr\/es\/wp-json\/wp\/v2\/product"}],"about":[{"href":"https:\/\/mo-mo.gr\/es\/wp-json\/wp\/v2\/types\/product"}],"replies":[{"embeddable":true,"href":"https:\/\/mo-mo.gr\/es\/wp-json\/wp\/v2\/comments?post=13019"}],"wp:featuredmedia":[{"embeddable":true,"href":"https:\/\/mo-mo.gr\/es\/wp-json\/wp\/v2\/media\/12993"}],"wp:attachment":[{"href":"https:\/\/mo-mo.gr\/es\/wp-json\/wp\/v2\/media?parent=13019"}],"wp:term":[{"taxonomy":"product_brand","embeddable":true,"href":"https:\/\/mo-mo.gr\/es\/wp-json\/wp\/v2\/product_brand?post=13019"},{"taxonomy":"product_cat","embeddable":true,"href":"https:\/\/mo-mo.gr\/es\/wp-json\/wp\/v2\/product_cat?post=13019"},{"taxonomy":"product_tag","embeddable":true,"href":"https:\/\/mo-mo.gr\/es\/wp-json\/wp\/v2\/product_tag?post=13019"}],"curies":[{"name":"wp","href":"https:\/\/api.w.org\/{rel}","templated":true}]}}