{"id":13018,"date":"2025-01-22T18:57:43","date_gmt":"2025-01-22T16:57:43","guid":{"rendered":"https:\/\/mo-mo.gr\/?post_type=product&#038;p=13018"},"modified":"2025-05-29T15:03:39","modified_gmt":"2025-05-29T12:03:39","slug":"seda-sobre-alcea","status":"publish","type":"product","link":"https:\/\/mo-mo.gr\/es\/\u03c0\u03c1\u03bf\u03ca\u03cc\u03bd\u03c4\u03b1\/silk-overtop-alcea\/","title":{"rendered":"Seda Overtop Alcea"},"content":{"rendered":"","protected":false},"excerpt":{"rendered":"<p>Descubra la elegancia de la Sobrecubierta de Seda Alcea, una exclusiva colcha de seda hecha a mano que combina lujo y belleza natural. Te\u00f1ida con colores naturales de alcea (malva), cal\u00e9ndula y nogal negro, esta pieza \u00fanica muestra el arte del te\u00f1ido vegetal.<\/p>\n<p>La textura ligera y suave de la seda abraza el cuerpo, ofreciendo comodidad y estilo, ideal para cualquier ocasi\u00f3n. Sus tonos terrosos resaltan su naturalidad, mientras que la atenci\u00f3n al detalle en la confecci\u00f3n artesanal garantiza la calidad y singularidad de cada pieza.<\/p>\n<p>Ponte la Alcea de seda para a\u00f1adir un toque sofisticado a tu atuendo, inspirada en la naturaleza y la tradici\u00f3n.<\/p>\n<p>Est\u00e1 cosido en una l\u00ednea de talla \u00fanica, sus medidas son: 75 cm de largo de espalda, 86 cm de alto.<\/p>","protected":false},"featured_media":13001,"comment_status":"open","ping_status":"closed","template":"","meta":{"_gspb_post_css":""},"product_brand":[],"product_cat":[66],"product_tag":[],"class_list":{"0":"post-13018","1":"product","2":"type-product","3":"status-publish","4":"has-post-thumbnail","6":"product_cat-66","7":"pa_-127","9":"first","10":"outofstock","11":"taxable","12":"shipping-taxable","13":"purchasable","14":"product-type-simple"},"_links":{"self":[{"href":"https:\/\/mo-mo.gr\/es\/wp-json\/wp\/v2\/product\/13018","targetHints":{"allow":["GET"]}}],"collection":[{"href":"https:\/\/mo-mo.gr\/es\/wp-json\/wp\/v2\/product"}],"about":[{"href":"https:\/\/mo-mo.gr\/es\/wp-json\/wp\/v2\/types\/product"}],"replies":[{"embeddable":true,"href":"https:\/\/mo-mo.gr\/es\/wp-json\/wp\/v2\/comments?post=13018"}],"wp:featuredmedia":[{"embeddable":true,"href":"https:\/\/mo-mo.gr\/es\/wp-json\/wp\/v2\/media\/13001"}],"wp:attachment":[{"href":"https:\/\/mo-mo.gr\/es\/wp-json\/wp\/v2\/media?parent=13018"}],"wp:term":[{"taxonomy":"product_brand","embeddable":true,"href":"https:\/\/mo-mo.gr\/es\/wp-json\/wp\/v2\/product_brand?post=13018"},{"taxonomy":"product_cat","embeddable":true,"href":"https:\/\/mo-mo.gr\/es\/wp-json\/wp\/v2\/product_cat?post=13018"},{"taxonomy":"product_tag","embeddable":true,"href":"https:\/\/mo-mo.gr\/es\/wp-json\/wp\/v2\/product_tag?post=13018"}],"curies":[{"name":"wp","href":"https:\/\/api.w.org\/{rel}","templated":true}]}}