{"id":13017,"date":"2025-01-22T18:55:19","date_gmt":"2025-01-22T16:55:19","guid":{"rendered":"https:\/\/mo-mo.gr\/?post_type=product&#038;p=13017"},"modified":"2025-05-11T07:26:23","modified_gmt":"2025-05-11T04:26:23","slug":"seda-overtop-teal","status":"publish","type":"product","link":"https:\/\/mo-mo.gr\/es\/\u03c0\u03c1\u03bf\u03ca\u03cc\u03bd\u03c4\u03b1\/silk-overtop-teal\/","title":{"rendered":"Seda Overtop Teal"},"content":{"rendered":"","protected":false},"excerpt":{"rendered":"<p>Descubra lo \u00faltimo en elegancia con el Sobrepelliz de Seda Teal, una panoplia \u00fanica hecha a mano con tejido de seda de alta calidad 100%. Te\u00f1ida con el tinte natural del \u00edndigo japon\u00e9s, desprende la autenticidad y espiritualidad del te\u00f1ido tradicional japon\u00e9s.<\/p>\n<p>Su llamativo color turquesa, que recuerda los matices del oc\u00e9ano, combina armoniosamente la sencillez natural con una est\u00e9tica refinada. Silk Overtop Teal es ligera y vaporosa, ideal para todas las estaciones, y ofrece comodidad y estilo a todos los looks.<\/p>\n<p>Ll\u00e9velo sobre cualquier conjunto para crear un look \u00fanico con una fuerte referencia cultural y sofisticaci\u00f3n contempor\u00e1nea. Una aut\u00e9ntica obra de arte que a\u00f1ade sofisticaci\u00f3n y car\u00e1cter a tu vestuario.<\/p>\n<p>Est\u00e1 cosido en una l\u00ednea de talla \u00fanica, sus medidas son: 75 cm de largo de espalda, 86 cm de alto.<\/p>","protected":false},"featured_media":13013,"comment_status":"open","ping_status":"closed","template":"","meta":{"_gspb_post_css":""},"product_brand":[],"product_cat":[66],"product_tag":[],"class_list":{"0":"post-13017","1":"product","2":"type-product","3":"status-publish","4":"has-post-thumbnail","6":"product_cat-66","7":"pa_-127","9":"first","10":"instock","11":"taxable","12":"shipping-taxable","13":"purchasable","14":"product-type-simple"},"_links":{"self":[{"href":"https:\/\/mo-mo.gr\/es\/wp-json\/wp\/v2\/product\/13017","targetHints":{"allow":["GET"]}}],"collection":[{"href":"https:\/\/mo-mo.gr\/es\/wp-json\/wp\/v2\/product"}],"about":[{"href":"https:\/\/mo-mo.gr\/es\/wp-json\/wp\/v2\/types\/product"}],"replies":[{"embeddable":true,"href":"https:\/\/mo-mo.gr\/es\/wp-json\/wp\/v2\/comments?post=13017"}],"wp:featuredmedia":[{"embeddable":true,"href":"https:\/\/mo-mo.gr\/es\/wp-json\/wp\/v2\/media\/13013"}],"wp:attachment":[{"href":"https:\/\/mo-mo.gr\/es\/wp-json\/wp\/v2\/media?parent=13017"}],"wp:term":[{"taxonomy":"product_brand","embeddable":true,"href":"https:\/\/mo-mo.gr\/es\/wp-json\/wp\/v2\/product_brand?post=13017"},{"taxonomy":"product_cat","embeddable":true,"href":"https:\/\/mo-mo.gr\/es\/wp-json\/wp\/v2\/product_cat?post=13017"},{"taxonomy":"product_tag","embeddable":true,"href":"https:\/\/mo-mo.gr\/es\/wp-json\/wp\/v2\/product_tag?post=13017"}],"curies":[{"name":"wp","href":"https:\/\/api.w.org\/{rel}","templated":true}]}}