{"id":12964,"date":"2025-01-14T12:31:46","date_gmt":"2025-01-14T10:31:46","guid":{"rendered":"https:\/\/mo-mo.gr\/?post_type=product&#038;p=12964"},"modified":"2025-03-05T11:22:22","modified_gmt":"2025-03-05T09:22:22","slug":"arashiyama-vista-tote-bag","status":"publish","type":"product","link":"https:\/\/mo-mo.gr\/es\/\u03c0\u03c1\u03bf\u03ca\u03cc\u03bd\u03c4\u03b1\/arashiyama-vista-tote-bag\/","title":{"rendered":"Bolsa de viaje Arashiyama Vista"},"content":{"rendered":"<h3><strong>Materiales y dise\u00f1o<\/strong><\/h3>\n<ul>\n<li><strong>Interior:<\/strong> Fabricada en lona acolchada, proporciona estructura y durabilidad, mientras que el bolsillo interior con cremallera garantiza una pr\u00e1ctica organizaci\u00f3n de sus objetos personales.<\/li>\n<li><strong>Exterior:<\/strong>\n<ul>\n<li>En <strong>volver<\/strong> est\u00e1 hecho de lana extremadamente suave, que ofrece una sensaci\u00f3n de lujo al tacto.<\/li>\n<li>\u0397 <strong>parte delantera<\/strong> presenta un lienzo tejido que representa un impresionante paisaje japon\u00e9s en tonos verde azulado y azul, inspirado en la tranquilidad y serenidad de la regi\u00f3n de Arashiyama.<\/li>\n<\/ul>\n<\/li>\n<li><strong>Cierre:<\/strong> Equipada con una cremallera, la bolsa ofrece seguridad y elegancia, por lo que es ideal para el uso diario.<\/li>\n<\/ul>\n<h3><strong>Dimensiones y capacidad<\/strong><\/h3>\n<ul>\n<li><strong>Altura:<\/strong> 44 cm.<\/li>\n<li><strong>Anchura:<\/strong> 62 cm.<\/li>\n<li><strong>Profundidad:<\/strong> 8 cm.<\/li>\n<\/ul>\n<p>Sus grandes dimensiones lo hacen ideal para transportar todos sus enseres diarios, desde documentos y libros hasta objetos personales, sin perder la elegancia.<\/p>\n<p>Descubra el equilibrio perfecto entre funcionalidad y arte con el <strong>Bolsa de viaje Arashiyama Vista<\/strong>y lleve consigo la esencia de Jap\u00f3n all\u00e1 donde vaya.<\/p>","protected":false},"excerpt":{"rendered":"<p>El bolso Tote Arashiyama Vista es una oda a la naturaleza japonesa, que combina lujo, tradici\u00f3n y dise\u00f1o contempor\u00e1neo. Con materiales \u00fanicos y una est\u00e9tica inigualable, este bolso se convertir\u00e1 en tu opci\u00f3n favorita para los looks diarios.<\/p>\n<p>Arashiyama Vista no es s\u00f3lo una bolsa; es una puerta a la belleza de la naturaleza japonesa. El hermoso paisaje que adorna la parte delantera de la bolsa capta la serenidad y la espiritualidad de la regi\u00f3n de Arashiyama, famosa por sus bosques de bamb\u00fa y sus paisajes tradicionales.<\/p>","protected":false},"featured_media":12966,"comment_status":"open","ping_status":"closed","template":"","meta":{"_gspb_post_css":""},"product_brand":[],"product_cat":[76,123],"product_tag":[],"class_list":{"0":"post-12964","1":"product","2":"type-product","3":"status-publish","4":"has-post-thumbnail","6":"product_cat-totes","7":"product_cat-123","9":"first","10":"instock","11":"taxable","12":"shipping-taxable","13":"purchasable","14":"product-type-simple"},"_links":{"self":[{"href":"https:\/\/mo-mo.gr\/es\/wp-json\/wp\/v2\/product\/12964","targetHints":{"allow":["GET"]}}],"collection":[{"href":"https:\/\/mo-mo.gr\/es\/wp-json\/wp\/v2\/product"}],"about":[{"href":"https:\/\/mo-mo.gr\/es\/wp-json\/wp\/v2\/types\/product"}],"replies":[{"embeddable":true,"href":"https:\/\/mo-mo.gr\/es\/wp-json\/wp\/v2\/comments?post=12964"}],"wp:featuredmedia":[{"embeddable":true,"href":"https:\/\/mo-mo.gr\/es\/wp-json\/wp\/v2\/media\/12966"}],"wp:attachment":[{"href":"https:\/\/mo-mo.gr\/es\/wp-json\/wp\/v2\/media?parent=12964"}],"wp:term":[{"taxonomy":"product_brand","embeddable":true,"href":"https:\/\/mo-mo.gr\/es\/wp-json\/wp\/v2\/product_brand?post=12964"},{"taxonomy":"product_cat","embeddable":true,"href":"https:\/\/mo-mo.gr\/es\/wp-json\/wp\/v2\/product_cat?post=12964"},{"taxonomy":"product_tag","embeddable":true,"href":"https:\/\/mo-mo.gr\/es\/wp-json\/wp\/v2\/product_tag?post=12964"}],"curies":[{"name":"wp","href":"https:\/\/api.w.org\/{rel}","templated":true}]}}