{"id":12959,"date":"2025-01-14T12:23:58","date_gmt":"2025-01-14T10:23:58","guid":{"rendered":"https:\/\/mo-mo.gr\/?post_type=product&#038;p=12959"},"modified":"2025-03-05T11:22:13","modified_gmt":"2025-03-05T09:22:13","slug":"akita-no-kizuma-bolso-de-mano","status":"publish","type":"product","link":"https:\/\/mo-mo.gr\/es\/\u03c0\u03c1\u03bf\u03ca\u03cc\u03bd\u03c4\u03b1\/akita-no-kizuma-tote-bag\/","title":{"rendered":"Bolso Akita No Kizuma"},"content":{"rendered":"<p>Con dimensiones <strong>44 cm de alto, 36 cm de ancho y 8 cm de fondo<\/strong>, \u03b7 <strong>Akita no Kizuna<\/strong> ofrece espacio de sobra para tus objetos cotidianos. Tanto si la usas para ir de compras, al trabajo o de paseo, es lo bastante espaciosa para satisfacer todas tus necesidades.<\/p>\n<h3><strong>Practicidad y detalles<\/strong><\/h3>\n<ul>\n<li><strong>Bolsillo interior con cremallera:<\/strong> Ideal para guardar sus objetos peque\u00f1os, como llaves, cartera o tel\u00e9fono m\u00f3vil, garantizando un acceso y organizaci\u00f3n instant\u00e1neos.<\/li>\n<li><strong>Cierre de cremallera:<\/strong> La bolsa se cierra completamente con una resistente cremallera, ofreciendo la m\u00e1xima seguridad para sus objetos.<\/li>\n<li><strong>Durabilidad:<\/strong> La construcci\u00f3n de la bolsa est\u00e1 pensada para el uso diario, manteniendo su funcionalidad y elegancia.<\/li>\n<\/ul>\n<p>El nombre \"Akita no Kizuna\" significa \"Lazo de Akita\" y est\u00e1 dedicado a la conexi\u00f3n \u00fanica que los perros Akita tienen con los humanos, simbolizando la lealtad, la devoci\u00f3n y la armon\u00eda. Los motivos geom\u00e9tricos reflejan la cultura japonesa contempor\u00e1nea, mientras que el uso de tejidos tradicionales conecta el pasado con el presente.<\/p>","protected":false},"excerpt":{"rendered":"<p>Fabricada en lona acolchada de alta calidad con tejido de algod\u00f3n de Kioto, la bolsa desprende una sensaci\u00f3n de lujo y tradici\u00f3n. El dise\u00f1o presenta atrevidas formas geom\u00e9tricas rojas, que combinan armoniosamente con los perros Akita, creando una experiencia visual \u00fanica. El acolchado ofrece textura y profundidad, realzando la durabilidad de la bolsa.<\/p>\n<p>El Akita no Kizuna Tote Bag es m\u00e1s que un bolso: es una obra de arte que combina la tradici\u00f3n japonesa con la est\u00e9tica moderna. Inspirado en los nobles y leales perros Akita, pero con la intensidad de los motivos geom\u00e9tricos, este bolso aporta elegancia y singularidad a cualquier look.\u03c9<\/p>","protected":false},"featured_media":12961,"comment_status":"open","ping_status":"closed","template":"","meta":{"_gspb_post_css":""},"product_brand":[],"product_cat":[76,123],"product_tag":[],"class_list":{"0":"post-12959","1":"product","2":"type-product","3":"status-publish","4":"has-post-thumbnail","6":"product_cat-totes","7":"product_cat-123","8":"pa_-128","9":"pa_-129","11":"first","12":"instock","13":"taxable","14":"shipping-taxable","15":"purchasable","16":"product-type-simple"},"_links":{"self":[{"href":"https:\/\/mo-mo.gr\/es\/wp-json\/wp\/v2\/product\/12959","targetHints":{"allow":["GET"]}}],"collection":[{"href":"https:\/\/mo-mo.gr\/es\/wp-json\/wp\/v2\/product"}],"about":[{"href":"https:\/\/mo-mo.gr\/es\/wp-json\/wp\/v2\/types\/product"}],"replies":[{"embeddable":true,"href":"https:\/\/mo-mo.gr\/es\/wp-json\/wp\/v2\/comments?post=12959"}],"wp:featuredmedia":[{"embeddable":true,"href":"https:\/\/mo-mo.gr\/es\/wp-json\/wp\/v2\/media\/12961"}],"wp:attachment":[{"href":"https:\/\/mo-mo.gr\/es\/wp-json\/wp\/v2\/media?parent=12959"}],"wp:term":[{"taxonomy":"product_brand","embeddable":true,"href":"https:\/\/mo-mo.gr\/es\/wp-json\/wp\/v2\/product_brand?post=12959"},{"taxonomy":"product_cat","embeddable":true,"href":"https:\/\/mo-mo.gr\/es\/wp-json\/wp\/v2\/product_cat?post=12959"},{"taxonomy":"product_tag","embeddable":true,"href":"https:\/\/mo-mo.gr\/es\/wp-json\/wp\/v2\/product_tag?post=12959"}],"curies":[{"name":"wp","href":"https:\/\/api.w.org\/{rel}","templated":true}]}}