{"id":12951,"date":"2025-01-13T22:06:36","date_gmt":"2025-01-13T20:06:36","guid":{"rendered":"https:\/\/mo-mo.gr\/?post_type=product&#038;p=12951"},"modified":"2026-04-02T16:46:02","modified_gmt":"2026-04-02T13:46:02","slug":"bolsa-grande-sakura-neko","status":"publish","type":"product","link":"https:\/\/mo-mo.gr\/es\/\u03c0\u03c1\u03bf\u03ca\u03cc\u03bd\u03c4\u03b1\/sakura-neko-big-tote-bag\/","title":{"rendered":"Bolso grande Sakura Neko"},"content":{"rendered":"","protected":false},"excerpt":{"rendered":"<p>La Sakura Neko Big Tote Bag es una llamativa bolsa de lona negra acolchada hecha a mano que combina elegancia y practicidad. Importado de Kioto, el tejido est\u00e1 adornado con gatos negros, flores de cerezo y delicadas hojas embellecidas con estampados dorados. La base de tela de color carmes\u00ed a\u00f1ade un toque c\u00e1lido y lujoso al aspecto del bolso.<\/p>\n<p>Dise\u00f1ada pensando en la practicidad, tiene dos bolsillos interiores: uno con cremallera para guardar objetos peque\u00f1os de forma segura y otro abierto para un acceso r\u00e1pido. La parte principal de la bolsa se cierra totalmente con una cremallera, manteniendo protegidos tus objetos personales.<\/p>\n<p>Con su dise\u00f1o \u00fanico y sus c\u00f3modas dimensiones, el bolso acolchado Sakura Neko es ideal para el d\u00eda a d\u00eda o para ocasiones especiales, ya que ofrece una forma sofisticada de expresar su amor por la est\u00e9tica japonesa.<\/p>\n<p>&nbsp;<\/p>\n<p>&nbsp;<\/p>","protected":false},"featured_media":12952,"comment_status":"open","ping_status":"closed","template":"","meta":{"_gspb_post_css":""},"product_brand":[],"product_cat":[74,76,123,65],"product_tag":[],"class_list":{"0":"post-12951","1":"product","2":"type-product","3":"status-publish","4":"has-post-thumbnail","6":"product_cat-new","7":"product_cat-totes","8":"product_cat-123","9":"product_cat-65","11":"first","12":"outofstock","13":"taxable","14":"shipping-taxable","15":"purchasable","16":"product-type-simple"},"_links":{"self":[{"href":"https:\/\/mo-mo.gr\/es\/wp-json\/wp\/v2\/product\/12951","targetHints":{"allow":["GET"]}}],"collection":[{"href":"https:\/\/mo-mo.gr\/es\/wp-json\/wp\/v2\/product"}],"about":[{"href":"https:\/\/mo-mo.gr\/es\/wp-json\/wp\/v2\/types\/product"}],"replies":[{"embeddable":true,"href":"https:\/\/mo-mo.gr\/es\/wp-json\/wp\/v2\/comments?post=12951"}],"wp:featuredmedia":[{"embeddable":true,"href":"https:\/\/mo-mo.gr\/es\/wp-json\/wp\/v2\/media\/12952"}],"wp:attachment":[{"href":"https:\/\/mo-mo.gr\/es\/wp-json\/wp\/v2\/media?parent=12951"}],"wp:term":[{"taxonomy":"product_brand","embeddable":true,"href":"https:\/\/mo-mo.gr\/es\/wp-json\/wp\/v2\/product_brand?post=12951"},{"taxonomy":"product_cat","embeddable":true,"href":"https:\/\/mo-mo.gr\/es\/wp-json\/wp\/v2\/product_cat?post=12951"},{"taxonomy":"product_tag","embeddable":true,"href":"https:\/\/mo-mo.gr\/es\/wp-json\/wp\/v2\/product_tag?post=12951"}],"curies":[{"name":"wp","href":"https:\/\/api.w.org\/{rel}","templated":true}]}}