{"id":12756,"date":"2024-12-14T13:36:03","date_gmt":"2024-12-14T13:36:03","guid":{"rendered":"https:\/\/mo-mo.gr\/?post_type=product&#038;p=12756"},"modified":"2026-03-19T13:54:54","modified_gmt":"2026-03-19T11:54:54","slug":"kimono-hanten-ryu-no-yugure","status":"publish","type":"product","link":"https:\/\/mo-mo.gr\/es\/\u03c0\u03c1\u03bf\u03ca\u03cc\u03bd\u03c4\u03b1\/kimono-hanten-ryu-no-yugure\/","title":{"rendered":"Kimono Hanten Ryu no Yugure"},"content":{"rendered":"","protected":false},"excerpt":{"rendered":"<p>\"Yoru no Tora\" (El Tigre de la Noche) es un impresionante kimono hanten que destila poder, misterio y elegancia. Confeccionado con tejido de alta calidad en color negro, ofrece un aspecto sofisticado y atemporal, perfecto para cualquier ocasi\u00f3n.<\/p>\n<p>Su reverso est\u00e1 adornado con un dise\u00f1o \u00fanico que representa a un tigre con movimientos din\u00e1micos, s\u00edmbolo de valent\u00eda y protecci\u00f3n en la tradici\u00f3n japonesa. El estampado, con detalles en tonos dorados y blancos, crea un cautivador contraste con el fondo negro, mientras que motivos tradicionales como ondas y elementos geom\u00e9tricos complementan el dise\u00f1o.<\/p>\n<p>El hanten \"Yoru no Tora\" es la elecci\u00f3n perfecta para quienes desean a\u00f1adir un toque de lujo y est\u00e9tica tradicional japonesa a su vestuario. Tanto si se lleva como prenda de diario como para ocasiones especiales, es un s\u00edmbolo de elegancia y estilo distintivo.<\/p>","protected":false},"featured_media":12768,"comment_status":"open","ping_status":"closed","template":"","meta":{"_gspb_post_css":""},"product_brand":[],"product_cat":[117,74,66],"product_tag":[41,56],"class_list":{"0":"post-12756","1":"product","2":"type-product","3":"status-publish","4":"has-post-thumbnail","6":"product_cat-hanten","7":"product_cat-new","8":"product_cat-66","9":"product_tag-mens-kimonos","10":"product_tag-womans-kimonos","11":"pa_-large","12":"pa_-medium","13":"pa_-small","14":"pa_-xtra-large","15":"pa_-xtra-small","16":"pa_-xxl","18":"first","19":"outofstock","20":"taxable","21":"shipping-taxable","22":"purchasable","23":"product-type-variable"},"_links":{"self":[{"href":"https:\/\/mo-mo.gr\/es\/wp-json\/wp\/v2\/product\/12756","targetHints":{"allow":["GET"]}}],"collection":[{"href":"https:\/\/mo-mo.gr\/es\/wp-json\/wp\/v2\/product"}],"about":[{"href":"https:\/\/mo-mo.gr\/es\/wp-json\/wp\/v2\/types\/product"}],"replies":[{"embeddable":true,"href":"https:\/\/mo-mo.gr\/es\/wp-json\/wp\/v2\/comments?post=12756"}],"wp:featuredmedia":[{"embeddable":true,"href":"https:\/\/mo-mo.gr\/es\/wp-json\/wp\/v2\/media\/12768"}],"wp:attachment":[{"href":"https:\/\/mo-mo.gr\/es\/wp-json\/wp\/v2\/media?parent=12756"}],"wp:term":[{"taxonomy":"product_brand","embeddable":true,"href":"https:\/\/mo-mo.gr\/es\/wp-json\/wp\/v2\/product_brand?post=12756"},{"taxonomy":"product_cat","embeddable":true,"href":"https:\/\/mo-mo.gr\/es\/wp-json\/wp\/v2\/product_cat?post=12756"},{"taxonomy":"product_tag","embeddable":true,"href":"https:\/\/mo-mo.gr\/es\/wp-json\/wp\/v2\/product_tag?post=12756"}],"curies":[{"name":"wp","href":"https:\/\/api.w.org\/{rel}","templated":true}]}}