{"id":11497,"date":"2024-12-05T14:15:18","date_gmt":"2024-12-05T14:15:18","guid":{"rendered":"https:\/\/mo-mo.gr\/product\/hanten-tateshizuku-indigo\/"},"modified":"2026-03-19T14:00:47","modified_gmt":"2026-03-19T12:00:47","slug":"hanten-tateshizuku-indigo","status":"publish","type":"product","link":"https:\/\/mo-mo.gr\/es\/\u03c0\u03c1\u03bf\u03ca\u03cc\u03bd\u03c4\u03b1\/hanten-tateshizuku-indigo\/","title":{"rendered":"Hanten Tateshizuku \u00cdndigo"},"content":{"rendered":"","protected":false},"excerpt":{"rendered":"<p>Descubra Hanten Tateshizuku Indigo, una pieza \u00fanica hecha a mano que encarna la esencia de la tradici\u00f3n y la est\u00e9tica japonesas. Con su elegante corte y su distintivo estampado Tateshizuku, esta prenda unisex personifica la sencillez japonesa atemporal.<\/p>\n<p>El hanten es un abrigo corto que se remonta al periodo Edo (1603-1868) en Jap\u00f3n, cuando la vestimenta cotidiana reflejaba practicidad y elegancia. Durante este periodo, el hanten lo llevaban personas de todas las clases sociales, proporcion\u00e1ndoles calor y protecci\u00f3n en los d\u00edas fr\u00edos.<\/p>\n<p>Hanten Tateshizuku Indigo est\u00e1 confeccionado con tejido de algod\u00f3n de alta calidad, te\u00f1ido con tinte \u00edndigo natural, que le confiere una profundidad y textura \u00fanicas. El estampado Tateshizuku -gotas en disposici\u00f3n vertical- alude a la armon\u00eda y el flujo de la naturaleza, caracter\u00edsticas que se encuentran en el n\u00facleo de la est\u00e9tica japonesa.<\/p>\n<p>Este abrigo es ideal para llevar a capas y puede lucirse tanto con looks informales como m\u00e1s sofisticados, a\u00f1adiendo un aire de aut\u00e9ntica tradici\u00f3n a tu vestuario moderno.<\/p>\n<p>Caracter\u00edsticas del producto:<br \/>\n- Construcci\u00f3n artesanal<br \/>\n- Dise\u00f1o unisex<br \/>\n- Tinte \u00edndigo natural<br \/>\n- Inspirado en el periodo Edo<br \/>\n- Ideal para capas informales o formales<\/p>\n<p>Consigue el Hanten Tateshizuku Indig* e incorpora la autenticidad y la armon\u00eda de la cultura japonesa a tu estilo.<\/p>","protected":false},"featured_media":12608,"comment_status":"open","ping_status":"closed","template":"","meta":{"_gspb_post_css":""},"product_brand":[],"product_cat":[117,66],"product_tag":[41,56],"class_list":{"0":"post-11497","1":"product","2":"type-product","3":"status-publish","4":"has-post-thumbnail","6":"product_cat-hanten","7":"product_cat-66","8":"product_tag-mens-kimonos","9":"product_tag-womans-kimonos","10":"pa_-large","11":"pa_-medium","12":"pa_-small","13":"pa_-xtra-large","14":"pa_-xtra-small","15":"pa_-xxl","16":"pa_-100-","17":"pa_-79","19":"first","20":"outofstock","21":"taxable","22":"shipping-taxable","23":"purchasable","24":"product-type-variable"},"_links":{"self":[{"href":"https:\/\/mo-mo.gr\/es\/wp-json\/wp\/v2\/product\/11497","targetHints":{"allow":["GET"]}}],"collection":[{"href":"https:\/\/mo-mo.gr\/es\/wp-json\/wp\/v2\/product"}],"about":[{"href":"https:\/\/mo-mo.gr\/es\/wp-json\/wp\/v2\/types\/product"}],"replies":[{"embeddable":true,"href":"https:\/\/mo-mo.gr\/es\/wp-json\/wp\/v2\/comments?post=11497"}],"wp:featuredmedia":[{"embeddable":true,"href":"https:\/\/mo-mo.gr\/es\/wp-json\/wp\/v2\/media\/12608"}],"wp:attachment":[{"href":"https:\/\/mo-mo.gr\/es\/wp-json\/wp\/v2\/media?parent=11497"}],"wp:term":[{"taxonomy":"product_brand","embeddable":true,"href":"https:\/\/mo-mo.gr\/es\/wp-json\/wp\/v2\/product_brand?post=11497"},{"taxonomy":"product_cat","embeddable":true,"href":"https:\/\/mo-mo.gr\/es\/wp-json\/wp\/v2\/product_cat?post=11497"},{"taxonomy":"product_tag","embeddable":true,"href":"https:\/\/mo-mo.gr\/es\/wp-json\/wp\/v2\/product_tag?post=11497"}],"curies":[{"name":"wp","href":"https:\/\/api.w.org\/{rel}","templated":true}]}}