{"id":11450,"date":"2024-11-28T15:14:01","date_gmt":"2024-11-28T15:14:01","guid":{"rendered":"https:\/\/mo-mo.gr\/product\/%ce%b2%ce%b5%ce%bd%cf%84%ce%ac%ce%bb%ce%b9%ce%b1-umi-no-takami-sensu\/"},"modified":"2025-12-09T15:44:16","modified_gmt":"2025-12-09T13:44:16","slug":"%ce%b2%ce%b5%ce%bd%cf%84%ce%ac%ce%bb%ce%b9%ce%b1-umi-no-takami-sensu","status":"publish","type":"product","link":"https:\/\/mo-mo.gr\/es\/\u03c0\u03c1\u03bf\u03ca\u03cc\u03bd\u03c4\u03b1\/%ce%b2%ce%b5%ce%bd%cf%84%ce%ac%ce%bb%ce%b9%ce%b1-umi-no-takami-sensu\/","title":{"rendered":"Fan Umi no Takami Sensu"},"content":{"rendered":"","protected":false},"excerpt":{"rendered":"<p>Inspirado en la famosa obra de Hokusai \"La gran ola de Kanagawa\", este abanico captura el poder y la belleza del mar japon\u00e9s. Fabricado en bamb\u00fa de alta calidad, ofrece durabilidad y una ligereza \u00fanica, mientras que su superficie est\u00e1 adornada con la llamativa ola que emerge en vibrantes colores azul y blanco.<\/p>\n<p>El dise\u00f1o destila sensaci\u00f3n de movimiento y energ\u00eda, rindiendo homenaje a la naturaleza y el arte de Jap\u00f3n. Es un abanico a la vez funcional y decorativo, ideal para los d\u00edas c\u00e1lidos o como elegante accesorio que trae al presente la est\u00e9tica de la tradici\u00f3n.<\/p>\n<p>La altura de la Ventalia es de 21 cm.<\/p>\n<p>Pieza imprescindible para los amantes de la cultura y el arte japoneses, **Umi no Takami** es un s\u00edmbolo del v\u00ednculo intemporal entre la naturaleza y la creaci\u00f3n humana.<\/p>","protected":false},"featured_media":12589,"comment_status":"open","ping_status":"closed","template":"","meta":{"_gspb_post_css":""},"product_brand":[],"product_cat":[74,71],"product_tag":[],"class_list":{"0":"post-11450","1":"product","2":"type-product","3":"status-publish","4":"has-post-thumbnail","6":"product_cat-new","7":"product_cat-71","9":"first","10":"outofstock","11":"taxable","12":"shipping-taxable","13":"purchasable","14":"product-type-simple"},"_links":{"self":[{"href":"https:\/\/mo-mo.gr\/es\/wp-json\/wp\/v2\/product\/11450","targetHints":{"allow":["GET"]}}],"collection":[{"href":"https:\/\/mo-mo.gr\/es\/wp-json\/wp\/v2\/product"}],"about":[{"href":"https:\/\/mo-mo.gr\/es\/wp-json\/wp\/v2\/types\/product"}],"replies":[{"embeddable":true,"href":"https:\/\/mo-mo.gr\/es\/wp-json\/wp\/v2\/comments?post=11450"}],"wp:featuredmedia":[{"embeddable":true,"href":"https:\/\/mo-mo.gr\/es\/wp-json\/wp\/v2\/media\/12589"}],"wp:attachment":[{"href":"https:\/\/mo-mo.gr\/es\/wp-json\/wp\/v2\/media?parent=11450"}],"wp:term":[{"taxonomy":"product_brand","embeddable":true,"href":"https:\/\/mo-mo.gr\/es\/wp-json\/wp\/v2\/product_brand?post=11450"},{"taxonomy":"product_cat","embeddable":true,"href":"https:\/\/mo-mo.gr\/es\/wp-json\/wp\/v2\/product_cat?post=11450"},{"taxonomy":"product_tag","embeddable":true,"href":"https:\/\/mo-mo.gr\/es\/wp-json\/wp\/v2\/product_tag?post=11450"}],"curies":[{"name":"wp","href":"https:\/\/api.w.org\/{rel}","templated":true}]}}